{"id":43408,"date":"2025-08-12T11:33:00","date_gmt":"2025-08-12T08:33:00","guid":{"rendered":"https:\/\/gradinar.ro\/produs\/jardiniere-din-teracota-primula-23-cm\/"},"modified":"2025-08-12T13:24:27","modified_gmt":"2025-08-12T10:24:27","slug":"jardiniere-din-teracota-primula-23-cm","status":"publish","type":"product","link":"https:\/\/gradinar.ro\/en\/produs\/jardiniere-din-teracota-primula-23-cm\/","title":{"rendered":"Jardiniere din teracot\u0103 Primula 23 cm"},"content":{"rendered":"<p>Jardiniera din teracot\u0103 Primula de 23 cm este alegerea perfect\u0103 pentru decorarea mediilor interioare \u0219i exterioare cu plante \u0219i flori \u00eenc\u00e2nt\u0103toare. Fabricat\u0103 din teracot\u0103 de \u00eenalt\u0103 calitate, aceast\u0103 jardiniere este rezistent\u0103 la elementele exterioare \u0219i va conferi un aspect elegant oric\u0103rui spa\u021biu. Cu dimensiunea sa ideal\u0103 de 23 cm, poate g\u0103zdui diverse plante decorative, transform\u00e2ndu-le \u00een puncte focale atr\u0103g\u0103toare. Ofer\u0103 un ansamblu armonios \u0219i rafinat \u00een orice decor, indiferent de stilul ales.<\/p>\n","protected":false},"excerpt":{"rendered":"<p>Jardiniera din teracot\u0103 Primula de 23 cm este alegerea perfect\u0103 pentru decorarea mediilor interioare \u0219i exterioare cu plante \u0219i flori \u00eenc\u00e2nt\u0103toare. Fabricat\u0103 din teracot\u0103 de \u00eenalt\u0103 calitate, aceast\u0103 jardiniere este rezistent\u0103 la elementele exterioare \u0219i va conferi un aspect elegant oric\u0103rui spa\u021biu. Cu dimensiunea sa ideal\u0103 de 23 cm, poate g\u0103zdui diverse plante decorative, transform\u00e2ndu-le [&#8230;]<\/p>\n<p><a class=\"btn btn-secondary understrap-read-more-link\" href=\"https:\/\/gradinar.ro\/en\/produs\/jardiniere-din-teracota-primula-23-cm\/\">Mai mult&#8230;<\/a><\/p>\n","protected":false},"featured_media":43406,"template":"","meta":[],"etheme_brands":[],"product_brand":[477],"product_cat":[286,308],"product_tag":[],"class_list":{"0":"post-43408","1":"product","2":"type-product","3":"status-publish","4":"has-post-thumbnail","6":"product_brand-anticomestiere","7":"product_cat-ghivece-masti","8":"product_cat-jardiniere","10":"first","11":"instock","12":"taxable","13":"shipping-taxable","14":"purchasable","15":"product-type-simple"},"_links":{"self":[{"href":"https:\/\/gradinar.ro\/en\/wp-json\/wp\/v2\/product\/43408","targetHints":{"allow":["GET"]}}],"collection":[{"href":"https:\/\/gradinar.ro\/en\/wp-json\/wp\/v2\/product"}],"about":[{"href":"https:\/\/gradinar.ro\/en\/wp-json\/wp\/v2\/types\/product"}],"wp:featuredmedia":[{"embeddable":true,"href":"https:\/\/gradinar.ro\/en\/wp-json\/wp\/v2\/media\/43406"}],"wp:attachment":[{"href":"https:\/\/gradinar.ro\/en\/wp-json\/wp\/v2\/media?parent=43408"}],"wp:term":[{"taxonomy":"brand","embeddable":true,"href":"https:\/\/gradinar.ro\/en\/wp-json\/wp\/v2\/etheme_brands?post=43408"},{"taxonomy":"product_brand","embeddable":true,"href":"https:\/\/gradinar.ro\/en\/wp-json\/wp\/v2\/product_brand?post=43408"},{"taxonomy":"product_cat","embeddable":true,"href":"https:\/\/gradinar.ro\/en\/wp-json\/wp\/v2\/product_cat?post=43408"},{"taxonomy":"product_tag","embeddable":true,"href":"https:\/\/gradinar.ro\/en\/wp-json\/wp\/v2\/product_tag?post=43408"}],"curies":[{"name":"wp","href":"https:\/\/api.w.org\/{rel}","templated":true}]}}