{"id":43414,"date":"2025-08-12T11:33:00","date_gmt":"2025-08-12T08:33:00","guid":{"rendered":"https:\/\/gradinar.ro\/produs\/jardiniera-din-teracota-primula-trio-40-cm\/"},"modified":"2025-08-12T13:24:34","modified_gmt":"2025-08-12T10:24:34","slug":"jardiniera-din-teracota-primula-trio-40-cm","status":"publish","type":"product","link":"https:\/\/gradinar.ro\/en\/produs\/jardiniera-din-teracota-primula-trio-40-cm\/","title":{"rendered":"Jardiniera din teracota Primula trio 40 cm"},"content":{"rendered":"<p>O solu\u021bie elegant\u0103 pentru a-\u021bi decora gr\u0103dina sau terasa, jardiniera din teracota Primula trio de 40 cm beneficiaz\u0103 de un design clasic \u0219i robust. Fabricat\u0103 din materiale durabile, aceast\u0103 jardinier\u0103 adaug\u0103 un element natural \u0219i rafinat spa\u021biului t\u0103u exterior. Cu dimensiunile sale generoase, reprezint\u0103 alegerea perfect\u0103 pentru plantele preferate, aduc\u00e2nd un plus de elegan\u021b\u0103 \u0219i armonie \u00een mediul \u00eenconjur\u0103tor. Opteaz\u0103 pentru aceast\u0103 jardinier\u0103 de \u00eenalt\u0103 calitate \u0219i transform\u0103-\u021bi gr\u0103dina \u00eentr-un col\u021b de vis!<\/p>\n","protected":false},"excerpt":{"rendered":"<p>O solu\u021bie elegant\u0103 pentru a-\u021bi decora gr\u0103dina sau terasa, jardiniera din teracota Primula trio de 40 cm beneficiaz\u0103 de un design clasic \u0219i robust. Fabricat\u0103 din materiale durabile, aceast\u0103 jardinier\u0103 adaug\u0103 un element natural \u0219i rafinat spa\u021biului t\u0103u exterior. Cu dimensiunile sale generoase, reprezint\u0103 alegerea perfect\u0103 pentru plantele preferate, aduc\u00e2nd un plus de elegan\u021b\u0103 \u0219i [&#8230;]<\/p>\n<p><a class=\"btn btn-secondary understrap-read-more-link\" href=\"https:\/\/gradinar.ro\/en\/produs\/jardiniera-din-teracota-primula-trio-40-cm\/\">Mai mult&#8230;<\/a><\/p>\n","protected":false},"featured_media":43412,"template":"","meta":[],"etheme_brands":[],"product_brand":[477],"product_cat":[286,308],"product_tag":[],"class_list":{"0":"post-43414","1":"product","2":"type-product","3":"status-publish","4":"has-post-thumbnail","6":"product_brand-anticomestiere","7":"product_cat-ghivece-masti","8":"product_cat-jardiniere","10":"first","11":"instock","12":"taxable","13":"shipping-taxable","14":"purchasable","15":"product-type-simple"},"_links":{"self":[{"href":"https:\/\/gradinar.ro\/en\/wp-json\/wp\/v2\/product\/43414","targetHints":{"allow":["GET"]}}],"collection":[{"href":"https:\/\/gradinar.ro\/en\/wp-json\/wp\/v2\/product"}],"about":[{"href":"https:\/\/gradinar.ro\/en\/wp-json\/wp\/v2\/types\/product"}],"wp:featuredmedia":[{"embeddable":true,"href":"https:\/\/gradinar.ro\/en\/wp-json\/wp\/v2\/media\/43412"}],"wp:attachment":[{"href":"https:\/\/gradinar.ro\/en\/wp-json\/wp\/v2\/media?parent=43414"}],"wp:term":[{"taxonomy":"brand","embeddable":true,"href":"https:\/\/gradinar.ro\/en\/wp-json\/wp\/v2\/etheme_brands?post=43414"},{"taxonomy":"product_brand","embeddable":true,"href":"https:\/\/gradinar.ro\/en\/wp-json\/wp\/v2\/product_brand?post=43414"},{"taxonomy":"product_cat","embeddable":true,"href":"https:\/\/gradinar.ro\/en\/wp-json\/wp\/v2\/product_cat?post=43414"},{"taxonomy":"product_tag","embeddable":true,"href":"https:\/\/gradinar.ro\/en\/wp-json\/wp\/v2\/product_tag?post=43414"}],"curies":[{"name":"wp","href":"https:\/\/api.w.org\/{rel}","templated":true}]}}