{"id":43417,"date":"2025-08-12T11:33:00","date_gmt":"2025-08-12T08:33:00","guid":{"rendered":"https:\/\/gradinar.ro\/produs\/jardiniera-din-teracota-primula\/"},"modified":"2025-08-12T13:24:36","modified_gmt":"2025-08-12T10:24:36","slug":"jardiniera-din-teracota-primula","status":"publish","type":"product","link":"https:\/\/gradinar.ro\/en\/produs\/jardiniera-din-teracota-primula\/","title":{"rendered":"Jardiniera din teracota Primula"},"content":{"rendered":"<p>Jardiniera din teracota Primula este o pies\u0103 deosebit\u0103 ce aduce un farmec rustic oric\u0103rui spa\u021biu verde. Realizat\u0103 manual din teracot\u0103 de \u00eenalt\u0103 calitate, aceast\u0103 jardinier\u0103 este durabil\u0103 \u0219i rezistent\u0103 \u00een timp. Designul s\u0103u simplu, dar elegant, o face potrivit\u0103 at\u00e2t pentru plante cu flori, c\u00e2t \u0219i pentru plante suculente. Ad\u0103uga\u021bi un strop de natur\u0103 \u00een locuin\u021ba dvs. cu aceast\u0103 jardinier\u0103 frumoas\u0103 \u0219i func\u021bional\u0103.<\/p>\n","protected":false},"excerpt":{"rendered":"<p>Jardiniera din teracota Primula este o pies\u0103 deosebit\u0103 ce aduce un farmec rustic oric\u0103rui spa\u021biu verde. Realizat\u0103 manual din teracot\u0103 de \u00eenalt\u0103 calitate, aceast\u0103 jardinier\u0103 este durabil\u0103 \u0219i rezistent\u0103 \u00een timp. Designul s\u0103u simplu, dar elegant, o face potrivit\u0103 at\u00e2t pentru plante cu flori, c\u00e2t \u0219i pentru plante suculente. Ad\u0103uga\u021bi un strop de natur\u0103 \u00een [&#8230;]<\/p>\n<p><a class=\"btn btn-secondary understrap-read-more-link\" href=\"https:\/\/gradinar.ro\/en\/produs\/jardiniera-din-teracota-primula\/\">Mai mult&#8230;<\/a><\/p>\n","protected":false},"featured_media":43415,"template":"","meta":[],"etheme_brands":[],"product_brand":[477],"product_cat":[286,308],"product_tag":[],"class_list":{"0":"post-43417","1":"product","2":"type-product","3":"status-publish","4":"has-post-thumbnail","6":"product_brand-anticomestiere","7":"product_cat-ghivece-masti","8":"product_cat-jardiniere","10":"first","11":"instock","12":"taxable","13":"shipping-taxable","14":"purchasable","15":"product-type-simple"},"_links":{"self":[{"href":"https:\/\/gradinar.ro\/en\/wp-json\/wp\/v2\/product\/43417","targetHints":{"allow":["GET"]}}],"collection":[{"href":"https:\/\/gradinar.ro\/en\/wp-json\/wp\/v2\/product"}],"about":[{"href":"https:\/\/gradinar.ro\/en\/wp-json\/wp\/v2\/types\/product"}],"wp:featuredmedia":[{"embeddable":true,"href":"https:\/\/gradinar.ro\/en\/wp-json\/wp\/v2\/media\/43415"}],"wp:attachment":[{"href":"https:\/\/gradinar.ro\/en\/wp-json\/wp\/v2\/media?parent=43417"}],"wp:term":[{"taxonomy":"brand","embeddable":true,"href":"https:\/\/gradinar.ro\/en\/wp-json\/wp\/v2\/etheme_brands?post=43417"},{"taxonomy":"product_brand","embeddable":true,"href":"https:\/\/gradinar.ro\/en\/wp-json\/wp\/v2\/product_brand?post=43417"},{"taxonomy":"product_cat","embeddable":true,"href":"https:\/\/gradinar.ro\/en\/wp-json\/wp\/v2\/product_cat?post=43417"},{"taxonomy":"product_tag","embeddable":true,"href":"https:\/\/gradinar.ro\/en\/wp-json\/wp\/v2\/product_tag?post=43417"}],"curies":[{"name":"wp","href":"https:\/\/api.w.org\/{rel}","templated":true}]}}