{"id":43462,"date":"2025-08-12T11:35:00","date_gmt":"2025-08-12T08:35:00","guid":{"rendered":"https:\/\/gradinar.ro\/produs\/substrat-natural-dr-soil-pentru-insamantare-la-punga-de-1l\/"},"modified":"2026-03-31T07:32:50","modified_gmt":"2026-03-31T04:32:50","slug":"substrat-natural-dr-soil-pentru-insamantare-la-punga-de-1l","status":"publish","type":"product","link":"https:\/\/gradinar.ro\/en\/produs\/substrat-natural-dr-soil-pentru-insamantare-la-punga-de-1l\/","title":{"rendered":"Substrat natural Dr.Soil pentru insamantare la punga de 1L"},"content":{"rendered":"<p>Un substrat complet, pre-fertilizat, conceput special pentru semin\u021be \u0219i r\u0103saduri \u00een cea mai critic\u0103 \u0219i solicitant\u0103 etap\u0103 a ciclului de via\u021b\u0103 al plantelor \u2014 combin\u00e2nd turb\u0103, humus de viermi, humus din scoar\u021b\u0103 de pin mediteranean, compost din legume verzi \u0219i materie organic\u0103 pentru a asigura un schimb optim de gaze, umiditate suficient\u0103, un drenaj foarte bun \u0219i o nutri\u021bie natural\u0103 delicat\u0103 care sus\u021bine dezvoltarea timpurie durabil\u0103. Pre-fertilizat pentru o perioad\u0103 de p\u00e2n\u0103 la 6 luni.<\/p>\n<hr>\n<h3>Ingrediente \u0219i rolurile lor<\/h3>\n<p>Germinarea \u0219i stabilizarea timpurie impun cerin\u021be asupra substratului care sunt adesea \u00een conflict direct: mediul trebuie s\u0103 fie suficient de umed pentru ca semin\u021bele s\u0103 germineze, dar suficient de drenant pentru a preveni putrezirea; suficient de bogat din punct de vedere nutri\u021bional pentru a sus\u021bine r\u0103sadul dup\u0103 germinare, dar nu at\u00e2t de bogat \u00eenc\u00e2t s\u0103 ard\u0103 primele r\u0103d\u0103cini delicate; suficient de fin pentru a permite contactul str\u00e2ns cu semin\u021bele, dar suficient de poros pentru schimbul de gaze. Substratul Dr.Soil pentru \u00eens\u0103m\u00e2n\u021bare \u0219i plantare rezolv\u0103 toate aceste tensiuni prin sinergia a cinci componente:<\/p>\n<ul>\n<li><strong>Turba<\/strong> \u2014 baza umidit\u0103\u021bii \u0219i a structurii. Structura fibroas\u0103 a turbei men\u021bine umiditatea constant\u0103 \u0219i uniform\u0103 de care au nevoie semin\u021bele \u00een germinare \u2014 asigur\u00e2nd c\u0103 \u00eenveli\u0219ul semin\u021belor r\u0103m\u00e2ne hidratat pe tot parcursul procesului de germinare, r\u0103m\u00e2n\u00e2nd \u00een acela\u0219i timp suficient de aerat pentru a permite schimbul de oxigen care stimuleaz\u0103 metabolismul germin\u0103rii. Textura fin\u0103 \u0219i uniform\u0103 a turbei creeaz\u0103 un contact excelent \u00eentre semin\u021be \u0219i substrat, cerin\u021ba fizic\u0103 pentru o germinare fiabil\u0103.<\/li>\n<li><strong>Excremente de viermi (biohumus)<\/strong> \u2014 suport biologic pentru germinare \u0219i nutri\u021bie timpurie. Contribu\u021bia excrementelor de viermi la un substrat de \u00eens\u0103m\u00e2n\u021bare dep\u0103\u0219e\u0219te simpla nutri\u021bie. Hormonii de cre\u0219tere a plantelor (auxine, gibereline, citokinine) prezen\u021bi \u00een excremente stimuleaz\u0103 direct rata de germinare \u0219i viteza de apari\u021bie ini\u021bial\u0103 a r\u0103d\u0103cinilor. Auxinele, \u00een special, declan\u0219eaz\u0103 ini\u021bierea r\u0103d\u0103cinii \u00een radicula \u00een germinare, acceler\u00e2nd semnificativ stabilirea. Nutri\u021bia bl\u00e2nd\u0103, cu eliberare lent\u0103, prin matricea de mucus, furnizeaz\u0103 primele substan\u021be nutritive cu care r\u0103sadul intr\u0103 \u00een contact dup\u0103 germinare, f\u0103r\u0103 niciun risc de arsur\u0103 a r\u0103d\u0103cinii.<\/li>\n<li><strong>Humus din scoar\u021b\u0103 de pin mediteranean<\/strong> \u2014 drenaj, schimb de gaze \u0219i protec\u021bie \u00eempotriva putregaiului. Frac\u021biunea fin\u0103 de scoar\u021b\u0103 de pin creeaz\u0103 canalele de drenaj \u0219i spa\u021biile interparticulare care men\u021bin disponibilitatea oxigenului \u00een substrat pe tot parcursul procesului de germinare \u0219i \u00eenr\u0103d\u0103cinare \u2014 \u201eschimbul optim de gaze\u201d pe care formula \u00eel vizeaz\u0103 \u00een mod specific. Taninurile sale ofer\u0103 protec\u021bie natural\u0103 \u00eempotriva <em>Pythium<\/em> \u0219i <em>Rhizoctonia<\/em> \u2014 ciupercile din sol responsabile de putrezirea r\u0103sadurilor, care este cauza principal\u0103 a mor\u021bii r\u0103sadurilor \u00een medii de germinare cu umiditate ridicat\u0103.<\/li>\n<li><strong>Compostul vegetal verde<\/strong> \u2014 diversitate biologic\u0103 \u0219i fertilitate sus\u021binut\u0103. Frac\u021biunea de compost introduce \u0219i men\u021bine diversitatea microbian\u0103 care sus\u021bine s\u0103n\u0103tatea pe termen lung a r\u0103sadurilor \u2014 comunitatea biologic\u0103 care proceseaz\u0103 materia organic\u0103, creeaz\u0103 condi\u021bii de sol care suprim\u0103 bolile \u0219i sus\u021bine dezvoltarea r\u0103d\u0103cinilor dincolo de etapa ini\u021bial\u0103 de germinare. De asemenea, contribuie la structura humic\u0103 care men\u021bine calitatea fizic\u0103 a substratului pe parcursul s\u0103pt\u0103m\u00e2nilor de dezvoltare a r\u0103sadurilor.<\/li>\n<li><strong>Materie organic\u0103<\/strong> \u2014 stabilitate structural\u0103 \u0219i continuitate biologic\u0103. Frac\u021biunea de materie organic\u0103 ofer\u0103 structura de carbon care sus\u021bine activitatea microbian\u0103 pe parcursul \u00eentregii perioade de 6 luni de pre-fertilizare, asigur\u00e2nd c\u0103 substratul continu\u0103 s\u0103 func\u021bioneze biologic pe m\u0103sur\u0103 ce r\u0103sadul se dezvolt\u0103 \u00eentr-o plant\u0103 stabil\u0103.<\/li>\n<\/ul>\n<hr>\n<h3>Conceput pentru: semin\u021be \u0219i r\u0103saduri<\/h3>\n<p>Substratul Dr.Soil pentru \u00eens\u0103m\u00e2n\u021bare \u0219i plantare este formulat pentru toate semin\u021bele \u0219i r\u0103sadurile din toate speciile \u2014 <strong>legume<\/strong> (ro\u0219ii, ardei, dovlecei, fasole, maz\u0103re, brassicacee, legume r\u0103d\u0103cinoase), <strong>flori<\/strong> (plante de gr\u0103din\u0103 anuale \u0219i perene, plante perene rezistente), <strong>ierburi<\/strong> (toate speciile culinare \u0219i aromatice din semin\u021be), <strong>arbori \u0219i arbu\u0219ti<\/strong> (din semin\u021be sau transplant cu r\u0103d\u0103cin\u0103 goal\u0103) \u0219i orice plant\u0103 \u00een stadiul de germinare sau de \u00eenr\u0103d\u0103cinare timpurie.<\/p>\n<h4>Nevoile specifice ale semin\u021belor \u0219i r\u0103sadurilor<\/h4>\n<p>Etapa de germinare \u0219i dezvoltare ini\u021bial\u0103 este cea mai critic\u0103 \u0219i cea mai fragil\u0103 din \u00eentregul ciclu de via\u021b\u0103 al plantei. Cerin\u021bele substratului \u00een aceast\u0103 etap\u0103 sunt precise \u0219i neiert\u0103toare:<\/p>\n<ul>\n<li><strong>Schimb optim de gaze pentru a stimula hr\u0103nirea<\/strong> \u2014 germinarea este un proces metabolic intens care necesit\u0103 un schimb continuu de oxigen la suprafa\u021ba semin\u021bei. Un substrat care se compacteaz\u0103, se \u00eembib\u0103 cu ap\u0103 sau exclude aerul din zona de germinare suprim\u0103 ratele de germinare \u0219i \u00eent\u00e2rzie r\u0103s\u0103rirea. Substratul trebuie s\u0103 men\u021bin\u0103 o structur\u0103 deschis\u0103 \u0219i un schimb liber de gaze chiar \u0219i atunci c\u00e2nd este saturat cu umiditatea necesar\u0103 germin\u0103rii.<\/li>\n<li><strong>Ap\u0103 suficient\u0103 disponibil\u0103 pentru s\u0103m\u00e2n\u021b\u0103 sau r\u0103sad<\/strong> \u2014 germinarea necesit\u0103 ca \u00eenveli\u0219ul semin\u021bei s\u0103 absoarb\u0103 ap\u0103 \u00eenainte ca procesele enzimatice s\u0103 poat\u0103 \u00eencepe. Substratul trebuie s\u0103 asigure un rezervor de umiditate constant care s\u0103 men\u021bin\u0103 zona de germinare hidratat\u0103 pe toat\u0103 perioada de germinare \u2014 care poate varia de la 2 zile (specii cu germinare rapid\u0103) la c\u00e2teva s\u0103pt\u0103m\u00e2ni (specii lemnoase cu germinare lent\u0103). \u00centreruperea disponibilit\u0103\u021bii umidit\u0103\u021bii reseteaz\u0103 procesul de germinare \u0219i reduce viabilitatea.<\/li>\n<li><strong>Drenaj foarte bun<\/strong> \u2014 paradoxal, substratul trebuie s\u0103 se dreneze liber pentru a preveni condi\u021biile de stagnare \u0219i anaerobice care cauzeaz\u0103 putrezirea \u2014 colapsul rapid \u0219i moartea r\u0103sadurilor la nivelul solului, cauzate de ciuperci din sol \u00een condi\u021bii de umiditate excesiv\u0103. Echilibrul \u00eentre re\u021binerea umidit\u0103\u021bii suficiente \u0219i drenarea excesului de umiditate este provocarea central\u0103 a proiect\u0103rii substratului de germinare.<\/li>\n<li><strong>Fertilizare natural\u0103 \u0219i imunitate<\/strong> \u2014 primele peri\u0219oare radiculare ale r\u0103sadului sunt cele mai vulnerabile, f\u0103r\u0103 scoar\u021b\u0103 protectoare, f\u0103r\u0103 re\u021bea micorizic\u0103 stabilit\u0103 \u0219i f\u0103r\u0103 rezerve ale sistemului radicular din care s\u0103 se alimenteze. Sprijinul nutri\u021bional \u0219i imunitar oferit de substrat \u00een aceast\u0103 etap\u0103 are o influen\u021b\u0103 dispropor\u021bionat\u0103 asupra dezvolt\u0103rii ulterioare a r\u0103sadului. Nutri\u021bia organic\u0103 bl\u00e2nd\u0103 provenit\u0103 din excrementele de viermi \u0219i un mediu biologic activ din compost reprezint\u0103 cea mai sigur\u0103 \u0219i eficient\u0103 strategie nutri\u021bional\u0103 pentru aceast\u0103 etap\u0103.<\/li>\n<\/ul>\n<h4>Cum r\u0103spunde substratul Dr.Soil pentru \u00eens\u0103m\u00e2n\u021bare \u0219i plantare la aceste nevoi<\/h4>\n<p>Turba asigur\u0103 reten\u021bia umidit\u0103\u021bii \u0219i structura cu textur\u0103 fin\u0103 de care semin\u021bele au nevoie pentru o germinare uniform\u0103. Humusul din scoar\u021b\u0103 de pin creeaz\u0103 canalele de drenaj \u0219i c\u0103ile de schimb de gaze care previn putrezirea r\u0103sadurilor. Excrementele de viermi furnizeaz\u0103 hormonii care stimuleaz\u0103 germinarea, acceler\u00e2nd r\u0103s\u0103rirea, precum \u0219i nutri\u021bia bl\u00e2nd\u0103 care sus\u021bine primele s\u0103pt\u0103m\u00e2ni de via\u021b\u0103 ale r\u0103sadului f\u0103r\u0103 riscul de arsuri. Compostul verde creeaz\u0103 mediul biologic activ care sus\u021bine s\u0103n\u0103tatea pe termen lung a r\u0103sadurilor. \u00cempreun\u0103, acestea creeaz\u0103 mediul de substrat cel mai favorabil \u0219i mai sigur pentru cea mai vulnerabil\u0103 etap\u0103 a dezvolt\u0103rii plantelor.<\/p>\n<hr>\n<h3>Mod de utilizare<\/h3>\n<table>\n<thead>\n<tr>\n<th>Aplicare<\/th>\n<th>Metod\u0103<\/th>\n<\/tr>\n<\/thead>\n<tbody>\n<tr>\n<td><strong>Sem\u0103narea semin\u021belor \u00een t\u0103vi sau module<\/strong><\/td>\n<td>Umple\u021bi tava sau modulul cu substrat p\u00e2n\u0103 la 1 cm de margine. Bate\u021bi u\u0219or pentru a tas\u0103. Sem\u0103na\u021bi semin\u021bele la ad\u00e2ncimea recomandat\u0103 pentru specia respectiv\u0103 (de obicei, de 2-3 ori diametrul semin\u021bei). Acoperi\u021bi cu un strat sub\u021bire de substrat, tas\u0103 u\u0219or \u0219i uda\u021bi cu un pulverizator fin pentru a evita deplasarea semin\u021belor. Acoperi\u021bi cu un capac de propagator sau folie alimentar\u0103 p\u00e2n\u0103 la germinare.<\/td>\n<\/tr>\n<tr>\n<td><strong>Sem\u0103narea \u00een ghivece (ghivece individuale)<\/strong><\/td>\n<td>Umple\u021bi ghivecele p\u00e2n\u0103 la 2 cm de margine. Sem\u0103na\u021bi 2\u20133 semin\u021be per ghiveci \u0219i r\u0103ri\u021bi p\u00e2n\u0103 la r\u0103sadul cel mai puternic dup\u0103 germinare. Acoperi\u021bi \u0219i uda\u021bi ca mai sus.<\/td>\n<\/tr>\n<tr>\n<td><strong>Transplantarea r\u0103sadurilor<\/strong><\/td>\n<td>C\u00e2nd r\u0103sadurile au dezvoltat primele frunze adev\u0103rate, ridica\u021bi-le cu grij\u0103 din tava de germinare \u0219i transplanta\u021bi-le \u00een ghivece individuale umplute cu substrat Dr.Soil Seed Sowing &amp; Planting. Manipula\u021bi r\u0103sadurile de frunze, niciodat\u0103 de tulpin\u0103. Uda\u021bi u\u0219or dup\u0103 transplantare.<\/td>\n<\/tr>\n<tr>\n<td><strong>Plantarea cu r\u0103d\u0103cini goale<\/strong><\/td>\n<td>Pentru transplanturile cu r\u0103d\u0103cini goale, preg\u0103ti\u021bi o groap\u0103 de plantare \u00een substrat, \u00eentinde\u021bi u\u0219or r\u0103d\u0103cinile \u0219i umple\u021bi \u00een jurul lor, asigur\u00e2ndu-v\u0103 c\u0103 exist\u0103 un contact bun \u00eentre r\u0103d\u0103cini \u0219i substrat. Uda\u021bi moderat.<\/td>\n<\/tr>\n<tr>\n<td><strong>\u00cengrijire continu\u0103<\/strong><\/td>\n<td>Men\u021bine\u021bi substratul constant umed, dar niciodat\u0103 \u00eembibat cu ap\u0103 \u00een timpul germin\u0103rii. Dup\u0103 r\u0103s\u0103rire, l\u0103sa\u021bi suprafa\u021ba s\u0103 \u00eenceap\u0103 s\u0103 se usuce \u00eentre ud\u0103ri pentru a \u00eencuraja extinderea r\u0103d\u0103cinilor \u00een substrat. Nu este necesar \u00eengr\u0103\u0219\u0103m\u00e2nt timp de 6 luni.<\/td>\n<\/tr>\n<\/tbody>\n<\/table>\n<hr>\n<h3>C\u00e2nd este cel mai bine s\u0103 \u00eel utiliza\u021bi?<\/h3>\n<p><strong>Sf\u00e2r\u0219itul iernii p\u00e2n\u0103 \u00een prim\u0103var\u0103<\/strong> \u2014 februarie-aprilie \u2014 este sezonul principal de \u00eens\u0103m\u00e2n\u021bare pentru majoritatea speciilor de legume, flori \u0219i plante aromatice. \u00cenceperea \u00eens\u0103m\u00e2n\u021b\u0103rii \u00een substratul Dr.Soil Seed Sowing &amp; Planting Substrate \u00een aceast\u0103 perioad\u0103 ofer\u0103 r\u0103sadurilor un sezon de cre\u0219tere maxim \u0219i le permite s\u0103 se \u00eent\u0103reasc\u0103 \u0219i s\u0103 fie plantate odat\u0103 ce riscul de \u00eenghe\u021b a trecut.<\/p>\n<p><strong>Sem\u0103natul de toamn\u0103<\/strong> pentru speciile rezistente \u2014 multe plante perene rezistente, bienale \u0219i ierburi ornamentale beneficiaz\u0103 de sem\u0103natul de toamn\u0103, ierniind ca plante tinere \u0219i dezvolt\u00e2ndu-se rapid \u00een prim\u0103vara urm\u0103toare. Substratul Dr.Soil Seed Sowing &amp; Planting Substrate sus\u021bine aceast\u0103 abordare prin activitatea sa biologic\u0103 \u0219i imunitatea natural\u0103 care ajut\u0103 r\u0103sadurile s\u0103 reziste condi\u021biilor reci \u0219i umede din toamn\u0103 \u0219i iarn\u0103.<\/p>\n<p><strong>Pe tot parcursul anului pentru \u00eens\u0103m\u00e2n\u021barea \u00een interior<\/strong> \u2014 cu iluminare suplimentar\u0103 \u0219i temperatur\u0103 controlat\u0103, multe specii pot fi \u00eens\u0103m\u00e2n\u021bate pe tot parcursul anului pentru cultivare \u00een interior sau \u00een medii protejate. Propriet\u0103\u021bile substratului sunt la fel de eficiente \u00een orice perioad\u0103 a anului.<\/p>\n<p><strong>La orice opera\u021biune de transplantare.<\/strong> Dincolo de utilizarea sa pentru germinare, substratul Dr.Soil Seed Sowing &amp; Planting este un mediu excelent pentru orice opera\u021biune de transplantare \u2014 transplantarea r\u0103sadurilor tinere \u00een ghivece, \u00eenr\u0103d\u0103cinarea buta\u0219ilor sau plantarea r\u0103sadurilor cu r\u0103d\u0103cini goale. Hormonii de cre\u0219tere \u0219i con\u021binutul biologic din humusul de viermi sus\u021bin restabilirea rapid\u0103 a r\u0103d\u0103cinilor dup\u0103 stresul transplant\u0103rii.<\/p>\n<hr>\n<p><em>Substrat pentru \u00eens\u0103m\u00e2n\u021bare \u0219i plantare Dr.Soil  \u00b7  Volum net: 1 litru  \u00b7  Pre-fertilizat pentru p\u00e2n\u0103 la 6 luni  \u00b7  Gata de utilizare  \u00b7  Compozi\u021bie: turb\u0103, humus de viermi, humus din scoar\u021b\u0103 de pin mediteranean, compost vegetal verde, materie organic\u0103  \u00b7  Pentru toate semin\u021bele \u0219i r\u0103sadurile  \u00b7  F\u0103r\u0103 \u00eengr\u0103\u0219\u0103minte sintetice  \u00b7  F\u0103r\u0103 aditivi chimici<\/em><\/p>\n","protected":false},"excerpt":{"rendered":"<p>Un substrat complet, pre-fertilizat, conceput special pentru semin\u021be \u0219i r\u0103saduri \u00een cea mai critic\u0103 \u0219i solicitant\u0103 etap\u0103 a ciclului de via\u021b\u0103 al plantelor \u2014 combin\u00e2nd turb\u0103, humus de viermi, humus din scoar\u021b\u0103 de pin mediteranean, compost din legume verzi \u0219i materie organic\u0103 pentru a asigura un schimb optim de gaze, umiditate suficient\u0103, un drenaj foarte [&#8230;]<\/p>\n<p><a class=\"btn btn-secondary understrap-read-more-link\" href=\"https:\/\/gradinar.ro\/en\/produs\/substrat-natural-dr-soil-pentru-insamantare-la-punga-de-1l\/\">Mai mult&#8230;<\/a><\/p>\n","protected":false},"featured_media":43452,"template":"","meta":[],"etheme_brands":[],"product_brand":[478],"product_cat":[284,296],"product_tag":[],"class_list":{"0":"post-43462","1":"product","2":"type-product","3":"status-publish","4":"has-post-thumbnail","6":"product_brand-dr-soil","7":"product_cat-pamanturi","8":"product_cat-pentru-ghivece","10":"first","11":"instock","12":"taxable","13":"shipping-taxable","14":"purchasable","15":"product-type-simple"},"_links":{"self":[{"href":"https:\/\/gradinar.ro\/en\/wp-json\/wp\/v2\/product\/43462","targetHints":{"allow":["GET"]}}],"collection":[{"href":"https:\/\/gradinar.ro\/en\/wp-json\/wp\/v2\/product"}],"about":[{"href":"https:\/\/gradinar.ro\/en\/wp-json\/wp\/v2\/types\/product"}],"wp:featuredmedia":[{"embeddable":true,"href":"https:\/\/gradinar.ro\/en\/wp-json\/wp\/v2\/media\/43452"}],"wp:attachment":[{"href":"https:\/\/gradinar.ro\/en\/wp-json\/wp\/v2\/media?parent=43462"}],"wp:term":[{"taxonomy":"brand","embeddable":true,"href":"https:\/\/gradinar.ro\/en\/wp-json\/wp\/v2\/etheme_brands?post=43462"},{"taxonomy":"product_brand","embeddable":true,"href":"https:\/\/gradinar.ro\/en\/wp-json\/wp\/v2\/product_brand?post=43462"},{"taxonomy":"product_cat","embeddable":true,"href":"https:\/\/gradinar.ro\/en\/wp-json\/wp\/v2\/product_cat?post=43462"},{"taxonomy":"product_tag","embeddable":true,"href":"https:\/\/gradinar.ro\/en\/wp-json\/wp\/v2\/product_tag?post=43462"}],"curies":[{"name":"wp","href":"https:\/\/api.w.org\/{rel}","templated":true}]}}