{"id":43525,"date":"2025-08-12T11:36:37","date_gmt":"2025-08-12T08:36:37","guid":{"rendered":"https:\/\/gradinar.ro\/produs\/turba-de-cocos-5-litri\/"},"modified":"2026-02-05T23:00:52","modified_gmt":"2026-02-05T21:00:52","slug":"turba-de-cocos-5-litri","status":"publish","type":"product","link":"https:\/\/gradinar.ro\/en\/produs\/turba-de-cocos-5-litri\/","title":{"rendered":"Turba de cocos, 5 litri"},"content":{"rendered":"<p>Turba de cocos<\/p>\n<p><\/p>\n<p>100% ecologic, 100% biodegradabil &#8211; Datorit\u0103 caracteristicilor turbei de cocos, aceasta are un spectru larg de utilizare: in horticultur\u0103 (plante cu flori, plante care se disting prin frunze), in agricultur\u0103 (cultivarea fructelor \u0219i legumelor), cre\u0219terea orhideelor sau plante exotice (Dendrobium, Anthurium etc) sau cultivarea plantelor carnivore (Dionaea, Nepenthes etc.).\u00a0<\/p>\n<p>Incorpora\u021bi in substratul din jardinier\u0103 sau direct din gr\u0103din\u0103 sau folosi\u021bi ca atare pentru plantat, folosind o unealt\u0103 corespunz\u0103toare sau mainile. Sf\u0103rama\u021bi bulg\u0103rii care pot apare in urma procesului de ambalare.\u00a0<\/p>\n<p>Fertiliza\u021bi apoi in func\u021bie cu caracteristicile plantelor transplantate.<\/p>\n<p><\/p>\n<p>Uda\u021bi in func\u021bie de pozi\u021bia, respectiv factorii externi (umiditate, lumin\u0103, temperaturi extreme) in care se g\u0103se\u0219te planta.<\/p>\n<p><\/p>\n<p><\/p>\n<p><\/p>\n","protected":false},"excerpt":{"rendered":"<p>Turba de cocos 100% ecologic, 100% biodegradabil &#8211; Datorit\u0103 caracteristicilor turbei de cocos, aceasta are un spectru larg de utilizare: in horticultur\u0103 (plante cu flori, plante care se disting prin frunze), in agricultur\u0103 (cultivarea fructelor \u0219i legumelor), cre\u0219terea orhideelor sau plante exotice (Dendrobium, Anthurium etc) sau cultivarea plantelor carnivore (Dionaea, Nepenthes etc.).\u00a0 Incorpora\u021bi in substratul [&#8230;]<\/p>\n<p><a class=\"btn btn-secondary understrap-read-more-link\" href=\"https:\/\/gradinar.ro\/en\/produs\/turba-de-cocos-5-litri\/\">Mai mult&#8230;<\/a><\/p>\n","protected":false},"featured_media":43511,"template":"","meta":[],"etheme_brands":[],"product_brand":[480],"product_cat":[284,296],"product_tag":[],"class_list":{"0":"post-43525","1":"product","2":"type-product","3":"status-publish","4":"has-post-thumbnail","6":"product_brand-mg","7":"product_cat-pamanturi","8":"product_cat-pentru-ghivece","10":"first","11":"instock","12":"taxable","13":"shipping-taxable","14":"purchasable","15":"product-type-simple"},"_links":{"self":[{"href":"https:\/\/gradinar.ro\/en\/wp-json\/wp\/v2\/product\/43525","targetHints":{"allow":["GET"]}}],"collection":[{"href":"https:\/\/gradinar.ro\/en\/wp-json\/wp\/v2\/product"}],"about":[{"href":"https:\/\/gradinar.ro\/en\/wp-json\/wp\/v2\/types\/product"}],"wp:featuredmedia":[{"embeddable":true,"href":"https:\/\/gradinar.ro\/en\/wp-json\/wp\/v2\/media\/43511"}],"wp:attachment":[{"href":"https:\/\/gradinar.ro\/en\/wp-json\/wp\/v2\/media?parent=43525"}],"wp:term":[{"taxonomy":"brand","embeddable":true,"href":"https:\/\/gradinar.ro\/en\/wp-json\/wp\/v2\/etheme_brands?post=43525"},{"taxonomy":"product_brand","embeddable":true,"href":"https:\/\/gradinar.ro\/en\/wp-json\/wp\/v2\/product_brand?post=43525"},{"taxonomy":"product_cat","embeddable":true,"href":"https:\/\/gradinar.ro\/en\/wp-json\/wp\/v2\/product_cat?post=43525"},{"taxonomy":"product_tag","embeddable":true,"href":"https:\/\/gradinar.ro\/en\/wp-json\/wp\/v2\/product_tag?post=43525"}],"curies":[{"name":"wp","href":"https:\/\/api.w.org\/{rel}","templated":true}]}}