{"id":43569,"date":"2025-08-12T11:37:01","date_gmt":"2025-08-12T08:37:01","guid":{"rendered":"https:\/\/gradinar.ro\/produs\/substrat-fara-turba-pentru-plante-aromatice-reteta-vegana-la-sac-de-5l\/"},"modified":"2026-01-29T16:36:09","modified_gmt":"2026-01-29T14:36:09","slug":"substrat-fara-turba-pentru-plante-aromatice-reteta-vegana-la-sac-de-5l","status":"publish","type":"product","link":"https:\/\/gradinar.ro\/en\/produs\/substrat-fara-turba-pentru-plante-aromatice-reteta-vegana-la-sac-de-5l\/","title":{"rendered":"Substrat fara turba pentru Plante aromatice, reteta vegana &#8211; la sac de 5L"},"content":{"rendered":"<p>Compozi\u021bie: Turb\u0103 de cocos, humus din scoar\u021b\u0103 de pin, lan\u0103 de lemn, compost vegetal<\/p>\n<p>Plante aromatice (cimbru, rozmarin, roini\u021b\u0103, ment\u0103, p\u0103trunjel, busuioc, m\u0103rar, tarhon, leu\u0219tean \u0219.a) &#8211; \u00a0incorpora\u021bi in substratul din jardinier\u0103 sau in\u00a0gr\u0103din\u0103 sau folosi\u021bi ca atare pentru plantat, folosind o unealt\u0103 corespunz\u0103toare sau mainile. Sf\u0103rama\u021bi bulg\u0103rii care pot apare in urma procesului de ambalare.\u00a0<br \/>Fertiliza\u021bi in func\u021bie cu caracteristicile plantelor transplantate.<\/p>\n<p>Uda\u021bi in func\u021bie de pozi\u021bia, respectiv factorii externi (umiditate, lumin\u0103, temperaturi extreme).\u00a0<\/p>\n","protected":false},"excerpt":{"rendered":"<p>Compozi\u021bie: Turb\u0103 de cocos, humus din scoar\u021b\u0103 de pin, lan\u0103 de lemn, compost vegetal Plante aromatice (cimbru, rozmarin, roini\u021b\u0103, ment\u0103, p\u0103trunjel, busuioc, m\u0103rar, tarhon, leu\u0219tean \u0219.a) &#8211; \u00a0incorpora\u021bi in substratul din jardinier\u0103 sau in\u00a0gr\u0103din\u0103 sau folosi\u021bi ca atare pentru plantat, folosind o unealt\u0103 corespunz\u0103toare sau mainile. Sf\u0103rama\u021bi bulg\u0103rii care pot apare in urma procesului de [&#8230;]<\/p>\n<p><a class=\"btn btn-secondary understrap-read-more-link\" href=\"https:\/\/gradinar.ro\/en\/produs\/substrat-fara-turba-pentru-plante-aromatice-reteta-vegana-la-sac-de-5l\/\">Mai mult&#8230;<\/a><\/p>\n","protected":false},"featured_media":43561,"template":"","meta":[],"etheme_brands":[],"product_brand":[480],"product_cat":[284,296],"product_tag":[],"class_list":{"0":"post-43569","1":"product","2":"type-product","3":"status-publish","4":"has-post-thumbnail","6":"product_brand-mg","7":"product_cat-pamanturi","8":"product_cat-pentru-ghivece","10":"first","11":"instock","12":"taxable","13":"shipping-taxable","14":"purchasable","15":"product-type-simple"},"_links":{"self":[{"href":"https:\/\/gradinar.ro\/en\/wp-json\/wp\/v2\/product\/43569","targetHints":{"allow":["GET"]}}],"collection":[{"href":"https:\/\/gradinar.ro\/en\/wp-json\/wp\/v2\/product"}],"about":[{"href":"https:\/\/gradinar.ro\/en\/wp-json\/wp\/v2\/types\/product"}],"wp:featuredmedia":[{"embeddable":true,"href":"https:\/\/gradinar.ro\/en\/wp-json\/wp\/v2\/media\/43561"}],"wp:attachment":[{"href":"https:\/\/gradinar.ro\/en\/wp-json\/wp\/v2\/media?parent=43569"}],"wp:term":[{"taxonomy":"brand","embeddable":true,"href":"https:\/\/gradinar.ro\/en\/wp-json\/wp\/v2\/etheme_brands?post=43569"},{"taxonomy":"product_brand","embeddable":true,"href":"https:\/\/gradinar.ro\/en\/wp-json\/wp\/v2\/product_brand?post=43569"},{"taxonomy":"product_cat","embeddable":true,"href":"https:\/\/gradinar.ro\/en\/wp-json\/wp\/v2\/product_cat?post=43569"},{"taxonomy":"product_tag","embeddable":true,"href":"https:\/\/gradinar.ro\/en\/wp-json\/wp\/v2\/product_tag?post=43569"}],"curies":[{"name":"wp","href":"https:\/\/api.w.org\/{rel}","templated":true}]}}