{"id":43594,"date":"2025-08-12T11:37:29","date_gmt":"2025-08-12T08:37:29","guid":{"rendered":"https:\/\/gradinar.ro\/produs\/substrat-universal-fara-turba-la-sac-de-5l\/"},"modified":"2026-02-05T23:00:52","modified_gmt":"2026-02-05T21:00:52","slug":"substrat-universal-fara-turba-la-sac-de-5l","status":"publish","type":"product","link":"https:\/\/gradinar.ro\/en\/produs\/substrat-universal-fara-turba-la-sac-de-5l\/","title":{"rendered":"Substrat Universal fara turba &#8211; la sac de 5L"},"content":{"rendered":"<p>Compozi\u021bie: Turb\u0103 de cocos, humus din scoar\u021b\u0103 de pin, perlit, biohumus<\/p>\n<p>Pentru plante in ghivece de la interior cat \u0219i de la exterior. De asemenea, se poate folosi la cultivarea legumelor, in amestec cu solul din r\u0103sadni\u021b\u0103, straturi\u00a0si jardiniere.<br \/>Incorpora\u021bi in substratul deja existent sau folosi\u021bi ca atare pentru plantat intr-un vas nou, folosind o unealt\u0103 corespunz\u0103toare sau mainile. Sf\u0103rama\u021bi bulg\u0103rii care pot apare in urma procesului de ambalare.\u00a0<br \/>Fertiliza\u021bi in func\u021bie cu caracteristicile plantelor transplantate.<\/p>\n<p>Uda\u021bi in func\u021bie de pozi\u021bia, respectiv factorii externi (umiditate, lumin\u0103, temperaturi extreme).<\/p>\n<p>Evita\u021bi condi\u021biile de inghe\u021b in timpul depozit\u0103rii.<\/p>\n","protected":false},"excerpt":{"rendered":"<p>Compozi\u021bie: Turb\u0103 de cocos, humus din scoar\u021b\u0103 de pin, perlit, biohumus Pentru plante in ghivece de la interior cat \u0219i de la exterior. De asemenea, se poate folosi la cultivarea legumelor, in amestec cu solul din r\u0103sadni\u021b\u0103, straturi\u00a0si jardiniere.Incorpora\u021bi in substratul deja existent sau folosi\u021bi ca atare pentru plantat intr-un vas nou, folosind o unealt\u0103 [&#8230;]<\/p>\n<p><a class=\"btn btn-secondary understrap-read-more-link\" href=\"https:\/\/gradinar.ro\/en\/produs\/substrat-universal-fara-turba-la-sac-de-5l\/\">Mai mult&#8230;<\/a><\/p>\n","protected":false},"featured_media":43588,"template":"","meta":[],"etheme_brands":[],"product_brand":[480],"product_cat":[284,296],"product_tag":[],"class_list":{"0":"post-43594","1":"product","2":"type-product","3":"status-publish","4":"has-post-thumbnail","6":"product_brand-mg","7":"product_cat-pamanturi","8":"product_cat-pentru-ghivece","10":"first","11":"instock","12":"taxable","13":"shipping-taxable","14":"purchasable","15":"product-type-simple"},"_links":{"self":[{"href":"https:\/\/gradinar.ro\/en\/wp-json\/wp\/v2\/product\/43594","targetHints":{"allow":["GET"]}}],"collection":[{"href":"https:\/\/gradinar.ro\/en\/wp-json\/wp\/v2\/product"}],"about":[{"href":"https:\/\/gradinar.ro\/en\/wp-json\/wp\/v2\/types\/product"}],"wp:featuredmedia":[{"embeddable":true,"href":"https:\/\/gradinar.ro\/en\/wp-json\/wp\/v2\/media\/43588"}],"wp:attachment":[{"href":"https:\/\/gradinar.ro\/en\/wp-json\/wp\/v2\/media?parent=43594"}],"wp:term":[{"taxonomy":"brand","embeddable":true,"href":"https:\/\/gradinar.ro\/en\/wp-json\/wp\/v2\/etheme_brands?post=43594"},{"taxonomy":"product_brand","embeddable":true,"href":"https:\/\/gradinar.ro\/en\/wp-json\/wp\/v2\/product_brand?post=43594"},{"taxonomy":"product_cat","embeddable":true,"href":"https:\/\/gradinar.ro\/en\/wp-json\/wp\/v2\/product_cat?post=43594"},{"taxonomy":"product_tag","embeddable":true,"href":"https:\/\/gradinar.ro\/en\/wp-json\/wp\/v2\/product_tag?post=43594"}],"curies":[{"name":"wp","href":"https:\/\/api.w.org\/{rel}","templated":true}]}}