{"id":43601,"date":"2025-08-12T11:37:43","date_gmt":"2025-08-12T08:37:43","guid":{"rendered":"https:\/\/gradinar.ro\/produs\/substrat-de-orhidee-cu-coaja-de-cocos-la-sac-de-5l\/"},"modified":"2026-02-25T23:16:43","modified_gmt":"2026-02-25T21:16:43","slug":"substrat-de-orhidee-cu-coaja-de-cocos-la-sac-de-5l","status":"publish","type":"product","link":"https:\/\/gradinar.ro\/en\/produs\/substrat-de-orhidee-cu-coaja-de-cocos-la-sac-de-5l\/","title":{"rendered":"Substrat de Orhidee &#8211; cu coaja de cocos, la sac de 5L"},"content":{"rendered":"<p>Compozi\u021bie: Turb\u0103 de cocos, chipsuri din coaj\u0103 de cocos, biohumus<\/p>\n<p>Orhidee epifite (Phalaenopsis, Dendrobium, Cattleya, Miltonia, Epidendrum, Catasetum etc) &#8211; alege\u021bi un ghiveci special pentru orhideea dumneavoastr\u0103, avand in vedere dimensiunea plantei. Inainte de plantare, cur\u0103\u021ba\u021bi orhideea de toate p\u0103r\u021bile moarte (frunze, r\u0103d\u0103cini). Sp\u0103la\u021bi u\u0219or r\u0103d\u0103cinile, astfel incat s\u0103 inl\u0103tura\u021bi tot substratul vechi.<br \/>In noul ghiveci ar trebui s\u0103 ad\u0103uga\u021bi un strat din acest produs, astfel incat planta s\u0103 se potriveasc\u0103 perfect in ghiveci. Apoi pune\u021bi planta in\u0103untru \u0219i acoperi\u021bi-o u\u0219or cu substratul, ap\u0103sand u\u0219or \u0219i uniform in jurul plantei. In primele 7 zile nu ve\u021bi uda planta, permi\u021band substratului s\u0103 se a\u0219eze in mod natural in ghiveci \u0219i r\u0103d\u0103cinilor s\u0103 se adapteze la noul mediu. Dup\u0103 7 zile se va relua udarea in mod normal. Nu este nevoie s\u0103 fertiliza\u021bi planta timp de 6 luni.<\/p>\n","protected":false},"excerpt":{"rendered":"<p>Compozi\u021bie: Turb\u0103 de cocos, chipsuri din coaj\u0103 de cocos, biohumus Orhidee epifite (Phalaenopsis, Dendrobium, Cattleya, Miltonia, Epidendrum, Catasetum etc) &#8211; alege\u021bi un ghiveci special pentru orhideea dumneavoastr\u0103, avand in vedere dimensiunea plantei. Inainte de plantare, cur\u0103\u021ba\u021bi orhideea de toate p\u0103r\u021bile moarte (frunze, r\u0103d\u0103cini). Sp\u0103la\u021bi u\u0219or r\u0103d\u0103cinile, astfel incat s\u0103 inl\u0103tura\u021bi tot substratul vechi.In noul ghiveci [&#8230;]<\/p>\n<p><a class=\"btn btn-secondary understrap-read-more-link\" href=\"https:\/\/gradinar.ro\/en\/produs\/substrat-de-orhidee-cu-coaja-de-cocos-la-sac-de-5l\/\">Mai mult&#8230;<\/a><\/p>\n","protected":false},"featured_media":43595,"template":"","meta":[],"etheme_brands":[],"product_brand":[480],"product_cat":[284,296],"product_tag":[],"class_list":{"0":"post-43601","1":"product","2":"type-product","3":"status-publish","4":"has-post-thumbnail","6":"product_brand-mg","7":"product_cat-pamanturi","8":"product_cat-pentru-ghivece","10":"first","11":"instock","12":"taxable","13":"shipping-taxable","14":"purchasable","15":"product-type-simple"},"_links":{"self":[{"href":"https:\/\/gradinar.ro\/en\/wp-json\/wp\/v2\/product\/43601","targetHints":{"allow":["GET"]}}],"collection":[{"href":"https:\/\/gradinar.ro\/en\/wp-json\/wp\/v2\/product"}],"about":[{"href":"https:\/\/gradinar.ro\/en\/wp-json\/wp\/v2\/types\/product"}],"wp:featuredmedia":[{"embeddable":true,"href":"https:\/\/gradinar.ro\/en\/wp-json\/wp\/v2\/media\/43595"}],"wp:attachment":[{"href":"https:\/\/gradinar.ro\/en\/wp-json\/wp\/v2\/media?parent=43601"}],"wp:term":[{"taxonomy":"brand","embeddable":true,"href":"https:\/\/gradinar.ro\/en\/wp-json\/wp\/v2\/etheme_brands?post=43601"},{"taxonomy":"product_brand","embeddable":true,"href":"https:\/\/gradinar.ro\/en\/wp-json\/wp\/v2\/product_brand?post=43601"},{"taxonomy":"product_cat","embeddable":true,"href":"https:\/\/gradinar.ro\/en\/wp-json\/wp\/v2\/product_cat?post=43601"},{"taxonomy":"product_tag","embeddable":true,"href":"https:\/\/gradinar.ro\/en\/wp-json\/wp\/v2\/product_tag?post=43601"}],"curies":[{"name":"wp","href":"https:\/\/api.w.org\/{rel}","templated":true}]}}