{"id":43714,"date":"2025-08-12T11:40:44","date_gmt":"2025-08-12T08:40:44","guid":{"rendered":"https:\/\/gradinar.ro\/produs\/dr-soil-mix-your-own-zeolith-1l\/"},"modified":"2025-08-12T13:26:12","modified_gmt":"2025-08-12T10:26:12","slug":"dr-soil-mix-your-own-zeolith-1l","status":"publish","type":"product","link":"https:\/\/gradinar.ro\/en\/produs\/dr-soil-mix-your-own-zeolith-1l\/","title":{"rendered":"Dr.Soil Mix-Your-Own  Zeolith 1L"},"content":{"rendered":"<p>Cre\u0219te\u021bi s\u0103n\u0103tatea \u0219i vitalitatea gr\u0103dinii dvs. cu Dr.Soil Zeolite 1l &#8211; O component\u0103 revolu\u021bionar\u0103 a colec\u021biei &#8220;Mix-Your-Own&#8221;!<\/p>\n<p>Duce\u021bi terenul din gr\u0103dina dvs. la urm\u0103torul nivel de sustenabilitate \u0219i eficien\u021b\u0103 cu Dr.Soil Zeolite. Acest mineral natural este o minune a naturii, dezvoltat special pentru a r\u0103spunde nevoilor gr\u0103dinarilor moderni \u0219i ale plantelor lor. Ca parte a colec\u021biei noastre inovatoare &#8220;Mix-Your-Own&#8221;, Dr.Soil Zeolite v\u0103 permite s\u0103 v\u0103 optimiza\u021bi \u0219i s\u0103 v\u0103 \u00eembun\u0103t\u0103\u021bi\u021bi amestecul de sol.<\/p>\n<p>Avantajele Dr.Soil Zeolite:<\/p>\n<p>Reten\u021bia apei: Zeolitul \u00eembun\u0103t\u0103\u021be\u0219te reten\u021bia apei \u00een sol, ceea ce este deosebit de benefic \u00een perioadele secetoase.<br \/>\nGestionarea nutrien\u021bilor: ajut\u0103 la stocarea eficient\u0103 a nutrien\u021bilor \u0219i la eliberarea acestora c\u0103tre plante atunci c\u00e2nd este necesar, asigur\u00e2nd o aprovizionare optim\u0103.<br \/>\nLegarea poluan\u021bilor: Zeolitul are capacitatea de a lega poluan\u021bii \u0219i metalele grele, rezult\u00e2nd un sol mai s\u0103n\u0103tos \u0219i, prin urmare, plante mai s\u0103n\u0103toase.<br \/>\nStabilizarea valorii pH-ului: Ajut\u0103 la stabilizarea valorii pH-ului solului, ceea ce \u00eembun\u0103t\u0103\u021be\u0219te absorb\u021bia nutrien\u021bilor.<br \/>\nPromovarea cre\u0219terii r\u0103d\u0103cinilor: Prin \u00eembun\u0103t\u0103\u021birea structurii \u0219i aerisirii solului, r\u0103d\u0103cinile devin mai puternice \u0219i plantele mai rezistente.<br \/>\nDr.Soil Zeolite este o necesitate pentru to\u021bi cei care doresc s\u0103 \u00ee\u0219i \u00eembun\u0103t\u0103\u021beasc\u0103 calitatea solului \u00eentr-un mod natural. Este ideal pentru o gam\u0103 larg\u0103 de aplica\u021bii &#8211; de la gr\u0103dinile de legume la plantele ornamentale \u0219i ghivece &#8211; \u0219i ofer\u0103 o solu\u021bie simpl\u0103, dar eficient\u0103, pentru rezultate de lung\u0103 durat\u0103.<\/p>\n<p>De ce &#8220;Amesteca\u021bi substratul Dvs.&#8221;?<\/p>\n<p>Personalizare: Crea\u021bi-v\u0103 substratul perfect cu Dr.Soil Zeolite \u0219i alte produse din colec\u021bia noastr\u0103.<br \/>\nComponente de \u00eenalt\u0103 calitate: Garant\u0103m cea mai bun\u0103 calitate a produselor noastre pentru a oferi cel mai bun mediu de cre\u0219tere a plantelor dvs.<br \/>\nU\u0219urin\u021ba de utilizare: Produsele noastre sunt concepute pentru a fi u\u0219or de utilizat, fie c\u0103 sunte\u021bi \u00eencep\u0103tor sau gr\u0103dinar experimentat.<br \/>\n\u00cencorpora\u021bi Dr.Soil Zeolite \u00een amestecul &#8220;Mix-Your-Own&#8221; \u0219i privi\u021bi cum gr\u0103dina dvs. \u00eenflore\u0219te cu o calitate \u00eembun\u0103t\u0103\u021bit\u0103 a solului \u0219i s\u0103n\u0103tatea plantelor. Acest mineral natural este ingredientul secret care v\u0103 va diferen\u021bia gr\u0103dina.<\/p>\n<p>Valorifica\u021bi puterea naturii pentru gr\u0103dina dvs. cu Dr.Soil Zeolite. \u00cencepe\u021bi acum \u0219i vede\u021bi diferen\u021ba!<\/p>\n","protected":false},"excerpt":{"rendered":"<p>O solu\u021bie natural\u0103 pentru o gr\u0103din\u0103 s\u0103n\u0103toas\u0103 \u0219i vibr\u00e2nd\u0103. Dr.Soil Zeolit 1L \u00eembun\u0103t\u0103\u021be\u0219te calitatea solului pentru plante puternice \u0219i rezistente. [&#8230;]<\/p>\n<p><a class=\"btn btn-secondary understrap-read-more-link\" href=\"https:\/\/gradinar.ro\/en\/produs\/dr-soil-mix-your-own-zeolith-1l\/\">Mai mult&#8230;<\/a><\/p>\n","protected":false},"featured_media":43689,"template":"","meta":[],"etheme_brands":[],"product_brand":[478],"product_cat":[297,284],"product_tag":[],"class_list":{"0":"post-43714","1":"product","2":"type-product","3":"status-publish","4":"has-post-thumbnail","6":"product_brand-dr-soil","7":"product_cat-componente","8":"product_cat-pamanturi","10":"first","11":"instock","12":"taxable","13":"shipping-taxable","14":"purchasable","15":"product-type-simple"},"_links":{"self":[{"href":"https:\/\/gradinar.ro\/en\/wp-json\/wp\/v2\/product\/43714","targetHints":{"allow":["GET"]}}],"collection":[{"href":"https:\/\/gradinar.ro\/en\/wp-json\/wp\/v2\/product"}],"about":[{"href":"https:\/\/gradinar.ro\/en\/wp-json\/wp\/v2\/types\/product"}],"wp:featuredmedia":[{"embeddable":true,"href":"https:\/\/gradinar.ro\/en\/wp-json\/wp\/v2\/media\/43689"}],"wp:attachment":[{"href":"https:\/\/gradinar.ro\/en\/wp-json\/wp\/v2\/media?parent=43714"}],"wp:term":[{"taxonomy":"brand","embeddable":true,"href":"https:\/\/gradinar.ro\/en\/wp-json\/wp\/v2\/etheme_brands?post=43714"},{"taxonomy":"product_brand","embeddable":true,"href":"https:\/\/gradinar.ro\/en\/wp-json\/wp\/v2\/product_brand?post=43714"},{"taxonomy":"product_cat","embeddable":true,"href":"https:\/\/gradinar.ro\/en\/wp-json\/wp\/v2\/product_cat?post=43714"},{"taxonomy":"product_tag","embeddable":true,"href":"https:\/\/gradinar.ro\/en\/wp-json\/wp\/v2\/product_tag?post=43714"}],"curies":[{"name":"wp","href":"https:\/\/api.w.org\/{rel}","templated":true}]}}