{"id":44354,"date":"2025-08-12T11:49:00","date_gmt":"2025-08-12T08:49:00","guid":{"rendered":"https:\/\/gradinar.ro\/produs\/jardiniera-barcelona-40cm-culoare-taupe\/"},"modified":"2025-08-12T13:29:10","modified_gmt":"2025-08-12T10:29:10","slug":"jardiniera-barcelona-40cm-culoare-taupe","status":"publish","type":"product","link":"https:\/\/gradinar.ro\/en\/produs\/jardiniera-barcelona-40cm-culoare-taupe\/","title":{"rendered":"Jardiniera Barcelona 40cm, culoare taupe"},"content":{"rendered":"<p>Renovarea terasei sau gr\u0103dinii tale este mai u\u0219oar\u0103 \u0219i mai elegant\u0103 ca niciodat\u0103 cu ajutorul Jardiniera Barcelona 40cm, culoare taupe! Aceast\u0103 jardiniere aduce un strop de modernitate \u0219i rafinament \u00een decorul exterior, fiind o modalitate simpl\u0103 de a aduce via\u021b\u0103 \u0219i culoare spa\u021biului t\u0103u. Cu o lungime de 40cm, aceast\u0103 jardiniere este ideal\u0103 pentru plantele tale preferate, indiferent dac\u0103 optezi pentru flori colorate sau plante suculente elegante.<\/p>\n<p>Fabricat\u0103 din material durabil \u0219i rezistent la intemperii, Jardiniera Barcelona este perfect\u0103 pentru a rezista condi\u021biilor variate din exterior. Culoarea taupe adaug\u0103 o not\u0103 de elegan\u021b\u0103 \u0219i sobrietate, complet\u00e2nd armonios orice decor sau aranjament floral. Cu un design simplu \u0219i stilat, aceast\u0103 jardiniere se integreaz\u0103 cu u\u0219urin\u021b\u0103 \u00een diverse stiluri de amenajare \u0219i aduce un plus de elegan\u021b\u0103 oric\u0103rui spa\u021biu verde.<\/p>\n<p>Preg\u0103te\u0219te-te s\u0103 \u00ee\u021bi transformi terasa sau gr\u0103dina \u00eentr-un col\u021b de paradis cu ajutorul Jardiniera Barcelona 40cm! Alege calitatea \u0219i rafinamentul pentru spa\u021biul t\u0103u exterior \u0219i bucur\u0103-te de un ambient plin de prospe\u021bime \u0219i frumuse\u021be. Adaug\u0103 un strop de elegan\u021b\u0103 cu aceast\u0103 jardiniere \u0219i asigur\u0103-\u021bi c\u0103 plantele tale vor str\u0103luci \u00een toat\u0103 splendoarea lor \u00een noul lor c\u0103min.<\/p>\n","protected":false},"excerpt":{"rendered":"<ul>\n<li>Creat\u0103 din 100% plastic reciclat \u0219i produs\u0103 cu energia eolian\u0103, aceast\u0103 jardinier\u0103 Barcelona de 40 de centimetri este complet reciclabil\u0103.&nbsp;<\/li>\n<li>Ofer\u0103 mereu cea mai bun\u0103 \u00eengrijire plantelor datorit\u0103 sistemului integrat de drenaj.&nbsp;<\/li>\n<li>Alege o farfurie potrivit\u0103 pentru a-\u021bi \u00eengriji plantele \u00een cel mai optim mod posibil.&nbsp;<\/li>\n<\/ul>\n<p> [&#8230;]<\/p>\n<p><a class=\"btn btn-secondary understrap-read-more-link\" href=\"https:\/\/gradinar.ro\/en\/produs\/jardiniera-barcelona-40cm-culoare-taupe\/\">Mai mult&#8230;<\/a><\/p>\n","protected":false},"featured_media":44344,"template":"","meta":[],"etheme_brands":[],"product_brand":[483],"product_cat":[286,308],"product_tag":[],"class_list":{"0":"post-44354","1":"product","2":"type-product","3":"status-publish","4":"has-post-thumbnail","6":"product_brand-elho","7":"product_cat-ghivece-masti","8":"product_cat-jardiniere","10":"first","11":"instock","12":"taxable","13":"shipping-taxable","14":"purchasable","15":"product-type-simple"},"_links":{"self":[{"href":"https:\/\/gradinar.ro\/en\/wp-json\/wp\/v2\/product\/44354","targetHints":{"allow":["GET"]}}],"collection":[{"href":"https:\/\/gradinar.ro\/en\/wp-json\/wp\/v2\/product"}],"about":[{"href":"https:\/\/gradinar.ro\/en\/wp-json\/wp\/v2\/types\/product"}],"wp:featuredmedia":[{"embeddable":true,"href":"https:\/\/gradinar.ro\/en\/wp-json\/wp\/v2\/media\/44344"}],"wp:attachment":[{"href":"https:\/\/gradinar.ro\/en\/wp-json\/wp\/v2\/media?parent=44354"}],"wp:term":[{"taxonomy":"brand","embeddable":true,"href":"https:\/\/gradinar.ro\/en\/wp-json\/wp\/v2\/etheme_brands?post=44354"},{"taxonomy":"product_brand","embeddable":true,"href":"https:\/\/gradinar.ro\/en\/wp-json\/wp\/v2\/product_brand?post=44354"},{"taxonomy":"product_cat","embeddable":true,"href":"https:\/\/gradinar.ro\/en\/wp-json\/wp\/v2\/product_cat?post=44354"},{"taxonomy":"product_tag","embeddable":true,"href":"https:\/\/gradinar.ro\/en\/wp-json\/wp\/v2\/product_tag?post=44354"}],"curies":[{"name":"wp","href":"https:\/\/api.w.org\/{rel}","templated":true}]}}