{"id":44365,"date":"2025-08-12T11:50:00","date_gmt":"2025-08-12T08:50:00","guid":{"rendered":"https:\/\/gradinar.ro\/produs\/jardiniera-barcelona-40cm-culoare-antracit\/"},"modified":"2025-08-12T13:29:13","modified_gmt":"2025-08-12T10:29:13","slug":"jardiniera-barcelona-40cm-culoare-antracit","status":"publish","type":"product","link":"https:\/\/gradinar.ro\/en\/produs\/jardiniera-barcelona-40cm-culoare-antracit\/","title":{"rendered":"Jardiniera Barcelona 40cm, culoare antracit"},"content":{"rendered":"<p>Transforma\u0306-t\u0326i gradina\u0306 i\u0302ntr-un colt\u0326 de rai cu Jardiniera Barcelona de 40cm, culoare antracit! Aceasta\u0306 vaza\u0306 eleganta\u0306 s\u0326i practica\u0306 aduce un strop de eleganta\u0306 s\u0326i culoare spa\u0306t\u0326iului ta\u0306u exterior. Fabricata\u0306 din materiale de i\u0302nalta\u0306 calitate, jardiniera va rezista cu brio condit\u0326iilor meteo schimbatoare, garantandu-t\u0326i ca este o alegere de durata\u0306 s\u0326i functionala\u0306.<\/p>\n<p>Cu dimensiunile sale generoase de 40cm, jardiniera Barcelona este perfecta\u0306 pentru a ga\u0306zdui o varietate de plante, flori s\u0326i i\u0302nca\u0306rcare decorativa\u0306. Design-ul sau modern s\u0326i eleganta sa discreta\u0306 se potrivesc perfect i\u0302n orice gradina\u0306 sau terasa\u0306, aducand un strop de stil s\u0326i frumusete peisajului ta\u0306u exterior. Culorea antracit a jardinierii asigura\u0306 ca se va potrivi cu orice design de gradina\u0306, ofera\u0306nd o nota\u0306 sofisticata\u0306 s\u0326i eleganta\u0306.<\/p>\n<p>Alege calitatea s\u0326i frumuset\u0326ea cu Jardiniera Barcelona de 40cm! Transforma\u0306-t\u0326i gradina\u0306 i\u0302ntr-un spatiu plin de culoare s\u0326i viat\u0326a\u0306 cu aceasta\u0306 vaza\u0306 eleganta\u0306 s\u0326i functionala\u0306. Profita\u0306 de oportunitatea de a adauga un element de design remarcabil spa\u0306t\u0326iului ta\u0306u exterior s\u0326i bucura\u0306-te de frumuset\u0326ea naturii i\u0302ntr-un mod elegant s\u0326i rafinat!<\/p>\n","protected":false},"excerpt":{"rendered":"<ul>\n<li>Este perfect pentru gr\u0103dina ta urban\u0103!\u00a0<\/li>\n<li>Fabricat din plastic reciclat 100%, creat cu energia v\u00e2ntului \u0219i complet reciclabil.\u00a0<\/li>\n<li>Asigur\u0103 mereu cea mai bun\u0103 \u00eengrijire a plantelor tale cu sistemul integrat de drenaj.\u00a0<\/li>\n<li>Po\u021bi alege \u0219i o farfurie potrivit\u0103 pentru a-\u021bi \u00eengriji plantele \u00een mod optim.\u00a0<\/li>\n<\/ul>\n<p> [&#8230;]<\/p>\n<p><a class=\"btn btn-secondary understrap-read-more-link\" href=\"https:\/\/gradinar.ro\/en\/produs\/jardiniera-barcelona-40cm-culoare-antracit\/\">Mai mult&#8230;<\/a><\/p>\n","protected":false},"featured_media":44355,"template":"","meta":[],"etheme_brands":[],"product_brand":[483],"product_cat":[286,308],"product_tag":[],"class_list":{"0":"post-44365","1":"product","2":"type-product","3":"status-publish","4":"has-post-thumbnail","6":"product_brand-elho","7":"product_cat-ghivece-masti","8":"product_cat-jardiniere","10":"first","11":"instock","12":"taxable","13":"shipping-taxable","14":"purchasable","15":"product-type-simple"},"_links":{"self":[{"href":"https:\/\/gradinar.ro\/en\/wp-json\/wp\/v2\/product\/44365","targetHints":{"allow":["GET"]}}],"collection":[{"href":"https:\/\/gradinar.ro\/en\/wp-json\/wp\/v2\/product"}],"about":[{"href":"https:\/\/gradinar.ro\/en\/wp-json\/wp\/v2\/types\/product"}],"wp:featuredmedia":[{"embeddable":true,"href":"https:\/\/gradinar.ro\/en\/wp-json\/wp\/v2\/media\/44355"}],"wp:attachment":[{"href":"https:\/\/gradinar.ro\/en\/wp-json\/wp\/v2\/media?parent=44365"}],"wp:term":[{"taxonomy":"brand","embeddable":true,"href":"https:\/\/gradinar.ro\/en\/wp-json\/wp\/v2\/etheme_brands?post=44365"},{"taxonomy":"product_brand","embeddable":true,"href":"https:\/\/gradinar.ro\/en\/wp-json\/wp\/v2\/product_brand?post=44365"},{"taxonomy":"product_cat","embeddable":true,"href":"https:\/\/gradinar.ro\/en\/wp-json\/wp\/v2\/product_cat?post=44365"},{"taxonomy":"product_tag","embeddable":true,"href":"https:\/\/gradinar.ro\/en\/wp-json\/wp\/v2\/product_tag?post=44365"}],"curies":[{"name":"wp","href":"https:\/\/api.w.org\/{rel}","templated":true}]}}