{"id":44418,"date":"2025-08-12T11:51:00","date_gmt":"2025-08-12T08:51:00","guid":{"rendered":"https:\/\/gradinar.ro\/produs\/jardiniera-barcelona-70cm-culoare-antracit\/"},"modified":"2025-08-12T13:29:29","modified_gmt":"2025-08-12T10:29:29","slug":"jardiniera-barcelona-70cm-culoare-antracit","status":"publish","type":"product","link":"https:\/\/gradinar.ro\/en\/produs\/jardiniera-barcelona-70cm-culoare-antracit\/","title":{"rendered":"Jardiniera Barcelona 70cm, culoare antracit"},"content":{"rendered":"<p>Descoper\u0103 elegan\u021ba \u0219i func\u021bionalitatea pe balconul sau \u00een gr\u0103dina ta cu Jardiniera Barcelona de 70cm \u00een culoarea antracit. Design-ul s\u0103u modern \u0219i finisajul \u00eentr-o nuan\u021b\u0103 elegant\u0103 se va integra perfect \u00een decorul exterior al locuin\u021bei tale. Realizat\u0103 din material rezistent la intemperii, aceast\u0103 jardinier\u0103 este ideal\u0103 pentru plantele tale preferate, oferindu-le un habitat sigur \u0219i frumos.<\/p>\n<p>Dimensiunile generoase ale Jardinieri Barcelona \u00ee\u021bi permit s\u0103 amplasezi o varietate divers\u0103 de plante, flori sau ierburi aromatice. Fie c\u0103 vrei s\u0103 realizezi un mic col\u021b de verde\u021buri sau s\u0103 decorezi balconul cu flori viu colorate, aceast\u0103 jardinier\u0103 este alegerea perfect\u0103. Alege s\u0103 aduci natura mai aproape de tine cu ajutorul acestui accesoriu practic \u0219i estetic.<\/p>\n<p>Cu Jardiniera Barcelona de la noi vei transforma orice spa\u021biu \u00eentr-un col\u021b de relaxare \u0219i frumuse\u021be natural\u0103. Aduce un strop de prospe\u021bime \u0219i vitalitate \u00een mediul t\u0103u cu aceast\u0103 jardinier\u0103 de calitate superioar\u0103, g\u00e2ndit\u0103 pentru a-\u021bi aduce un plus de bucurie \u0219i armonie \u00een fiecare zi. Comand\u0103 acum \u0219i bucur\u0103-te de un mediu exterior plin de via\u021b\u0103 \u0219i culoare!<\/p>\n","protected":false},"excerpt":{"rendered":"<p>A venit vremea s\u0103-\u021bi transformi balconul sau gr\u0103dina \u00eentr-o oaz\u0103 de verdea\u021b\u0103 cu stil! Jardiniera Barcelona de 70cm, \u00een eleganta culoare antracit, este alegerea perfect\u0103 pentru a-\u021bi aduce un strop de natur\u0103 chiar la tine acas\u0103. Cu un design modern \u0219i discret, se integreaz\u0103 armonios \u00een orice decor, aduc\u00e2nd un plus de farmec spa\u021biului t\u0103u exterior.<\/p>\n<p>\u00ce\u021bi ofer\u0103 libertatea de a planta flori, ierburi aromatice sau chiar legume \u00eentr-un spa\u021biu compact, reu\u0219ind s\u0103 aduci prospe\u021bimea naturii \u00een mediul urban agitat. Fabricat\u0103 din materiale rezistente la intemperii, jardiniera Barcelona este durabil\u0103 \u0219i u\u0219or de \u00eentre\u021binut, fiind conceput\u0103 pentru a-\u021bi aduce bucurie \u0219i frumuse\u021be timp \u00eendelungat. Completeaz\u0103-\u021bi col\u021bul verde cu acest accesoriu chic \u0219i bucur\u0103-te de relaxarea oferit\u0103 de o mic\u0103 gr\u0103din\u0103 personal\u0103 chiar la tine acas\u0103! [&#8230;]<\/p>\n<p><a class=\"btn btn-secondary understrap-read-more-link\" href=\"https:\/\/gradinar.ro\/en\/produs\/jardiniera-barcelona-70cm-culoare-antracit\/\">Mai mult&#8230;<\/a><\/p>\n","protected":false},"featured_media":44408,"template":"","meta":[],"etheme_brands":[],"product_brand":[483],"product_cat":[286,308],"product_tag":[],"class_list":{"0":"post-44418","1":"product","2":"type-product","3":"status-publish","4":"has-post-thumbnail","6":"product_brand-elho","7":"product_cat-ghivece-masti","8":"product_cat-jardiniere","10":"first","11":"instock","12":"taxable","13":"shipping-taxable","14":"purchasable","15":"product-type-simple"},"_links":{"self":[{"href":"https:\/\/gradinar.ro\/en\/wp-json\/wp\/v2\/product\/44418","targetHints":{"allow":["GET"]}}],"collection":[{"href":"https:\/\/gradinar.ro\/en\/wp-json\/wp\/v2\/product"}],"about":[{"href":"https:\/\/gradinar.ro\/en\/wp-json\/wp\/v2\/types\/product"}],"wp:featuredmedia":[{"embeddable":true,"href":"https:\/\/gradinar.ro\/en\/wp-json\/wp\/v2\/media\/44408"}],"wp:attachment":[{"href":"https:\/\/gradinar.ro\/en\/wp-json\/wp\/v2\/media?parent=44418"}],"wp:term":[{"taxonomy":"brand","embeddable":true,"href":"https:\/\/gradinar.ro\/en\/wp-json\/wp\/v2\/etheme_brands?post=44418"},{"taxonomy":"product_brand","embeddable":true,"href":"https:\/\/gradinar.ro\/en\/wp-json\/wp\/v2\/product_brand?post=44418"},{"taxonomy":"product_cat","embeddable":true,"href":"https:\/\/gradinar.ro\/en\/wp-json\/wp\/v2\/product_cat?post=44418"},{"taxonomy":"product_tag","embeddable":true,"href":"https:\/\/gradinar.ro\/en\/wp-json\/wp\/v2\/product_tag?post=44418"}],"curies":[{"name":"wp","href":"https:\/\/api.w.org\/{rel}","templated":true}]}}