{"id":44451,"date":"2025-08-12T11:52:00","date_gmt":"2025-08-12T08:52:00","guid":{"rendered":"https:\/\/gradinar.ro\/produs\/jardiniera-barcelona-70cm-culoare-alb\/"},"modified":"2025-08-12T13:29:40","modified_gmt":"2025-08-12T10:29:40","slug":"jardiniera-barcelona-70cm-culoare-alb","status":"publish","type":"product","link":"https:\/\/gradinar.ro\/en\/produs\/jardiniera-barcelona-70cm-culoare-alb\/","title":{"rendered":"Jardiniera Barcelona 70cm, culoare alb"},"content":{"rendered":"<p>Transforma-ti gradina intr-un colt de rai cu Jardiniera Barcelona de 70 cm, disponibila intr-o eleganta culoare alba! Aceasta jardiniera aduce un strop de rafinament si stil in spatiul tau exterior, fiind perfecta pentru plantele tale preferate sau flori viu colorate. Cu un design modern si o constructie durabila, acest produs este alegerea ideala pentru a infrumuseta gradina sau terasa ta.<\/p>\n<p>Conceputa pentru a oferi spatiu generos plantelor tale, Jardiniera Barcelona este suficient de incapatoare pentru a gazdui diverse plante decorative sau plante aromatice. Materialul de calitate superioara din care este fabricata asigura rezistenta la intemperii si durabilitate pe termen lung, astfel incat sa te bucuri de frumusetea ei mult timp de acum inainte.<\/p>\n<p>Adauga un strop de eleganta si prospetime spatiului tau exterior cu Jardiniera Barcelona de 70 cm! Simplu de montat si usor de intretinut, aceasta jardiniera este alegerea perfecta pentru cei care apreciaza calitatea si designul in amenajarea gradinilor sau teraselor. Transforma-ti locul preferat intr-o oaza de verdeata cu ajutorul acestei minunate piese de mobilier de gradina!<\/p>\n","protected":false},"excerpt":{"rendered":"<p>Aceast\u0103 jardinier\u0103 din gama Barcelona este exact ceea ce \u00ee\u021bi lipsea pentru a-\u021bi transforma gr\u0103dina sau balconul \u00eentr-un col\u021b verde minunat. Cu o lungime de 70cm \u0219i o culoare alb\u0103 r\u0103coroas\u0103, acest accesoriu este at\u00e2t practic, c\u00e2t \u0219i estetic pl\u0103cut. Cu ajutorul ei, \u00ee\u021bi po\u021bi amenaja spa\u021biul verde preferat \u00eentr-un mod simplu \u0219i elegant.<\/p>\n<p>Materialul de \u00eenalt\u0103 calitate garanteaz\u0103 durabilitate \u0219i rezisten\u021b\u0103 \u00eendelungat\u0103 \u00een fa\u021ba intemperiilor. Astfel, po\u021bi s\u0103 te bucuri de frumoasa ta jardinier\u0103 Barcelona pe tot parcursul anului, f\u0103r\u0103 s\u0103 \u00ee\u021bi faci griji c\u0103 se va deteriora. Alege s\u0103 adaugi aceast\u0103 pies\u0103 deosebit\u0103 \u00een decorul t\u0103u \u0219i fii preg\u0103tit s\u0103 prime\u0219ti complimente din partea tuturor care \u00ee\u021bi vor vizita spa\u021biul verde! [&#8230;]<\/p>\n<p><a class=\"btn btn-secondary understrap-read-more-link\" href=\"https:\/\/gradinar.ro\/en\/produs\/jardiniera-barcelona-70cm-culoare-alb\/\">Mai mult&#8230;<\/a><\/p>\n","protected":false},"featured_media":44441,"template":"","meta":[],"etheme_brands":[],"product_brand":[483],"product_cat":[286,308],"product_tag":[],"class_list":{"0":"post-44451","1":"product","2":"type-product","3":"status-publish","4":"has-post-thumbnail","6":"product_brand-elho","7":"product_cat-ghivece-masti","8":"product_cat-jardiniere","10":"first","11":"instock","12":"taxable","13":"shipping-taxable","14":"purchasable","15":"product-type-simple"},"_links":{"self":[{"href":"https:\/\/gradinar.ro\/en\/wp-json\/wp\/v2\/product\/44451","targetHints":{"allow":["GET"]}}],"collection":[{"href":"https:\/\/gradinar.ro\/en\/wp-json\/wp\/v2\/product"}],"about":[{"href":"https:\/\/gradinar.ro\/en\/wp-json\/wp\/v2\/types\/product"}],"wp:featuredmedia":[{"embeddable":true,"href":"https:\/\/gradinar.ro\/en\/wp-json\/wp\/v2\/media\/44441"}],"wp:attachment":[{"href":"https:\/\/gradinar.ro\/en\/wp-json\/wp\/v2\/media?parent=44451"}],"wp:term":[{"taxonomy":"brand","embeddable":true,"href":"https:\/\/gradinar.ro\/en\/wp-json\/wp\/v2\/etheme_brands?post=44451"},{"taxonomy":"product_brand","embeddable":true,"href":"https:\/\/gradinar.ro\/en\/wp-json\/wp\/v2\/product_brand?post=44451"},{"taxonomy":"product_cat","embeddable":true,"href":"https:\/\/gradinar.ro\/en\/wp-json\/wp\/v2\/product_cat?post=44451"},{"taxonomy":"product_tag","embeddable":true,"href":"https:\/\/gradinar.ro\/en\/wp-json\/wp\/v2\/product_tag?post=44451"}],"curies":[{"name":"wp","href":"https:\/\/api.w.org\/{rel}","templated":true}]}}