{"id":44533,"date":"2025-08-12T11:54:00","date_gmt":"2025-08-12T08:54:00","guid":{"rendered":"https:\/\/gradinar.ro\/produs\/farfurie-pentru-jardiniera-barcelona-50cm-culoare-mint\/"},"modified":"2025-08-12T13:30:05","modified_gmt":"2025-08-12T10:30:05","slug":"farfurie-pentru-jardiniera-barcelona-50cm-culoare-mint","status":"publish","type":"product","link":"https:\/\/gradinar.ro\/en\/produs\/farfurie-pentru-jardiniera-barcelona-50cm-culoare-mint\/","title":{"rendered":"Farfurie pentru jardiniera Barcelona 50cm, culoare mint"},"content":{"rendered":"<p>O farfurie eleganta pentru jardiniera Barcelona de 50cm, in nuanta fresh mint, pentru a aduce un strop de rafinament si naturalete in gradina sau pe terasa ta. Designul sau modern si culorile vibrante vor transforma spatiul verde intr-un coltisor de relaxare si bun gust. Realizata din materiale durabile si rezistente la intemperii, aceasta farfurie aduce un plus de eleganta oricarei aranjamente florale sau plante suculente.<\/p>\n<p>Cu un diametru generos de 50cm, aceasta farfurie este perfecta pentru a gazdui o varietate mare de plante sau flori, permitandu-ti sa iti exprimi creativitatea si sa creezi aranjamente spectaculoase. Indiferent daca alegi sa o amplasezi pe balcon, terasa sau in gradina, farfuria Barcelona se va integra perfect in decorul tau, aducand un aer proaspat si primavaratic.<\/p>\n<p>Alege farfuria pentru jardiniera Barcelona 50cm in nuanta mint pentru a transforma spatiul tau exterior intr-un coltisor de relaxare si frumusete, unde te poti bucura de natura si de momentele de liniste. Este momentul sa iti reinventezi gradina sau terasa si sa aduci un strop de eleganta si prospetime cu aceasta farfurie deosebita!<\/p>\n","protected":false},"excerpt":{"rendered":"<p>Aceast\u0103 farfurie pentru jardiniera Barcelona \u00een culoarea mint este exact ceea ce \u00ee\u021bi trebuie pentru a-\u021bi decora gr\u0103dina sau balconul \u00eentr-un stil modern \u0219i fresh. Fie c\u0103 plantezi flori colorate sau ierburi aromate, aceast\u0103 farfurie \u00ee\u021bi va aduce un plus de elegan\u021b\u0103 \u0219i stil. Cu o lungime de 50cm, este suficient de spa\u021bioas\u0103 pentru a g\u0103zdui o varietate de plante \u0219i flori, transform\u00e2ndu-\u021bi spa\u021biul verde \u00eentr-un col\u021b de vis.<\/p>\n<p>Mintul este o culoare neutra\u0306 \u0219i rafinat\u0103, ce se va potrivi cu orice design de exterior, de la minimalist la boho-chic. Po\u021bi alege s\u0103 o asortezi cu alte accesorii de gr\u0103din\u0103 sau s\u0103 o la\u0219i s\u0103 ias\u0103 \u00een eviden\u021b\u0103 singur\u0103, indiferent de alegere, farfuria pentru jardiniera Barcelona va ad\u0103uga un strop de prospe\u021bime \u0219i naturale\u021be mediului t\u0103u. Bucur\u0103-te de frumuse\u021bea naturii la tine acas\u0103 cu aceast\u0103 farfurie elegant\u0103 \u0219i practic\u0103! [&#8230;]<\/p>\n<p><a class=\"btn btn-secondary understrap-read-more-link\" href=\"https:\/\/gradinar.ro\/en\/produs\/farfurie-pentru-jardiniera-barcelona-50cm-culoare-mint\/\">Mai mult&#8230;<\/a><\/p>\n","protected":false},"featured_media":44523,"template":"","meta":[],"etheme_brands":[],"product_brand":[483],"product_cat":[400,286],"product_tag":[],"class_list":{"0":"post-44533","1":"product","2":"type-product","3":"status-publish","4":"has-post-thumbnail","6":"product_brand-elho","7":"product_cat-farfurii-pentru-jardiniere","8":"product_cat-ghivece-masti","10":"first","11":"instock","12":"taxable","13":"shipping-taxable","14":"purchasable","15":"product-type-simple"},"_links":{"self":[{"href":"https:\/\/gradinar.ro\/en\/wp-json\/wp\/v2\/product\/44533","targetHints":{"allow":["GET"]}}],"collection":[{"href":"https:\/\/gradinar.ro\/en\/wp-json\/wp\/v2\/product"}],"about":[{"href":"https:\/\/gradinar.ro\/en\/wp-json\/wp\/v2\/types\/product"}],"wp:featuredmedia":[{"embeddable":true,"href":"https:\/\/gradinar.ro\/en\/wp-json\/wp\/v2\/media\/44523"}],"wp:attachment":[{"href":"https:\/\/gradinar.ro\/en\/wp-json\/wp\/v2\/media?parent=44533"}],"wp:term":[{"taxonomy":"brand","embeddable":true,"href":"https:\/\/gradinar.ro\/en\/wp-json\/wp\/v2\/etheme_brands?post=44533"},{"taxonomy":"product_brand","embeddable":true,"href":"https:\/\/gradinar.ro\/en\/wp-json\/wp\/v2\/product_brand?post=44533"},{"taxonomy":"product_cat","embeddable":true,"href":"https:\/\/gradinar.ro\/en\/wp-json\/wp\/v2\/product_cat?post=44533"},{"taxonomy":"product_tag","embeddable":true,"href":"https:\/\/gradinar.ro\/en\/wp-json\/wp\/v2\/product_tag?post=44533"}],"curies":[{"name":"wp","href":"https:\/\/api.w.org\/{rel}","templated":true}]}}