{"id":44555,"date":"2025-08-12T11:55:00","date_gmt":"2025-08-12T08:55:00","guid":{"rendered":"https:\/\/gradinar.ro\/produs\/farfurie-pentru-jardiniera-barcelona-70cm-culoare-antracit\/"},"modified":"2025-08-12T13:30:11","modified_gmt":"2025-08-12T10:30:11","slug":"farfurie-pentru-jardiniera-barcelona-70cm-culoare-antracit","status":"publish","type":"product","link":"https:\/\/gradinar.ro\/en\/produs\/farfurie-pentru-jardiniera-barcelona-70cm-culoare-antracit\/","title":{"rendered":"Farfurie pentru jardiniera Barcelona 70cm, culoare antracit"},"content":{"rendered":"<p>Transforma\u021bi-v\u0103 gr\u0103dina sau balconul \u00eentr-o oaz\u0103 de relaxare cu farfuria pentru jardiniera Barcelona de 70 cm \u00een culoarea elegant\u0103 antracit. Fabricat\u0103 din material durabil \u0219i rezistent la intemperii, aceast\u0103 farfurie adaug\u0103 un aspect contemporan \u0219i sofisticat spa\u021biului dvs. de plante. Cu un design simplu \u0219i elegant, se potrive\u0219te perfect \u00een orice decor \u0219i aduce un aer proasp\u0103t \u0219i stilat \u00een mediul pe care-l amenaja\u021bi.<\/p>\n<p>Fiind compatibil\u0103 cu o varietate de dimensiuni de ghivece, aceast\u0103 farfurie pentru jardiniera este extrem de practic\u0103 \u0219i versatil\u0103. Poate fi utilizat\u0103 at\u00e2t \u00een interior, pentru a v\u0103 decora livingul sau biroul, c\u00e2t \u0219i \u00een exterior, pentru a da un plus de elegan\u021b\u0103 gr\u0103dinii sau terasei dvs. Cu o l\u0103\u021bime de 70 cm, acest accesoriu este ideal pentru amenaj\u0103rile cu plante de diferite dimensiuni \u0219i culori, fiind un suport stabil \u0219i robust pentru plantele preferate.<\/p>\n<p>Cu farfuria pentru jardiniera Barcelona de 70 cm, ave\u021bi posibilitatea s\u0103 v\u0103 crea\u021bi propriul col\u021b verde \u00eentr-un mod simplu \u0219i rafinat. Indiferent dac\u0103 opta\u021bi pentru plante decorative sau plante aromatice, aceast\u0103 farfurie v\u0103 va ajuta s\u0103 le expune\u021bi frumos \u0219i s\u0103 le \u00eengriji\u021bi mai u\u0219or. Ad\u0103uga\u021bi un strop de elegan\u021b\u0103 \u0219i rafinament spa\u021biului dvs. exterior sau interior cu ajutorul acestei farfurii pentru jardiniera de \u00eenalt\u0103 calitate, sigur\u0103 s\u0103 v\u0103 aduc\u0103 un z\u00e2mbet pe chip de fiecare dat\u0103 c\u00e2nd v\u0103 bucura\u021bi de frumuse\u021bea plantelor dumneavoastr\u0103.<\/p>\n","protected":false},"excerpt":{"rendered":"<p>Aceast\u0103 farfurie pentru jardiniera este exact ceea ce \u00ee\u021bi trebuie pentru a-\u021bi completa decorul de gr\u0103din\u0103 \u00eentr-un mod elegant \u0219i practic. Cu o lungime de 70cm \u0219i o culoare antracit rafinat\u0103, se potrive\u0219te perfect \u00een orice spa\u021biu verde \u0219i \u00eei ofer\u0103 un aer sofisticat. Po\u021bi s\u0103 o a\u0219ezi pe o teras\u0103 \u00eensorit\u0103 sau \u00eentr-un col\u021b verde al cur\u021bii tale pentru a ad\u0103uga un plus de stil \u0219i func\u021bionalitate.<\/p>\n<p>Fabricat\u0103 din materiale durabile, aceast\u0103 farfurie pentru jardiniera Barcelona \u00ee\u021bi va servi mult timp f\u0103r\u0103 s\u0103-\u0219i piard\u0103 din str\u0103lucirea ini\u021bial\u0103. Poate fi folosit\u0103 pentru a planta flori sau plante decorative, sau chiar pentru a-\u021bi crea un mic col\u021b de ierburi aromatice proaspete. Cu un design simplu \u0219i elegant, aceast\u0103 farfurie este un accesoriu versatil care completeaz\u0103 perfect aspectul gr\u0103dinii tale. [&#8230;]<\/p>\n<p><a class=\"btn btn-secondary understrap-read-more-link\" href=\"https:\/\/gradinar.ro\/en\/produs\/farfurie-pentru-jardiniera-barcelona-70cm-culoare-antracit\/\">Mai mult&#8230;<\/a><\/p>\n","protected":false},"featured_media":44545,"template":"","meta":[],"etheme_brands":[],"product_brand":[483],"product_cat":[400,286],"product_tag":[],"class_list":{"0":"post-44555","1":"product","2":"type-product","3":"status-publish","4":"has-post-thumbnail","6":"product_brand-elho","7":"product_cat-farfurii-pentru-jardiniere","8":"product_cat-ghivece-masti","10":"first","11":"instock","12":"taxable","13":"shipping-taxable","14":"purchasable","15":"product-type-simple"},"_links":{"self":[{"href":"https:\/\/gradinar.ro\/en\/wp-json\/wp\/v2\/product\/44555","targetHints":{"allow":["GET"]}}],"collection":[{"href":"https:\/\/gradinar.ro\/en\/wp-json\/wp\/v2\/product"}],"about":[{"href":"https:\/\/gradinar.ro\/en\/wp-json\/wp\/v2\/types\/product"}],"wp:featuredmedia":[{"embeddable":true,"href":"https:\/\/gradinar.ro\/en\/wp-json\/wp\/v2\/media\/44545"}],"wp:attachment":[{"href":"https:\/\/gradinar.ro\/en\/wp-json\/wp\/v2\/media?parent=44555"}],"wp:term":[{"taxonomy":"brand","embeddable":true,"href":"https:\/\/gradinar.ro\/en\/wp-json\/wp\/v2\/etheme_brands?post=44555"},{"taxonomy":"product_brand","embeddable":true,"href":"https:\/\/gradinar.ro\/en\/wp-json\/wp\/v2\/product_brand?post=44555"},{"taxonomy":"product_cat","embeddable":true,"href":"https:\/\/gradinar.ro\/en\/wp-json\/wp\/v2\/product_cat?post=44555"},{"taxonomy":"product_tag","embeddable":true,"href":"https:\/\/gradinar.ro\/en\/wp-json\/wp\/v2\/product_tag?post=44555"}],"curies":[{"name":"wp","href":"https:\/\/api.w.org\/{rel}","templated":true}]}}