{"id":44588,"date":"2025-08-12T11:56:00","date_gmt":"2025-08-12T08:56:00","guid":{"rendered":"https:\/\/gradinar.ro\/produs\/farfurie-pentru-jardiniera-barcelona-90cm-culoare-taupe\/"},"modified":"2025-08-12T13:30:20","modified_gmt":"2025-08-12T10:30:20","slug":"farfurie-pentru-jardiniera-barcelona-90cm-culoare-taupe","status":"publish","type":"product","link":"https:\/\/gradinar.ro\/en\/produs\/farfurie-pentru-jardiniera-barcelona-90cm-culoare-taupe\/","title":{"rendered":"Farfurie pentru jardiniera Barcelona 90cm, culoare taupe"},"content":{"rendered":"<p>Transforma\u021bi-v\u0103 gr\u0103dina sau terasa \u00eentr-un col\u021b elegant \u0219i sofisticat cu farfuria pentru jardinier\u0103 Barcelona de 90cm \u00een culorile fabuloase de taupe! O pies\u0103 deosebit\u0103 ce aduce un plus de rafinament \u0219i stil oric\u0103rui spa\u021biu exterior, acest produs este alegerea perfect\u0103 pentru a oferi un aspect luxuriant \u0219i bine organizat plantelor dvs.<\/p>\n<p>Fabricat\u0103 din material de calitate superioar\u0103, farfuria pentru jardinier\u0103 Barcelona este rezistent\u0103 la intemperii \u0219i poate fi utilizat\u0103 \u00een orice sezon cu \u00eencredere. \u00cen plus, designul s\u0103u elegant \u0219i modern se potrive\u0219te perfect cu o varietate de stiluri de decor, de la clasic la contemporan.<\/p>\n<p>Cu o lungime de 90cm, aceast\u0103 farfurie pentru jardinier\u0103 ofer\u0103 suficient spa\u021biu pentru a planta flori, ierburi sau plante suculente, transform\u00e2ndu-v\u0103 gr\u0103dina \u00eentr-o oaz\u0103 verde \u0219i plin\u0103 de via\u021b\u0103. Ad\u0103uga\u021bi un strop de elegan\u021b\u0103 \u0219i func\u021bionalitate spa\u021biului dvs. exterior cu acest item deosebit, care nu doar \u00eembun\u0103t\u0103\u021be\u0219te aspectul, dar \u0219i ofer\u0103 un mediu propice pentru dezvoltarea plantelor.<\/p>\n","protected":false},"excerpt":{"rendered":"<p>Aceast\u0103 farfurie pentru jardinier\u0103 este accesoriul de care ai nevoie pentru a-\u021bi transforma gr\u0103dina \u00eentr-un adev\u0103rat paradis plin de frumuse\u021be \u0219i elegan\u021b\u0103. Cu o lungime de 90 cm \u0219i o nuan\u021b\u0103 rafinat\u0103 de taupe, se va potrivi perfect \u00een orice peisaj \u0219i va aduce un plus de stil oric\u0103rei decor\u0103ri exterioare.<\/p>\n<p>Fabricat\u0103 din materiale durabile \u0219i rezistente la intemperii, aceast\u0103 farfurie nu doar c\u0103 va \u00eendeplini func\u021bia practic\u0103 de a-\u021bi sus\u021bine plantele preferate \u00een jardinier\u0103, dar va aduce \u0219i o not\u0103 de sofisticare \u0219i rafinament spa\u021biului t\u0103u exterior. Cu un design simplu, dar elegant, se va integra cu u\u0219urin\u021b\u0103 \u00een decorul t\u0103u existent, aduc\u00e2nd un aer modern \u0219i fresh \u00een jurul plantei tale preferate. Transform\u0103-\u021bi balconul sau gr\u0103dina \u00eentr-un loc plin de via\u021b\u0103 \u0219i frumuse\u021be cu ajutorul acestei farfurii pentru jardinier\u0103 Barcelona! [&#8230;]<\/p>\n<p><a class=\"btn btn-secondary understrap-read-more-link\" href=\"https:\/\/gradinar.ro\/en\/produs\/farfurie-pentru-jardiniera-barcelona-90cm-culoare-taupe\/\">Mai mult&#8230;<\/a><\/p>\n","protected":false},"featured_media":44578,"template":"","meta":[],"etheme_brands":[],"product_brand":[483],"product_cat":[400,286],"product_tag":[],"class_list":{"0":"post-44588","1":"product","2":"type-product","3":"status-publish","4":"has-post-thumbnail","6":"product_brand-elho","7":"product_cat-farfurii-pentru-jardiniere","8":"product_cat-ghivece-masti","10":"first","11":"instock","12":"taxable","13":"shipping-taxable","14":"purchasable","15":"product-type-simple"},"_links":{"self":[{"href":"https:\/\/gradinar.ro\/en\/wp-json\/wp\/v2\/product\/44588","targetHints":{"allow":["GET"]}}],"collection":[{"href":"https:\/\/gradinar.ro\/en\/wp-json\/wp\/v2\/product"}],"about":[{"href":"https:\/\/gradinar.ro\/en\/wp-json\/wp\/v2\/types\/product"}],"wp:featuredmedia":[{"embeddable":true,"href":"https:\/\/gradinar.ro\/en\/wp-json\/wp\/v2\/media\/44578"}],"wp:attachment":[{"href":"https:\/\/gradinar.ro\/en\/wp-json\/wp\/v2\/media?parent=44588"}],"wp:term":[{"taxonomy":"brand","embeddable":true,"href":"https:\/\/gradinar.ro\/en\/wp-json\/wp\/v2\/etheme_brands?post=44588"},{"taxonomy":"product_brand","embeddable":true,"href":"https:\/\/gradinar.ro\/en\/wp-json\/wp\/v2\/product_brand?post=44588"},{"taxonomy":"product_cat","embeddable":true,"href":"https:\/\/gradinar.ro\/en\/wp-json\/wp\/v2\/product_cat?post=44588"},{"taxonomy":"product_tag","embeddable":true,"href":"https:\/\/gradinar.ro\/en\/wp-json\/wp\/v2\/product_tag?post=44588"}],"curies":[{"name":"wp","href":"https:\/\/api.w.org\/{rel}","templated":true}]}}