{"id":45409,"date":"2025-08-12T12:19:00","date_gmt":"2025-08-12T09:19:00","guid":{"rendered":"https:\/\/gradinar.ro\/produs\/jardiniera-pentru-balustrada-green-basics-flower-bridge-55cm-culoare-mild-terra\/"},"modified":"2025-08-12T13:33:55","modified_gmt":"2025-08-12T10:33:55","slug":"jardiniera-pentru-balustrada-green-basics-flower-bridge-55cm-culoare-mild-terra","status":"publish","type":"product","link":"https:\/\/gradinar.ro\/en\/produs\/jardiniera-pentru-balustrada-green-basics-flower-bridge-55cm-culoare-mild-terra\/","title":{"rendered":"Jardiniera pentru balustrada green basics flower bridge 55cm, culoare mild terra"},"content":{"rendered":"<p>Lui Elho \u00eei place ca lumea noastr\u0103 s\u0103 fie verde! De aceea, select\u0103m metode de produc\u021bie durabile pentru produsele noastre \u0219i includem plastic reciclat \u00een produsele noastre de baz\u0103 ecologice. Colec\u021bia noastr\u0103 ofer\u0103 at\u00e2t produse func\u021bionale, c\u00e2t \u0219i distractive pentru fiecare faz\u0103 de cre\u0219tere. Elho are c\u00e2te ceva pentru fiecare, fie c\u0103 sunte\u021bi la \u00eenceput de drum, fie c\u0103 v\u0103 cultiva\u021bi cu pasiune propriile alimente de ani de zile.<br \/>\nAcest ghiveci face ca gr\u0103din\u0103ritul pe balcon s\u0103 fie mai u\u0219or ca niciodat\u0103. Ata\u0219area sistemului la balustrad\u0103 este doar o chestiune de secunde. Vecinii se pot bucura \u0219i ei de bunul dvs. gust \u00een materie de plante, pentru c\u0103 acest ghiveci lumineaz\u0103 ambele p\u0103r\u021bi ale balustradei.<\/p>\n","protected":false},"excerpt":{"rendered":"<p>Fabricat din plastic 100% reciclat, realizat cu energie eolian\u0103, 100% reciclabil<br \/>\nAcest ghiveci se potrive\u0219te unei balustrade cu l\u0103\u021bimea de p\u00e2n\u0103 la 6 cm<br \/>\nVine cu 2 cleme u\u0219or de ata\u0219at, astfel \u00eenc\u00e2t ghiveciul nu se va r\u0103sturna [&#8230;]<\/p>\n<p><a class=\"btn btn-secondary understrap-read-more-link\" href=\"https:\/\/gradinar.ro\/en\/produs\/jardiniera-pentru-balustrada-green-basics-flower-bridge-55cm-culoare-mild-terra\/\">Mai mult&#8230;<\/a><\/p>\n","protected":false},"featured_media":45399,"template":"","meta":[],"etheme_brands":[],"product_brand":[483],"product_cat":[286,308],"product_tag":[],"class_list":{"0":"post-45409","1":"product","2":"type-product","3":"status-publish","4":"has-post-thumbnail","6":"product_brand-elho","7":"product_cat-ghivece-masti","8":"product_cat-jardiniere","10":"first","11":"instock","12":"taxable","13":"shipping-taxable","14":"purchasable","15":"product-type-simple"},"_links":{"self":[{"href":"https:\/\/gradinar.ro\/en\/wp-json\/wp\/v2\/product\/45409","targetHints":{"allow":["GET"]}}],"collection":[{"href":"https:\/\/gradinar.ro\/en\/wp-json\/wp\/v2\/product"}],"about":[{"href":"https:\/\/gradinar.ro\/en\/wp-json\/wp\/v2\/types\/product"}],"wp:featuredmedia":[{"embeddable":true,"href":"https:\/\/gradinar.ro\/en\/wp-json\/wp\/v2\/media\/45399"}],"wp:attachment":[{"href":"https:\/\/gradinar.ro\/en\/wp-json\/wp\/v2\/media?parent=45409"}],"wp:term":[{"taxonomy":"brand","embeddable":true,"href":"https:\/\/gradinar.ro\/en\/wp-json\/wp\/v2\/etheme_brands?post=45409"},{"taxonomy":"product_brand","embeddable":true,"href":"https:\/\/gradinar.ro\/en\/wp-json\/wp\/v2\/product_brand?post=45409"},{"taxonomy":"product_cat","embeddable":true,"href":"https:\/\/gradinar.ro\/en\/wp-json\/wp\/v2\/product_cat?post=45409"},{"taxonomy":"product_tag","embeddable":true,"href":"https:\/\/gradinar.ro\/en\/wp-json\/wp\/v2\/product_tag?post=45409"}],"curies":[{"name":"wp","href":"https:\/\/api.w.org\/{rel}","templated":true}]}}