{"id":45930,"date":"2025-08-12T12:35:00","date_gmt":"2025-08-12T09:35:00","guid":{"rendered":"https:\/\/gradinar.ro\/produs\/ghiveci-dublu-pentru-cresterea-cartofilor-pe-balcon-sau-pe-terasa-green-basics-potato-pot-cu-diametrul-de-33cm-din-plastic-reciclat-culoarea-neagra\/"},"modified":"2025-09-02T18:53:47","modified_gmt":"2025-09-02T15:53:47","slug":"ghiveci-dublu-pentru-cresterea-cartofilor-pe-balcon-sau-pe-terasa-green-basics-potato-pot-cu-diametrul-de-33cm-din-plastic-reciclat-culoarea-neagra","status":"publish","type":"product","link":"https:\/\/gradinar.ro\/en\/produs\/ghiveci-dublu-pentru-cresterea-cartofilor-pe-balcon-sau-pe-terasa-green-basics-potato-pot-cu-diametrul-de-33cm-din-plastic-reciclat-culoarea-neagra\/","title":{"rendered":"Ghiveci dublu pentru cresterea cartofilor pe balcon sau pe terasa Green Basics Potato Pot cu diametrul de 33cm, din plastic reciclat, culoarea neagra"},"content":{"rendered":"<p>Ghiveciul de cartofi din colec\u021bia Elho Green Basics faciliteaz\u0103 cultivarea cartofilor la scar\u0103 mic\u0103, chiar si pe balcon sau pe terasa. Ghiveciul este format dintr-un ghiveci special de baz\u0103 \u0219i un ghiveci exterior. Pur \u0219i simplu planta\u021bi cartofii de s\u0103m\u00e2n\u021b\u0103 \u00een ghiveciul de baz\u0103 \u0219i urm\u0103ri\u021bi-i cum cresc ridic\u00e2ndu-l din ghiveciul exterior. C\u00e2nd cartofii sunt suficient de mari, \u00eei pute\u021bi recolta cu u\u0219urin\u021b\u0103 sco\u021b\u00e2nd ghiveciul de baz\u0103. Dac\u0103 este bine \u00eengrijit\u0103, planta va continua s\u0103 produc\u0103 cartofi noi, p\u00e2n\u0103 la primul \u00eenghe\u021b de toamn\u0103. \u00cen plus, ghiveciul v\u0103 asigur\u0103 c\u0103 niciun mucegai sau boal\u0103 nu va afecta solul \u0219i c\u0103 ve\u021bi putea continua s\u0103 cultiva\u021bi cartofi an de an.  <\/p>\n<p>Toate produsele din colec\u021bia Green Basics sunt fabricate din plastic reciclat. Filtrul UV previne decolorarea culorii atunci c\u00e2nd \u00eel l\u0103sa\u021bi la soare. Ghiveciul este u\u0219or \u0219i nu este nicio problem\u0103 dac\u0103 se \u00eent\u00e2mpl\u0103 s\u0103 cad\u0103 din gre\u0219eal\u0103, poate sta \u00een picioare o afacere bun\u0103.<\/p>\n<p>\u2300 32 x h 26 cm<\/p>\n","protected":false},"excerpt":{"rendered":"<p>Ghiveciul de cartofi din colec\u021bia Elho Green Basics faciliteaz\u0103 cultivarea cartofilor la scar\u0103 mic\u0103, chiar si pe balcon sau pe terasa. Ghiveciul este format dintr-un ghiveci special de baz\u0103 \u0219i un ghiveci exterior. Pur \u0219i simplu planta\u021bi cartofii de s\u0103m\u00e2n\u021b\u0103 \u00een ghiveciul de baz\u0103 \u0219i urm\u0103ri\u021bi-i cum cresc ridic\u00e2ndu-l din ghiveciul exterior. C\u00e2nd cartofii sunt [&#8230;]<\/p>\n<p><a class=\"btn btn-secondary understrap-read-more-link\" href=\"https:\/\/gradinar.ro\/en\/produs\/ghiveci-dublu-pentru-cresterea-cartofilor-pe-balcon-sau-pe-terasa-green-basics-potato-pot-cu-diametrul-de-33cm-din-plastic-reciclat-culoarea-neagra\/\">Mai mult&#8230;<\/a><\/p>\n","protected":false},"featured_media":56428,"template":"","meta":[],"etheme_brands":[],"product_brand":[483],"product_cat":[505],"product_tag":[],"class_list":{"0":"post-45930","1":"product","2":"type-product","3":"status-publish","4":"has-post-thumbnail","6":"product_brand-elho","7":"product_cat-idei-cadouri","9":"first","10":"instock","11":"taxable","12":"shipping-taxable","13":"purchasable","14":"product-type-simple"},"_links":{"self":[{"href":"https:\/\/gradinar.ro\/en\/wp-json\/wp\/v2\/product\/45930","targetHints":{"allow":["GET"]}}],"collection":[{"href":"https:\/\/gradinar.ro\/en\/wp-json\/wp\/v2\/product"}],"about":[{"href":"https:\/\/gradinar.ro\/en\/wp-json\/wp\/v2\/types\/product"}],"wp:featuredmedia":[{"embeddable":true,"href":"https:\/\/gradinar.ro\/en\/wp-json\/wp\/v2\/media\/56428"}],"wp:attachment":[{"href":"https:\/\/gradinar.ro\/en\/wp-json\/wp\/v2\/media?parent=45930"}],"wp:term":[{"taxonomy":"brand","embeddable":true,"href":"https:\/\/gradinar.ro\/en\/wp-json\/wp\/v2\/etheme_brands?post=45930"},{"taxonomy":"product_brand","embeddable":true,"href":"https:\/\/gradinar.ro\/en\/wp-json\/wp\/v2\/product_brand?post=45930"},{"taxonomy":"product_cat","embeddable":true,"href":"https:\/\/gradinar.ro\/en\/wp-json\/wp\/v2\/product_cat?post=45930"},{"taxonomy":"product_tag","embeddable":true,"href":"https:\/\/gradinar.ro\/en\/wp-json\/wp\/v2\/product_tag?post=45930"}],"curies":[{"name":"wp","href":"https:\/\/api.w.org\/{rel}","templated":true}]}}