{"id":46220,"date":"2025-08-12T12:43:00","date_gmt":"2025-08-12T09:43:00","guid":{"rendered":"https:\/\/gradinar.ro\/produs\/green-basics-scoop-s-living-black\/"},"modified":"2025-08-12T13:37:30","modified_gmt":"2025-08-12T10:37:30","slug":"green-basics-scoop-s-living-black","status":"publish","type":"product","link":"https:\/\/gradinar.ro\/en\/produs\/green-basics-scoop-s-living-black\/","title":{"rendered":"green basics scoop s living black"},"content":{"rendered":"<p><span style=\"font-family: BrandonGrotesque, Arial, sans-serif;font-size: 17px;letter-spacing: 0.4px\">Lopatica Green basics scoop este pur \u0219i simplu indispensabil\u0103 pentru gr\u0103din\u0103rit. Lopatica mic\u0103 este ideal\u0103 pentru umplerea ghivecelor mici cu p\u0103m\u00e2nt. Lopatica mare este disponibil\u0103 pentru plantarea \u0219i umplerea ghivecelor mai mari. Cu designul s\u0103u ergonomic, aceasta se a\u0219eaz\u0103 confortabil \u00een m\u00e2n\u0103. Lopatica are, de asemenea, un c\u00e2ntar de m\u0103surare. Aceasta v\u0103 permite s\u0103 vede\u021bi exact c\u00e2t de ad\u00e2nc\u0103 este lop\u0103\u021bica \u00een sol. Toate produsele din colec\u021bia Green Basics de la elho sunt fabricate din plastic reciclat. Filtrul UV asigur\u0103 faptul c\u0103 culorile nu se decoloreaz\u0103. Lop\u0103\u021bica green basics este u\u0219or de cur\u0103\u021bat. De asemenea, o pute\u021bi depozita \u00een aer liber cu con\u0219tiin\u021ba \u00eemp\u0103cat\u0103, deoarece este rezistent\u0103 la \u00eenghe\u021b p\u00e2n\u0103 la -40 \u00b0C. Lopatica este u\u0219oar\u0103, incasabil\u0103 \u0219i rezistent\u0103 la rugin\u0103.<\/span><\/p>\n","protected":false},"excerpt":{"rendered":"<ul>\n<li>Fabricat din plastic 100% reciclat, realizat cu energie eolian\u0103, 100% reciclabil<\/li>\n<li>M\u00e2ner ergonomic<\/li>\n<li>Datorit\u0103 filtrului UV, produsele \u00ee\u0219i p\u0103streaz\u0103 culoarea chiar \u0219i \u00een lumina direct\u0103 a soarelui<\/li>\n<\/ul>\n<p> [&#8230;]<\/p>\n<p><a class=\"btn btn-secondary understrap-read-more-link\" href=\"https:\/\/gradinar.ro\/en\/produs\/green-basics-scoop-s-living-black\/\">Mai mult&#8230;<\/a><\/p>\n","protected":false},"featured_media":46208,"template":"","meta":[],"etheme_brands":[],"product_brand":[483],"product_cat":[304,286],"product_tag":[],"class_list":{"0":"post-46220","1":"product","2":"type-product","3":"status-publish","4":"has-post-thumbnail","6":"product_brand-elho","7":"product_cat-ghivece-productie","8":"product_cat-ghivece-masti","10":"first","11":"instock","12":"taxable","13":"shipping-taxable","14":"purchasable","15":"product-type-simple"},"_links":{"self":[{"href":"https:\/\/gradinar.ro\/en\/wp-json\/wp\/v2\/product\/46220","targetHints":{"allow":["GET"]}}],"collection":[{"href":"https:\/\/gradinar.ro\/en\/wp-json\/wp\/v2\/product"}],"about":[{"href":"https:\/\/gradinar.ro\/en\/wp-json\/wp\/v2\/types\/product"}],"wp:featuredmedia":[{"embeddable":true,"href":"https:\/\/gradinar.ro\/en\/wp-json\/wp\/v2\/media\/46208"}],"wp:attachment":[{"href":"https:\/\/gradinar.ro\/en\/wp-json\/wp\/v2\/media?parent=46220"}],"wp:term":[{"taxonomy":"brand","embeddable":true,"href":"https:\/\/gradinar.ro\/en\/wp-json\/wp\/v2\/etheme_brands?post=46220"},{"taxonomy":"product_brand","embeddable":true,"href":"https:\/\/gradinar.ro\/en\/wp-json\/wp\/v2\/product_brand?post=46220"},{"taxonomy":"product_cat","embeddable":true,"href":"https:\/\/gradinar.ro\/en\/wp-json\/wp\/v2\/product_cat?post=46220"},{"taxonomy":"product_tag","embeddable":true,"href":"https:\/\/gradinar.ro\/en\/wp-json\/wp\/v2\/product_tag?post=46220"}],"curies":[{"name":"wp","href":"https:\/\/api.w.org\/{rel}","templated":true}]}}