{"id":46411,"date":"2025-08-12T12:48:00","date_gmt":"2025-08-12T09:48:00","guid":{"rendered":"https:\/\/gradinar.ro\/produs\/jardiniera-green-basics-60cm-culoare-negru\/"},"modified":"2025-08-12T13:38:05","modified_gmt":"2025-08-12T10:38:05","slug":"jardiniera-green-basics-60cm-culoare-negru","status":"publish","type":"product","link":"https:\/\/gradinar.ro\/en\/produs\/jardiniera-green-basics-60cm-culoare-negru\/","title":{"rendered":"Jardiniera green basics 60cm, culoare negru"},"content":{"rendered":"<p>Oferi\u021bi plantei dvs. iubite un camin confortabil cu Jardiniera green basics de 60cm, culoare negru! Aceasta jardiniera eleganta este un must-have pentru orice iubitor de plante care doreste sa aduca un strop de natura in casa sau gradina sa. Cu un design simplu si modern, se integreaza perfect in orice decor si isi va gasi cu siguranta un loc special in inimile tuturor pasionatilor de gradinarit.<\/p>\n<p>Confectionata din materiale durabile, acest produs este creat pentru a rezista in timp si a oferi plantelor dvs. un mediu de crestere optim. Cu o lungime de 60cm, este suficient de spatiosa pentru a gazdui mai multe plante sau flori, permitandu-va sa va creati propriul colt de verdeata in orice spatiu. Cu nuanta eleganta de negru, acesta adauga un strop de rafinament si stil, completand perfect frumusetea plantelor dvs.<\/p>\n<p>Fie ca alegeti sa il asezati pe terasa, balconul sau in gradina, Jardiniera green basics este solutia ideala pentru a va bucura de frumusetea naturii chiar la dumneavoastra acasa. Cu aceasta jardiniera, veti putea crea aranjamente spectaculoase de plante si flori, transformand spatiul dumneavoastra intr-o oaza de liniste si frumusete. Cu Jardiniera green basics, lasati-va creativitatea sa zburde si exprimati-va adevarata pasiune pentru gradinarit!<\/p>\n","protected":false},"excerpt":{"rendered":"<p>\u00ce\u021bi place s\u0103 ai plante peste tot \u00een cas\u0103, dar spa\u021biul \u00eencepe s\u0103 devin\u0103 o problem\u0103? Ei bine, Jardiniera green basics este solu\u021bia perfect\u0103 pentru tine! Cu 60cm lungime \u0219i un design elegant \u00een culoarea neagr\u0103, aceast\u0103 jardinier\u0103 adaug\u0103 un strop de natur\u0103 \u00een orice \u00eenc\u0103pere f\u0103r\u0103 s\u0103 ocupe prea mult spa\u021biu. Po\u021bi s\u0103-\u021bi aranjezi plantele preferate sau chiar s\u0103 \u00eencerci plante suculente pentru un accent modern \u0219i fresh.<\/p>\n<p>Fabricat\u0103 din materiale rezistente \u0219i durabile, Jardiniera green basics este perfect\u0103 pentru at\u00e2t interior, c\u00e2t \u0219i exterior. Po\u021bi s\u0103-\u021bi decorezi balconul sau terasa cu flori vii sau s\u0103 creezi un mic col\u021b verde \u00een livingul t\u0103u. Iar datorit\u0103 formei \u0219i dimensiunilor sale, aceast\u0103 jardinier\u0103 se potrive\u0219te \u00een orice col\u021b al casei tale. D\u0103-\u021bi imagina\u021bia fr\u00e2u liber \u0219i adaug\u0103 un plus de prospe\u021bime spa\u021biului t\u0103u cu ajutorul Jardiniera green basics! [&#8230;]<\/p>\n<p><a class=\"btn btn-secondary understrap-read-more-link\" href=\"https:\/\/gradinar.ro\/en\/produs\/jardiniera-green-basics-60cm-culoare-negru\/\">Mai mult&#8230;<\/a><\/p>\n","protected":false},"featured_media":46401,"template":"","meta":[],"etheme_brands":[],"product_brand":[483],"product_cat":[286,308],"product_tag":[],"class_list":{"0":"post-46411","1":"product","2":"type-product","3":"status-publish","4":"has-post-thumbnail","6":"product_brand-elho","7":"product_cat-ghivece-masti","8":"product_cat-jardiniere","10":"first","11":"instock","12":"taxable","13":"shipping-taxable","14":"purchasable","15":"product-type-simple"},"_links":{"self":[{"href":"https:\/\/gradinar.ro\/en\/wp-json\/wp\/v2\/product\/46411","targetHints":{"allow":["GET"]}}],"collection":[{"href":"https:\/\/gradinar.ro\/en\/wp-json\/wp\/v2\/product"}],"about":[{"href":"https:\/\/gradinar.ro\/en\/wp-json\/wp\/v2\/types\/product"}],"wp:featuredmedia":[{"embeddable":true,"href":"https:\/\/gradinar.ro\/en\/wp-json\/wp\/v2\/media\/46401"}],"wp:attachment":[{"href":"https:\/\/gradinar.ro\/en\/wp-json\/wp\/v2\/media?parent=46411"}],"wp:term":[{"taxonomy":"brand","embeddable":true,"href":"https:\/\/gradinar.ro\/en\/wp-json\/wp\/v2\/etheme_brands?post=46411"},{"taxonomy":"product_brand","embeddable":true,"href":"https:\/\/gradinar.ro\/en\/wp-json\/wp\/v2\/product_brand?post=46411"},{"taxonomy":"product_cat","embeddable":true,"href":"https:\/\/gradinar.ro\/en\/wp-json\/wp\/v2\/product_cat?post=46411"},{"taxonomy":"product_tag","embeddable":true,"href":"https:\/\/gradinar.ro\/en\/wp-json\/wp\/v2\/product_tag?post=46411"}],"curies":[{"name":"wp","href":"https:\/\/api.w.org\/{rel}","templated":true}]}}