{"id":46457,"date":"2025-08-12T12:50:00","date_gmt":"2025-08-12T09:50:00","guid":{"rendered":"https:\/\/gradinar.ro\/produs\/farfurie-pentru-jardiniera-green-basics-40cm-culoare-verde\/"},"modified":"2025-08-12T13:38:17","modified_gmt":"2025-08-12T10:38:17","slug":"farfurie-pentru-jardiniera-green-basics-40cm-culoare-verde","status":"publish","type":"product","link":"https:\/\/gradinar.ro\/en\/produs\/farfurie-pentru-jardiniera-green-basics-40cm-culoare-verde\/","title":{"rendered":"Farfurie pentru jardiniera green basics 40cm, culoare verde"},"content":{"rendered":"<p>Descoper\u0103 farfuria perfect\u0103 pentru gr\u0103dina ta cu farfuria pentru jardiniera green basics de 40cm \u00eentr-o nuan\u021b\u0103 vibrant\u0103 de verde! Fie c\u0103 \u00ee\u021bi dore\u0219ti s\u0103 adaugi un strop de culoare naturii tale sau s\u0103-\u021bi \u00eengrije\u0219ti plantele preferate, aceast\u0103 farfurie este alegerea ideal\u0103. Cu un design elegant \u0219i durabil, vei fi impresionat de calitatea \u0219i utilitatea acestei farfurii pentru jardinier\u0103.<\/p>\n<p>Fabricat\u0103 din materiale reciclate \u0219i prietenoase cu mediul, aceast\u0103 farfurie verde nu doar completeaz\u0103 estetica gr\u0103dinii tale, dar \u0219i s\u0103n\u0103tatea mediului \u00eenconjur\u0103tor. Cu o dimensiune de 40cm, aceast\u0103 farfurie ofer\u0103 spa\u021biu suficient pentru a-\u021bi organiza plantele \u00eentr-un mod elegant \u0219i practic. Po\u021bi a\u0219eza jardiniera direct pe aceast\u0103 farfurie, protej\u00e2nd astfel suprafa\u021ba pe care se afl\u0103.<\/p>\n<p>Investe\u0219te \u00een calitate \u0219i func\u021bionalitate cu farfuria pentru jardiniera green basics de 40cm, care aduce un plus de prospetime \u0219i frumuse\u021be gr\u0103dinii tale! Comand\u0103 acum \u0219i preg\u0103te\u0219te-te s\u0103-\u021bi transformi spa\u021biul verde \u00eentr-un col\u021b de rai \u00eensorit, cu ajutorul acestei farfurii elegante \u0219i practice!<\/p>\n","protected":false},"excerpt":{"rendered":"<p>Aceast\u0103 farfurie pentru jardiniera green basics este exact ce \u00ee\u021bi trebuie pentru a-\u021bi \u00eenfrumuse\u021ba gr\u0103dina sau balconul! Cu o lungime de 40 cm \u0219i o culoare vibrant\u0103 verde, este at\u00e2t practic\u0103, c\u00e2t \u0219i stilat\u0103. Po\u021bi s\u0103 o asortezi cu diverse plante \u0219i flori pentru a crea un col\u021b de poveste \u00een locuin\u021ba ta.<\/p>\n<p>Fabricat\u0103 din materiale durabile \u0219i rezistente la intemperii, aceast\u0103 farfurie pentru jardiniera nu va l\u0103sa solul s\u0103 se scurg\u0103 \u0219i \u00ee\u021bi va facilita \u00eengrijirea plantelor. Este ideal\u0103 at\u00e2t pentru un hobbyist pasionat de gr\u0103din\u0103rit, c\u00e2t \u0219i pentru cei care vor s\u0103 aduc\u0103 un strop de natur\u0103 \u00een casa lor. Po\u021bi s\u0103 te joci cu culorile \u0219i s\u0103 compui adev\u0103rate opere de art\u0103 vegetal\u0103 cu ajutorul acestei farfurii de \u00eenalt\u0103 calitate. [&#8230;]<\/p>\n<p><a class=\"btn btn-secondary understrap-read-more-link\" href=\"https:\/\/gradinar.ro\/en\/produs\/farfurie-pentru-jardiniera-green-basics-40cm-culoare-verde\/\">Mai mult&#8230;<\/a><\/p>\n","protected":false},"featured_media":46445,"template":"","meta":[],"etheme_brands":[],"product_brand":[483],"product_cat":[400,286],"product_tag":[],"class_list":{"0":"post-46457","1":"product","2":"type-product","3":"status-publish","4":"has-post-thumbnail","6":"product_brand-elho","7":"product_cat-farfurii-pentru-jardiniere","8":"product_cat-ghivece-masti","10":"first","11":"instock","12":"taxable","13":"shipping-taxable","14":"purchasable","15":"product-type-simple"},"_links":{"self":[{"href":"https:\/\/gradinar.ro\/en\/wp-json\/wp\/v2\/product\/46457","targetHints":{"allow":["GET"]}}],"collection":[{"href":"https:\/\/gradinar.ro\/en\/wp-json\/wp\/v2\/product"}],"about":[{"href":"https:\/\/gradinar.ro\/en\/wp-json\/wp\/v2\/types\/product"}],"wp:featuredmedia":[{"embeddable":true,"href":"https:\/\/gradinar.ro\/en\/wp-json\/wp\/v2\/media\/46445"}],"wp:attachment":[{"href":"https:\/\/gradinar.ro\/en\/wp-json\/wp\/v2\/media?parent=46457"}],"wp:term":[{"taxonomy":"brand","embeddable":true,"href":"https:\/\/gradinar.ro\/en\/wp-json\/wp\/v2\/etheme_brands?post=46457"},{"taxonomy":"product_brand","embeddable":true,"href":"https:\/\/gradinar.ro\/en\/wp-json\/wp\/v2\/product_brand?post=46457"},{"taxonomy":"product_cat","embeddable":true,"href":"https:\/\/gradinar.ro\/en\/wp-json\/wp\/v2\/product_cat?post=46457"},{"taxonomy":"product_tag","embeddable":true,"href":"https:\/\/gradinar.ro\/en\/wp-json\/wp\/v2\/product_tag?post=46457"}],"curies":[{"name":"wp","href":"https:\/\/api.w.org\/{rel}","templated":true}]}}