{"id":47776,"date":"2025-08-12T13:29:42","date_gmt":"2025-08-12T10:29:42","guid":{"rendered":"https:\/\/gradinar.ro\/produs\/ingrasamant-granulat-organic-dr-soil-pentru-gradina-la-cutie-de-850gr-pentru-uz-hobby\/"},"modified":"2025-08-12T17:26:35","modified_gmt":"2025-08-12T14:26:35","slug":"ingrasamant-granulat-organic-dr-soil-pentru-gradina-la-cutie-de-850gr-pentru-uz-hobby","status":"publish","type":"product","link":"https:\/\/gradinar.ro\/en\/produs\/ingrasamant-granulat-organic-dr-soil-pentru-gradina-la-cutie-de-850gr-pentru-uz-hobby\/","title":{"rendered":"Ingrasamant granulat organic Dr.Soil pentru gradina, la cutie de 850gr, pentru uz hobby"},"content":{"rendered":"<p>\u00cengr\u0103\u0219\u0103m\u00e2nt organic granulat pentru gr\u0103dina de legume Dr.Soil con\u021bine toate macroelementele necesare pentru cre\u0219terea \u0219i dezvoltarea s\u0103n\u0103toas\u0103 a legumelor \u0219i plantelor aromatice, asigur\u00e2nd \u00een mod organic \u0219i pur ecologic nutri\u021bia culturilor pe toat\u0103 durata stadiului vegetal. Azotul nesintetizat din compozi\u021bie asigur\u0103 dezvoltarea frunzelor \u0219i faciliteaz\u0103 fotosinteza, iar fosforul dezvolt\u0103 r\u0103d\u0103cinile \u0219i rizomilor de legume \u0219i plante aromatice, asigur\u00e2nd o mai bun\u0103 nutri\u021bie. Calciul din compozi\u021bie promoveaz\u0103 formarea de tulpini \u0219i frunze puternice, precum \u0219i a unor sisteme radiculare extinse. Con\u021bine microorganisme benefice care contribuie direct la procesul de \u00eenflorire, \u00eenmul\u021bire \u0219i fructificare. \u00cengr\u0103\u0219\u0103m\u00e2ntul este u\u0219or disponibil f\u0103r\u0103 pierderi, asigur\u00e2nd microelemente necesare pentru plantele \u00een cre\u0219tere.<\/p>\n<p>Destinat pentru:<br \/>\n\u2022\tR\u0103saduri sau plante tinere \u00een r\u0103sadni\u021be, sere, gr\u0103din\u0103, ghiveci sau jardinier\u0103<br \/>\n\u2022\tLegume \u0219i plante aromatice deja plantate \u00een gr\u0103din\u0103 sau paturi \u00een\u0103l\u021bate<\/p>\n<p>Perioadele de folosire:<br \/>\nFebruarie \u2013 Iunie<br \/>\nSeptembrie \u2013 Octombrie<\/p>\n<p>Instruc\u021biuni de utilizare:<br \/>\n1. R\u0103saduri \u0219i plante tinere care urmeaz\u0103 s\u0103 fie plantate &#8211; ad\u0103uga\u021bi 25 de grame de \u00eengr\u0103\u0219\u0103m\u00e2nt \u00een momentul plant\u0103rii sau al reloc\u0103rii. Acoperi\u021bi cu substrat \u0219i uda\u021bi corespunz\u0103tor. Repeta\u021bi fertilizarea \u00een perioada februarie-iunie, septembrie-octombrie, cu o pauz\u0103 \u00een perioadele cu temperaturi extreme (iulie-august, noiembrie-ianuarie).<\/p>\n<p>2. Legume \u0219i plante aromatice &#8211; face\u021bi o gaur\u0103 l\u00e2ng\u0103 tulpin\u0103 \u0219i ad\u0103uga\u021bi 25 de grame de \u00eengr\u0103\u0219\u0103m\u00e2nt \u0219i acoperi\u021bi cu substrat. Repeta\u021bi fertilizarea \u00een lunile februarie-iunie, septembrie-octombrie, cu o pauz\u0103 \u00een perioadele cu temperaturi extreme (iulie-august, noiembrie-ianuarie). <\/p>\n<p>Folosi\u021bi numai dac\u0103 exist\u0103 o nevoie recunoscut\u0103. Nu dep\u0103\u0219i\u021bi doza de aplicare.<\/p>\n<p>Recomand\u0103ri de udare:<\/p>\n<p>R\u0103saduri \u0219i plante tinere care urmeaz\u0103 s\u0103 fie plantate \u00een r\u0103sadni\u021be, sere, \u00een gr\u0103din\u0103, \u00een ghivece sau \u00een jardinier\u0103: \u00een momentul plant\u0103rii, se ud\u0103 abundent. Continua\u021bi udarea moderat\u0103 dup\u0103 o s\u0103pt\u0103m\u00e2n\u0103, \u00een func\u021bie de condi\u021biile meteorologice, lumin\u0103 \u0219i temperatur\u0103. <\/p>\n<p>Legume \u0219i plante aromatice \u00een gr\u0103din\u0103 sau \u00een ghiveci\/gr\u0103din\u0103: uda\u021bi moderat \u00een fiecare s\u0103pt\u0103m\u00e2n\u0103, \u00een func\u021bie de condi\u021biile meteorologice.<\/p>\n","protected":false},"excerpt":{"rendered":"<p>&#8211; formul\u0103 organic\u0103, ecologic\u0103<br \/>\n&#8211; stimuleaz\u0103 dezvoltarea optim\u0103 a legumelor \u0219i r\u0103sadurilor<br \/>\n&#8211; asigur\u0103 dezvoltarea frunzelor \u0219i faciliteaz\u0103 fotosinteza<br \/>\n&#8211; cu efect de lung\u0103 durat\u0103 [&#8230;]<\/p>\n<p><a class=\"btn btn-secondary understrap-read-more-link\" href=\"https:\/\/gradinar.ro\/en\/produs\/ingrasamant-granulat-organic-dr-soil-pentru-gradina-la-cutie-de-850gr-pentru-uz-hobby\/\">Mai mult&#8230;<\/a><\/p>\n","protected":false},"featured_media":47748,"template":"","meta":[],"etheme_brands":[],"product_brand":[478],"product_cat":[285,360],"product_tag":[],"class_list":{"0":"post-47776","1":"product","2":"type-product","3":"status-publish","4":"has-post-thumbnail","6":"product_brand-dr-soil","7":"product_cat-fertilizatori","8":"product_cat-ingrasamant-gradina","10":"first","11":"instock","12":"taxable","13":"shipping-taxable","14":"purchasable","15":"product-type-simple"},"_links":{"self":[{"href":"https:\/\/gradinar.ro\/en\/wp-json\/wp\/v2\/product\/47776","targetHints":{"allow":["GET"]}}],"collection":[{"href":"https:\/\/gradinar.ro\/en\/wp-json\/wp\/v2\/product"}],"about":[{"href":"https:\/\/gradinar.ro\/en\/wp-json\/wp\/v2\/types\/product"}],"wp:featuredmedia":[{"embeddable":true,"href":"https:\/\/gradinar.ro\/en\/wp-json\/wp\/v2\/media\/47748"}],"wp:attachment":[{"href":"https:\/\/gradinar.ro\/en\/wp-json\/wp\/v2\/media?parent=47776"}],"wp:term":[{"taxonomy":"brand","embeddable":true,"href":"https:\/\/gradinar.ro\/en\/wp-json\/wp\/v2\/etheme_brands?post=47776"},{"taxonomy":"product_brand","embeddable":true,"href":"https:\/\/gradinar.ro\/en\/wp-json\/wp\/v2\/product_brand?post=47776"},{"taxonomy":"product_cat","embeddable":true,"href":"https:\/\/gradinar.ro\/en\/wp-json\/wp\/v2\/product_cat?post=47776"},{"taxonomy":"product_tag","embeddable":true,"href":"https:\/\/gradinar.ro\/en\/wp-json\/wp\/v2\/product_tag?post=47776"}],"curies":[{"name":"wp","href":"https:\/\/api.w.org\/{rel}","templated":true}]}}