{"id":47793,"date":"2025-08-12T13:30:11","date_gmt":"2025-08-12T10:30:11","guid":{"rendered":"https:\/\/gradinar.ro\/produs\/ingrasamant-granulat-organic-dr-soil-pentru-plante-de-balcon-la-cutie-de-850gr-pentru-uz-hobby\/"},"modified":"2025-08-12T17:26:38","modified_gmt":"2025-08-12T14:26:38","slug":"ingrasamant-granulat-organic-dr-soil-pentru-plante-de-balcon-la-cutie-de-850gr-pentru-uz-hobby","status":"publish","type":"product","link":"https:\/\/gradinar.ro\/en\/produs\/ingrasamant-granulat-organic-dr-soil-pentru-plante-de-balcon-la-cutie-de-850gr-pentru-uz-hobby\/","title":{"rendered":"Ingrasamant granulat organic Dr.Soil pentru plante de balcon, la cutie de 850gr, pentru uz hobby"},"content":{"rendered":"<p>\u00cengr\u0103\u0219\u0103m\u00e2ntul organic granulat pentru plante de balcon de la Dr.Soil con\u021bine to\u021bi macronutrien\u021bii necesari pentru cre\u0219terea \u0219i dezvoltarea s\u0103n\u0103toas\u0103 a plantelor de balcon, asigur\u00e2nd \u00een mod organic \u0219i pur ecologic nutri\u021bia culturilor pe toat\u0103 durata stadiului de plant\u0103. Azotul nesintetizat din compozi\u021bie asigur\u0103 dezvoltarea frunzelor \u0219i faciliteaz\u0103 fotosinteza, iar fosforul dezvolt\u0103 r\u0103d\u0103cinile plantelor de balcon, asigur\u00e2nd o mai bun\u0103 nutri\u021bie a plantelor. Con\u021bine microorganisme benefice care contribuie direct la procesul de \u00eenflorire. \u00cengr\u0103\u0219\u0103m\u00e2ntul este u\u0219or disponibil f\u0103r\u0103 pierderi, asigur\u00e2nd microelemente necesare pentru toat\u0103 perioada de cre\u0219tere. <\/p>\n<p>Destinat pentru:<br \/>\n\u2022\tPlante de balcon: petunii, surfinii, geranium, mu\u0219cate curg\u0103toare, dipladenia etc.<br \/>\n\u2022\tPlante aromatice: rozmarin, cimbru, ment\u0103, roini\u021b\u0103 etc.<br \/>\n\u2022\tArbu\u0219ti ornamentali: hibiscus, laur, salix, camelia, syringa etc.<\/p>\n<p>Perioadele de folosire:<br \/>\nFebruarie \u2013 Iunie<br \/>\nSeptembrie \u2013 Octombrie<\/p>\n<p>\u00cengr\u0103\u0219\u0103mintele sub form\u0103 de pele\u021bi sunt concepute pentru a se elibera treptat \u0219i pentru a furniza nutrien\u021bii necesari plantelor pe o perioad\u0103 mai lung\u0103 de timp. Acest proces poate varia \u00een func\u021bie de compozi\u021bia \u0219i structura specific\u0103 a \u00eengr\u0103\u0219\u0103m\u00e2ntului, dar \u00een general este influen\u021bat de frecven\u021ba contactului cu apa, de umiditatea \u0219i temperatura din profunzimea solului, de activitatea microorganismelor din sol \u0219i de capacitatea de absorb\u021bie a nutrien\u021bilor de c\u0103tre plante. \u00cengr\u0103\u0219\u0103m\u00e2ntul organic granulat pentru plante de balcon de la Dr.Soil are o rat\u0103 de eliberare de p\u00e2n\u0103 la 3 luni. <\/p>\n<p>Instruc\u021biuni de utilizare:<\/p>\n<p>1. R\u0103saduri de flori sau plante de balcon care urmeaz\u0103 s\u0103 fie plantate \u00een ghivece \u0219i jardiniere &#8211; 25g de \u00eengr\u0103\u0219\u0103m\u00e2nt \u00een momentul plant\u0103rii sau reloc\u0103rii &#8211; o dat\u0103 pe lun\u0103 \u00een lunile februarie-iunie, septembrie-octombrie, cu o pauz\u0103 \u00een perioadele cu temperaturi extreme (iulie-august, noiembrie-ianuarie). <\/p>\n<p>2. Plante de balcon deja plantate \u00een ghivece \u0219i jardiniere &#8211; 25g o dat\u0103 pe lun\u0103 \u00een perioadele februarie-iunie, septembrie-octombrie, cu o pauz\u0103 \u00een perioadele cu temperaturi extreme (iulie-august, noiembrie-ianuarie).<\/p>\n<p>A se utiliza numai \u00een caz de nevoie recunoscut\u0103. Nu dep\u0103\u0219i\u021bi doza de aplicare.<\/p>\n<p>Recomand\u0103ri de udare:<br \/>\nR\u0103saduri de flori \u0219i plante de balcon \u00een ghivece \u0219i jardiniere &#8211; uda\u021bi de 1-2 ori pe s\u0103pt\u0103m\u00e2n\u0103 \u00een timpul sezonului cald, \u00een func\u021bie de expunerea la soare. Pentru plantele din locuri umbroase, uda\u021bi la fiecare 10 zile. \u00cen timpul sezonului rece, uda\u021bi la nevoie, dup\u0103 ce a\u021bi verificat umiditatea solului din interiorul ghiveciului.<\/p>\n","protected":false},"excerpt":{"rendered":"<p>&#8211; formul\u0103 organic\u0103, ecologic\u0103<br \/>\n&#8211; stimuleaz\u0103 cre\u0219terea s\u0103n\u0103toas\u0103 a plantelor de balcon<br \/>\n&#8211; pet-friendly, bee-friendly<br \/>\n&#8211; cu efect de lung\u0103 durat\u0103 [&#8230;]<\/p>\n<p><a class=\"btn btn-secondary understrap-read-more-link\" href=\"https:\/\/gradinar.ro\/en\/produs\/ingrasamant-granulat-organic-dr-soil-pentru-plante-de-balcon-la-cutie-de-850gr-pentru-uz-hobby\/\">Mai mult&#8230;<\/a><\/p>\n","protected":false},"featured_media":47777,"template":"","meta":[],"etheme_brands":[],"product_brand":[478],"product_cat":[285,360],"product_tag":[],"class_list":{"0":"post-47793","1":"product","2":"type-product","3":"status-publish","4":"has-post-thumbnail","6":"product_brand-dr-soil","7":"product_cat-fertilizatori","8":"product_cat-ingrasamant-gradina","10":"first","11":"instock","12":"taxable","13":"shipping-taxable","14":"purchasable","15":"product-type-simple"},"_links":{"self":[{"href":"https:\/\/gradinar.ro\/en\/wp-json\/wp\/v2\/product\/47793","targetHints":{"allow":["GET"]}}],"collection":[{"href":"https:\/\/gradinar.ro\/en\/wp-json\/wp\/v2\/product"}],"about":[{"href":"https:\/\/gradinar.ro\/en\/wp-json\/wp\/v2\/types\/product"}],"wp:featuredmedia":[{"embeddable":true,"href":"https:\/\/gradinar.ro\/en\/wp-json\/wp\/v2\/media\/47777"}],"wp:attachment":[{"href":"https:\/\/gradinar.ro\/en\/wp-json\/wp\/v2\/media?parent=47793"}],"wp:term":[{"taxonomy":"brand","embeddable":true,"href":"https:\/\/gradinar.ro\/en\/wp-json\/wp\/v2\/etheme_brands?post=47793"},{"taxonomy":"product_brand","embeddable":true,"href":"https:\/\/gradinar.ro\/en\/wp-json\/wp\/v2\/product_brand?post=47793"},{"taxonomy":"product_cat","embeddable":true,"href":"https:\/\/gradinar.ro\/en\/wp-json\/wp\/v2\/product_cat?post=47793"},{"taxonomy":"product_tag","embeddable":true,"href":"https:\/\/gradinar.ro\/en\/wp-json\/wp\/v2\/product_tag?post=47793"}],"curies":[{"name":"wp","href":"https:\/\/api.w.org\/{rel}","templated":true}]}}