{"id":47886,"date":"2025-08-12T13:31:07","date_gmt":"2025-08-12T10:31:07","guid":{"rendered":"https:\/\/gradinar.ro\/produs\/ingrasamant-granulat-organic-dr-soil-pentru-trandafiri-la-cutie-de-850gr-pentru-uz-hobby\/"},"modified":"2025-08-12T17:26:59","modified_gmt":"2025-08-12T14:26:59","slug":"ingrasamant-granulat-organic-dr-soil-pentru-trandafiri-la-cutie-de-850gr-pentru-uz-hobby","status":"publish","type":"product","link":"https:\/\/gradinar.ro\/en\/produs\/ingrasamant-granulat-organic-dr-soil-pentru-trandafiri-la-cutie-de-850gr-pentru-uz-hobby\/","title":{"rendered":"Ingrasamant granulat organic Dr.Soil pentru trandafiri, la cutie de 850gr, pentru uz hobby"},"content":{"rendered":"<p>\u00cengr\u0103\u0219\u0103m\u00e2ntul organic granulat pentru trandafiri Dr.Soil con\u021bine toate macroelementele necesare cre\u0219terii \u0219i dezvolt\u0103rii s\u0103n\u0103toase a trandafirilor, asigur\u00e2nd \u00eentr-un mod organic \u0219i pur ecologic nutri\u021bia culturilor pe tot parcursul stadiului vegetal. Azotul nesintetizat din compozi\u021bie asigur\u0103 dezvoltarea foliajului \u0219i faciliteaz\u0103 fotosinteza, fosforul dezvolt\u0103 r\u0103d\u0103cinile trandafirilor iar calciul face planta mai s\u0103n\u0103toas\u0103 \u0219i mai puternic\u0103. Vermicompostul con\u021bine toate elementele necesare dezvolt\u0103rii plantelor, microorganisme benefice, humus \u0219i aminoacizi care contribuie \u00een mod direct la procesul de \u00eenflorire. Calciul din compozi\u021bie influen\u021beaz\u0103 intensitatea parfumului florilor \u0219i coloritul petalelor. \u00cengr\u0103\u0219\u0103m\u00e2ntul este imediat disponibil, f\u0103r\u0103 pierderi, asigur\u00e2nd necesarul de microelemente pentru trandafirii \u00een dezvoltare.<\/p>\n<p>Destinat pentru:<br \/>\n\u2022\tTrandafiri c\u0103\u021b\u0103r\u0103tori<br \/>\n\u2022\tTrandafiri pitici de gr\u0103din\u0103<br \/>\n\u2022\tTrandafiri pentru rabate<br \/>\n\u2022\tTrandafiri pentru gr\u0103din\u0103 \u0219i flori t\u0103iate<\/p>\n<p>Perioadele de folosire:<br \/>\nFebruarie \u2013 Iunie<br \/>\nSeptembrie \u2013 Octombrie<\/p>\n<p>Instruc\u021biuni de utilizare:<\/p>\n<p>1.\tButa\u0219i sau plante care urmeaz\u0103 s\u0103 fie plantate &#8211; 25 gr \u00eengr\u0103\u0219\u0103m\u00e2nt granulat la momentul plant\u0103rii sau reloc\u0103rii \u2013  o dat\u0103 pe lun\u0103 \u00een perioadele februarie \u2013 iunie, septembrie \u2013 octombrie, cu pauz\u0103 \u00een perioadele cu temperaturi extreme (iulie-august, noiembrie \u2013 ianuarie)<\/p>\n<p>2.\t\u00cen cazul plantelor deja plantate, \u00een gr\u0103din\u0103 sau \u00een ghiveci &#8211; 25 gr \u00eengr\u0103\u0219\u0103m\u00e2nt granulat \u2013 o dat\u0103 pe lun\u0103 \u00een perioadele februarie \u2013 iunie, septembrie \u2013 octombrie, cu pauz\u0103 \u00een perioadele cu temperaturi extreme (iulie-august, noiembrie \u2013 ianuarie)<\/p>\n<p>A se utiliza doar \u00een caz de necesitate recunoscut\u0103. A nu se dep\u0103\u0219i doza de aplicare. <\/p>\n<p>Recomand\u0103ri de udare:<\/p>\n<p>\u2022\tButa\u0219i sau plante proasp\u0103t plantate \u00een gr\u0103din\u0103: uda\u021bi la nevoie, \u00een func\u021bie de condi\u021biile meteorologice. \u00cen timpul sezonului cald, suplimenta\u021bi cantitatea de ap\u0103 pentru udare.<\/p>\n<p>\u2022\tPlante mature, deja plantate \u00een gr\u0103din\u0103: uda\u021bi la nevoie, \u00een func\u021bie de condi\u021biile meteorologice. \u00cen timpul sezonului cald, suplimenta\u021bi cantitatea de ap\u0103 pentru udare.<\/p>\n<p>\u2022\tButa\u021bi \u0219i plante plantate \u00een ghivece: verifica\u021bi umiditatea din solul din ghiveci \u0219i uda\u021bi moderat. Repeta\u021bi udarea \u00een func\u021bie de temperatura zonei \u00een care este plasat ghiveciul.<\/p>\n","protected":false},"excerpt":{"rendered":"<p>&#8211; formul\u0103 organic\u0103, ecologic\u0103<br \/>\n&#8211; stimuleaz\u0103 dezvoltarea optim\u0103 a trandafirilor<br \/>\n&#8211; intensific\u0103 culoarea \u0219i parfumul florilor de trandafiri<br \/>\n&#8211; cu efect de lung\u0103 durat\u0103 [&#8230;]<\/p>\n<p><a class=\"btn btn-secondary understrap-read-more-link\" href=\"https:\/\/gradinar.ro\/en\/produs\/ingrasamant-granulat-organic-dr-soil-pentru-trandafiri-la-cutie-de-850gr-pentru-uz-hobby\/\">Mai mult&#8230;<\/a><\/p>\n","protected":false},"featured_media":47848,"template":"","meta":[],"etheme_brands":[],"product_brand":[478],"product_cat":[285,360],"product_tag":[],"class_list":{"0":"post-47886","1":"product","2":"type-product","3":"status-publish","4":"has-post-thumbnail","6":"product_brand-dr-soil","7":"product_cat-fertilizatori","8":"product_cat-ingrasamant-gradina","10":"first","11":"instock","12":"taxable","13":"shipping-taxable","14":"purchasable","15":"product-type-simple"},"_links":{"self":[{"href":"https:\/\/gradinar.ro\/en\/wp-json\/wp\/v2\/product\/47886","targetHints":{"allow":["GET"]}}],"collection":[{"href":"https:\/\/gradinar.ro\/en\/wp-json\/wp\/v2\/product"}],"about":[{"href":"https:\/\/gradinar.ro\/en\/wp-json\/wp\/v2\/types\/product"}],"wp:featuredmedia":[{"embeddable":true,"href":"https:\/\/gradinar.ro\/en\/wp-json\/wp\/v2\/media\/47848"}],"wp:attachment":[{"href":"https:\/\/gradinar.ro\/en\/wp-json\/wp\/v2\/media?parent=47886"}],"wp:term":[{"taxonomy":"brand","embeddable":true,"href":"https:\/\/gradinar.ro\/en\/wp-json\/wp\/v2\/etheme_brands?post=47886"},{"taxonomy":"product_brand","embeddable":true,"href":"https:\/\/gradinar.ro\/en\/wp-json\/wp\/v2\/product_brand?post=47886"},{"taxonomy":"product_cat","embeddable":true,"href":"https:\/\/gradinar.ro\/en\/wp-json\/wp\/v2\/product_cat?post=47886"},{"taxonomy":"product_tag","embeddable":true,"href":"https:\/\/gradinar.ro\/en\/wp-json\/wp\/v2\/product_tag?post=47886"}],"curies":[{"name":"wp","href":"https:\/\/api.w.org\/{rel}","templated":true}]}}