{"id":47899,"date":"2025-08-12T13:31:27","date_gmt":"2025-08-12T10:31:27","guid":{"rendered":"https:\/\/gradinar.ro\/produs\/dr-soil-ingrasamant-organic-lichid-pentru-plante-verzi-1-litru\/"},"modified":"2025-09-29T12:55:04","modified_gmt":"2025-09-29T09:55:04","slug":"dr-soil-ingrasamant-organic-lichid-pentru-plante-verzi-1-litru","status":"publish","type":"product","link":"https:\/\/gradinar.ro\/en\/produs\/dr-soil-ingrasamant-organic-lichid-pentru-plante-verzi-1-litru\/","title":{"rendered":"Dr.Soil Ingrasamant organic lichid pentru plante verzi, 1 Litru"},"content":{"rendered":"<p>\u00ceNGR\u0102\u0218\u0102M\u00c2NTUL ORGANIC LICHID PENTRU PLANTE VERZI DR.SOIL are la baz\u0103 un con\u021binut ridicat de elemente nutritive vitale care stimuleaz\u0103 plantele decorative care se disting prin foliajul verde s\u0103 produc\u0103 frunze puternice, atractive, de o culoare c\u00e2t mai intens\u0103. Se poate folosi pentru toate tipurile de plante verzi de camer\u0103 sau de balcon \u0219i are un efect rapid \u0219i vizibil. \u00cembun\u0103t\u0103\u021be\u0219te fotosinteza \u0219i intensific\u0103 nuan\u021ba de verde. <\/p>\n<p>Plante compatibile \u00een ghiveci: Pothos, Ficus, Calathea, Areca, Cycas, Sanseveria, Zamioculcas, Feriga, Dracaena \u0219.a<\/p>\n<p>Instruc\u021biuni:<br \/>\nPlante de interior care se disting prin foliajul verde \u2013 40ml la un litru de ap\u0103 de udare. Repeta\u021bi fertilizarea prin udare o dat\u0103 pe s\u0103pt\u0103m\u00e2n\u0103 \u00een lunile Martie &#8211; Octombrie. Nu fertiliza\u021bi \u00een timpul iernii.<\/p>\n<p>A se utiliza doar \u00een caz de necesitate recunoscut\u0103. Nu dep\u0103\u0219i\u021bi frecven\u021ba recomandat\u0103 pentru a evita supra-mineralizarea plantelor. Agita\u021bi flaconul \u00eenainte de utilizare.<\/p>\n","protected":false},"excerpt":{"rendered":"<p>&#8211; \u00eengr\u0103\u0219\u0103m\u00e2nt organic lichid pentru plante verzi<br \/>\n&#8211; con\u021binut ridicat de elemente nutritive vitale<br \/>\n&#8211; intensific\u0103 nuan\u021ba de verde<br \/>\n&#8211; efect rapid \u0219i vizibil<br \/>\n&#8211; \u00eembun\u0103t\u0103\u021be\u0219te fotosinteza<br \/>\n&#8211; ambalaj f\u0103r\u0103 con\u021binut petrolier [&#8230;]<\/p>\n<p><a class=\"btn btn-secondary understrap-read-more-link\" href=\"https:\/\/gradinar.ro\/en\/produs\/dr-soil-ingrasamant-organic-lichid-pentru-plante-verzi-1-litru\/\">Mai mult&#8230;<\/a><\/p>\n","protected":false},"featured_media":47887,"template":"","meta":[],"etheme_brands":[],"product_brand":[478],"product_cat":[285,360],"product_tag":[],"class_list":{"0":"post-47899","1":"product","2":"type-product","3":"status-publish","4":"has-post-thumbnail","6":"product_brand-dr-soil","7":"product_cat-fertilizatori","8":"product_cat-ingrasamant-gradina","10":"first","11":"instock","12":"taxable","13":"shipping-taxable","14":"purchasable","15":"product-type-simple"},"_links":{"self":[{"href":"https:\/\/gradinar.ro\/en\/wp-json\/wp\/v2\/product\/47899","targetHints":{"allow":["GET"]}}],"collection":[{"href":"https:\/\/gradinar.ro\/en\/wp-json\/wp\/v2\/product"}],"about":[{"href":"https:\/\/gradinar.ro\/en\/wp-json\/wp\/v2\/types\/product"}],"wp:featuredmedia":[{"embeddable":true,"href":"https:\/\/gradinar.ro\/en\/wp-json\/wp\/v2\/media\/47887"}],"wp:attachment":[{"href":"https:\/\/gradinar.ro\/en\/wp-json\/wp\/v2\/media?parent=47899"}],"wp:term":[{"taxonomy":"brand","embeddable":true,"href":"https:\/\/gradinar.ro\/en\/wp-json\/wp\/v2\/etheme_brands?post=47899"},{"taxonomy":"product_brand","embeddable":true,"href":"https:\/\/gradinar.ro\/en\/wp-json\/wp\/v2\/product_brand?post=47899"},{"taxonomy":"product_cat","embeddable":true,"href":"https:\/\/gradinar.ro\/en\/wp-json\/wp\/v2\/product_cat?post=47899"},{"taxonomy":"product_tag","embeddable":true,"href":"https:\/\/gradinar.ro\/en\/wp-json\/wp\/v2\/product_tag?post=47899"}],"curies":[{"name":"wp","href":"https:\/\/api.w.org\/{rel}","templated":true}]}}