{"id":47948,"date":"2025-08-12T13:32:25","date_gmt":"2025-08-12T10:32:25","guid":{"rendered":"https:\/\/gradinar.ro\/produs\/dr-soil-ingrasamant-organic-lichid-pentru-trandafiri-1litru\/"},"modified":"2025-08-12T17:27:12","modified_gmt":"2025-08-12T14:27:12","slug":"dr-soil-ingrasamant-organic-lichid-pentru-trandafiri-1litru","status":"publish","type":"product","link":"https:\/\/gradinar.ro\/en\/produs\/dr-soil-ingrasamant-organic-lichid-pentru-trandafiri-1litru\/","title":{"rendered":"Dr.Soil Ingrasamant organic lichid pentru trandafiri, 1litru"},"content":{"rendered":"<p>\u00ceNGR\u0102\u0218\u0102M\u00c2NTUL ORGANIC PENTRU TRANDAFIRI DR.SOIL este un \u00eengr\u0103\u0219\u0103m\u00e2nt cu un con\u021binut ridicat de aminoacizi organici vegetali, microelemente \u0219i bor care asigur\u0103 o inflorescen\u021b\u0103 bogat\u0103 \u0219i stimuleaz\u0103 cre\u0219terea intensiv\u0103 a florilor. Aportul de calciu din compozi\u021bie asigur\u0103 rezisten\u021ba mecanic\u0103 a \u021besuturilor \u0219i turgescen\u021ba celular\u0103, fiind implicat \u0219i \u00een procese fiziologice cum ar fi circuitul apei \u0219i al s\u0103rurilor prin pere\u021bii celulari. Protejeaz\u0103 planta \u00eempotriva stresului hidric. Se poate folosi la toate tipurile de roze \u0219i are un efect rapid \u0219i vizibil. \u00cembun\u0103t\u0103\u021be\u0219te procesul de fotosintez\u0103 \u0219i prelunge\u0219te durata \u00eenfloriturii. Accentueaz\u0103 parfumul florilor. <\/p>\n<p>Plante compatibile: toate tipurile de roze<\/p>\n<p>Perioad\u0103 de utilizare:<br \/>\nmartie &#8211; octombrie<\/p>\n<p>Instruc\u021biuni de utilizare:<\/p>\n<p>1.\tButa\u0219i sau plante care urmeaz\u0103 s\u0103 fie plantate \u2013 40ml de \u00eengr\u0103\u0219\u0103m\u00e2nt \u00eentr-un litru de ap\u0103, la momentul replant\u0103rii\/reloc\u0103rii. Repeta\u021bi fertilizarea prin udare de dou\u0103 ori pe s\u0103pt\u0103m\u00e2n\u0103 \u00een timpul perioadei principale de cre\u0219tere. Nu fertiliza\u021bi \u00een timpul iernii.<br \/>\n2.\t\u00cen cazul plantelor deja plantate, \u00een gr\u0103din\u0103 sau \u00een ghiveci &#8211; 40ml de \u00eengr\u0103\u0219\u0103m\u00e2nt \u00eentr-un litru de ap\u0103. Repeta\u021bi fertilizarea prin udare de dou\u0103 ori pe s\u0103pt\u0103m\u00e2n\u0103 \u00een timpul perioadei principale de cre\u0219tere. Nu uda\u021bi bobocii sau florile. Nu fertiliza\u021bi \u00een timpul iernii.<\/p>\n<p>A se utiliza doar \u00een caz de necesitate recunoscut\u0103. Este recomandat s\u0103 nu dep\u0103\u0219i\u021bi dozele recomandare deoarece se pot arde microcapilarit\u0103\u021bile sau \u00eentreaga structur\u0103 vegetal\u0103 poate fi afectat\u0103. Agita\u021bi flaconul \u00eenainte de utilizare!<\/p>\n","protected":false},"excerpt":{"rendered":"<p>&#8211; formul\u0103 organic\u0103, ecologic\u0103<br \/>\n&#8211; stimuleaz\u0103 dezvoltarea optim\u0103 a trandafirilor<br \/>\n&#8211; intensific\u0103 culoarea \u0219i parfumul florilor de trandafiri<br \/>\n&#8211; cu efect de lung\u0103 durat\u0103<br \/>\n&#8211; ambalaj f\u0103r\u0103 con\u021binut petrolier [&#8230;]<\/p>\n<p><a class=\"btn btn-secondary understrap-read-more-link\" href=\"https:\/\/gradinar.ro\/en\/produs\/dr-soil-ingrasamant-organic-lichid-pentru-trandafiri-1litru\/\">Mai mult&#8230;<\/a><\/p>\n","protected":false},"featured_media":47926,"template":"","meta":[],"etheme_brands":[],"product_brand":[478],"product_cat":[285,360],"product_tag":[],"class_list":{"0":"post-47948","1":"product","2":"type-product","3":"status-publish","4":"has-post-thumbnail","6":"product_brand-dr-soil","7":"product_cat-fertilizatori","8":"product_cat-ingrasamant-gradina","10":"first","11":"instock","12":"taxable","13":"shipping-taxable","14":"purchasable","15":"product-type-simple"},"_links":{"self":[{"href":"https:\/\/gradinar.ro\/en\/wp-json\/wp\/v2\/product\/47948","targetHints":{"allow":["GET"]}}],"collection":[{"href":"https:\/\/gradinar.ro\/en\/wp-json\/wp\/v2\/product"}],"about":[{"href":"https:\/\/gradinar.ro\/en\/wp-json\/wp\/v2\/types\/product"}],"wp:featuredmedia":[{"embeddable":true,"href":"https:\/\/gradinar.ro\/en\/wp-json\/wp\/v2\/media\/47926"}],"wp:attachment":[{"href":"https:\/\/gradinar.ro\/en\/wp-json\/wp\/v2\/media?parent=47948"}],"wp:term":[{"taxonomy":"brand","embeddable":true,"href":"https:\/\/gradinar.ro\/en\/wp-json\/wp\/v2\/etheme_brands?post=47948"},{"taxonomy":"product_brand","embeddable":true,"href":"https:\/\/gradinar.ro\/en\/wp-json\/wp\/v2\/product_brand?post=47948"},{"taxonomy":"product_cat","embeddable":true,"href":"https:\/\/gradinar.ro\/en\/wp-json\/wp\/v2\/product_cat?post=47948"},{"taxonomy":"product_tag","embeddable":true,"href":"https:\/\/gradinar.ro\/en\/wp-json\/wp\/v2\/product_tag?post=47948"}],"curies":[{"name":"wp","href":"https:\/\/api.w.org\/{rel}","templated":true}]}}