{"id":48007,"date":"2025-08-12T13:33:13","date_gmt":"2025-08-12T10:33:13","guid":{"rendered":"https:\/\/gradinar.ro\/produs\/masca-de-ghiveci-premium-cilindrica-rib-nl-din-material-compozit-dimensiuni-35x34cm\/"},"modified":"2025-08-12T17:27:27","modified_gmt":"2025-08-12T14:27:27","slug":"masca-de-ghiveci-premium-cilindrica-rib-nl-din-material-compozit-dimensiuni-35x34cm","status":"publish","type":"product","link":"https:\/\/gradinar.ro\/en\/produs\/masca-de-ghiveci-premium-cilindrica-rib-nl-din-material-compozit-dimensiuni-35x34cm\/","title":{"rendered":"Masca de ghiveci premium cilindrica RIB NL, din material compozit, dimensiuni 35x34cm"},"content":{"rendered":"<p>Masca de ghiveci premium cilindrica RIB NL reprezint\u0103 alegerea ideal\u0103 pentru iubitorii de plante care doresc s\u0103 aduc\u0103 un strop de elegan\u021b\u0103 \u00een decorul interior sau exterior. Fabricat\u0103 dintr-un material compozit de \u00eenalt\u0103 calitate, aceast\u0103 masc\u0103 de ghiveci combina durabilitatea cu un design modern. Cu dimensiuni de 35&#215;34 cm, este perfect\u0103 pentru a ad\u0103posti o gam\u0103 variat\u0103 de plante, de la flori delicate la arbu\u0219ti mai mari. Culoarea Black-gold adaug\u0103 o not\u0103 sofisticat\u0103, fiind u\u0219or de integrat \u00een orice stil de amenajare. Alege\u021bi aceast\u0103 masc\u0103 de ghiveci pentru a v\u0103 transforma spa\u021biul \u0219i a oferi plantelor dumneavoastr\u0103 un cadru pe m\u0103sur\u0103.<\/p>\n","protected":false},"excerpt":{"rendered":"<p>Masca de ghiveci premium cilindrica RIB NL reprezint\u0103 alegerea ideal\u0103 pentru iubitorii de plante care doresc s\u0103 aduc\u0103 un strop de elegan\u021b\u0103 \u00een decorul interior sau exterior. Fabricat\u0103 dintr-un material compozit de \u00eenalt\u0103 calitate, aceast\u0103 masc\u0103 de ghiveci combina durabilitatea cu un design modern. Cu dimensiuni de 35&#215;34 cm, este perfect\u0103 pentru a ad\u0103posti o [&#8230;]<\/p>\n<p><a class=\"btn btn-secondary understrap-read-more-link\" href=\"https:\/\/gradinar.ro\/en\/produs\/masca-de-ghiveci-premium-cilindrica-rib-nl-din-material-compozit-dimensiuni-35x34cm\/\">Mai mult&#8230;<\/a><\/p>\n","protected":false},"featured_media":48001,"template":"","meta":[],"etheme_brands":[],"product_brand":[494],"product_cat":[286,302],"product_tag":[],"class_list":{"0":"post-48007","1":"product","2":"type-product","3":"status-publish","4":"has-post-thumbnail","6":"product_brand-capi-europe","7":"product_cat-ghivece-masti","8":"product_cat-masti","10":"first","11":"instock","12":"taxable","13":"shipping-taxable","14":"purchasable","15":"product-type-simple"},"_links":{"self":[{"href":"https:\/\/gradinar.ro\/en\/wp-json\/wp\/v2\/product\/48007","targetHints":{"allow":["GET"]}}],"collection":[{"href":"https:\/\/gradinar.ro\/en\/wp-json\/wp\/v2\/product"}],"about":[{"href":"https:\/\/gradinar.ro\/en\/wp-json\/wp\/v2\/types\/product"}],"wp:featuredmedia":[{"embeddable":true,"href":"https:\/\/gradinar.ro\/en\/wp-json\/wp\/v2\/media\/48001"}],"wp:attachment":[{"href":"https:\/\/gradinar.ro\/en\/wp-json\/wp\/v2\/media?parent=48007"}],"wp:term":[{"taxonomy":"brand","embeddable":true,"href":"https:\/\/gradinar.ro\/en\/wp-json\/wp\/v2\/etheme_brands?post=48007"},{"taxonomy":"product_brand","embeddable":true,"href":"https:\/\/gradinar.ro\/en\/wp-json\/wp\/v2\/product_brand?post=48007"},{"taxonomy":"product_cat","embeddable":true,"href":"https:\/\/gradinar.ro\/en\/wp-json\/wp\/v2\/product_cat?post=48007"},{"taxonomy":"product_tag","embeddable":true,"href":"https:\/\/gradinar.ro\/en\/wp-json\/wp\/v2\/product_tag?post=48007"}],"curies":[{"name":"wp","href":"https:\/\/api.w.org\/{rel}","templated":true}]}}