{"id":48034,"date":"2025-08-12T13:33:28","date_gmt":"2025-08-12T10:33:28","guid":{"rendered":"https:\/\/gradinar.ro\/produs\/dr-soil-ingrasamant-organic-lichid-universal-1litru\/"},"modified":"2025-08-12T17:27:37","modified_gmt":"2025-08-12T14:27:37","slug":"dr-soil-ingrasamant-organic-lichid-universal-1litru","status":"publish","type":"product","link":"https:\/\/gradinar.ro\/en\/produs\/dr-soil-ingrasamant-organic-lichid-universal-1litru\/","title":{"rendered":"Dr.Soil Ingrasamant organic lichid universal, 1litru"},"content":{"rendered":"<p>\u00ceNGR\u0102\u0218\u0102M\u00c2NTUL ORGANIC UNIVERSAL Dr.Soil este formulat pe baz\u0103 de microelemente, aminoacizi \u0219i acizi humici care asigur\u0103 to\u021bi nutrien\u021bii necesari dezvolt\u0103rii foliajului, stimuleaz\u0103 fotosinteza \u0219i procesul de \u00eenflorire \u0219i ajut\u0103 la dezvoltarea fructului, precum \u0219i transportul de zah\u0103r. Se poate folosi pentru toate tipurile de plante cu flori de camer\u0103, balcon \u0219i gr\u0103din\u0103 \u0219i are un efect rapid \u0219i vizibil. \u00cembun\u0103t\u0103\u021be\u0219te fotosinteza.<\/p>\n<p>Instructiuni:<br \/>\n1. Plante de exterior sau interior \u2013 se dizolv\u0103 40ml de \u00eengr\u0103\u0219\u0103m\u00e2nt \u00een 1L de ap\u0103 \u0219i se ud\u0103.<br \/>\nRepeta\u021bi o dat\u0103 sau de dou\u0103 ori pe s\u0103pt\u0103m\u00e2n\u0103 (\u00een lunile Martie \u2013 Octombrie) sau o dat\u0103 la dou\u0103 s\u0103pt\u0103m\u00e2ni (\u00een lunile Noiembrie \u2013 Octombrie). Adapta\u021bi programul de udare la nevoile specifice ale plantei. Nu fertiliza\u021bi \u00een timpul iernii.<\/p>\n<p>A se utiliza doar \u00een caz de necesitate recunoscut\u0103. Nu dep\u0103\u0219i\u021bi frecven\u021ba recomandat\u0103 pentru a evita supra-mineralizarea plantelor. Nu aplica\u021bi pe flori! Agita\u021bi flaconul \u00eenainte de utilizare.<\/p>\n","protected":false},"excerpt":{"rendered":"<p>&#8211; formulat pe baz\u0103 de microelemente, aminoacizi \u0219i acizi humici<br \/>\n&#8211; pentru toate plantele din gospod\u0103rie<br \/>\n&#8211; \u00eembun\u0103t\u0103\u021be\u0219te fotosinteza<br \/>\n&#8211; efect rapid, cu rezultate vizibile<br \/>\n&#8211; ambalaj f\u0103r\u0103 con\u021binut petrolier [&#8230;]<\/p>\n<p><a class=\"btn btn-secondary understrap-read-more-link\" href=\"https:\/\/gradinar.ro\/en\/produs\/dr-soil-ingrasamant-organic-lichid-universal-1litru\/\">Mai mult&#8230;<\/a><\/p>\n","protected":false},"featured_media":48003,"template":"","meta":[],"etheme_brands":[],"product_brand":[478],"product_cat":[285,360],"product_tag":[],"class_list":{"0":"post-48034","1":"product","2":"type-product","3":"status-publish","4":"has-post-thumbnail","6":"product_brand-dr-soil","7":"product_cat-fertilizatori","8":"product_cat-ingrasamant-gradina","10":"first","11":"instock","12":"taxable","13":"shipping-taxable","14":"purchasable","15":"product-type-simple"},"_links":{"self":[{"href":"https:\/\/gradinar.ro\/en\/wp-json\/wp\/v2\/product\/48034","targetHints":{"allow":["GET"]}}],"collection":[{"href":"https:\/\/gradinar.ro\/en\/wp-json\/wp\/v2\/product"}],"about":[{"href":"https:\/\/gradinar.ro\/en\/wp-json\/wp\/v2\/types\/product"}],"wp:featuredmedia":[{"embeddable":true,"href":"https:\/\/gradinar.ro\/en\/wp-json\/wp\/v2\/media\/48003"}],"wp:attachment":[{"href":"https:\/\/gradinar.ro\/en\/wp-json\/wp\/v2\/media?parent=48034"}],"wp:term":[{"taxonomy":"brand","embeddable":true,"href":"https:\/\/gradinar.ro\/en\/wp-json\/wp\/v2\/etheme_brands?post=48034"},{"taxonomy":"product_brand","embeddable":true,"href":"https:\/\/gradinar.ro\/en\/wp-json\/wp\/v2\/product_brand?post=48034"},{"taxonomy":"product_cat","embeddable":true,"href":"https:\/\/gradinar.ro\/en\/wp-json\/wp\/v2\/product_cat?post=48034"},{"taxonomy":"product_tag","embeddable":true,"href":"https:\/\/gradinar.ro\/en\/wp-json\/wp\/v2\/product_tag?post=48034"}],"curies":[{"name":"wp","href":"https:\/\/api.w.org\/{rel}","templated":true}]}}