{"id":48050,"date":"2025-08-12T13:33:41","date_gmt":"2025-08-12T10:33:41","guid":{"rendered":"https:\/\/gradinar.ro\/produs\/masca-de-ghiveci-premium-cilindrica-rib-nl-din-material-compozit-dimensiuni-62x48cm-culoarea-black-gold\/"},"modified":"2025-08-12T17:27:49","modified_gmt":"2025-08-12T14:27:49","slug":"masca-de-ghiveci-premium-cilindrica-rib-nl-din-material-compozit-dimensiuni-62x48cm-culoarea-black-gold","status":"publish","type":"product","link":"https:\/\/gradinar.ro\/en\/produs\/masca-de-ghiveci-premium-cilindrica-rib-nl-din-material-compozit-dimensiuni-62x48cm-culoarea-black-gold\/","title":{"rendered":"Masca de ghiveci premium cilindrica RIB NL, din material compozit, dimensiuni 62x48cm, culoarea Black-gold"},"content":{"rendered":"<p>Descoperi\u021bi elegan\u021ba \u0219i rafinamentul ghiveciului cilindric premium RIB NL, disponibil \u00eentr-o combina\u021bie sofisticat\u0103 de culori Black-gold. Fabricat dintr-un material compozit de \u00eenalt\u0103 calitate, acest ghiveci nu doar c\u0103 ofer\u0103 un sprijin excelent plantelor dumneavoastr\u0103, dar adaug\u0103 \u0219i un accent deosebit oric\u0103rei \u00eenc\u0103peri sau gr\u0103dini. Cu dimensiunile sale generoase de 62&#215;48 cm, este ideal pentru plante de mari dimensiuni sau pentru aranjamente florale impresionante. Stilul s\u0103u modern se integreaz\u0103 perfect \u00een diverse decoruri, f\u0103c\u00e2ndu-l alegerea perfect\u0103 at\u00e2t pentru utilizare \u00een interior, c\u00e2t \u0219i \u00een exterior. Alege\u021bi Masca de ghiveci premium cilindrica RIB NL pentru a transforma fiecare col\u021b al casei dumneavoastr\u0103 \u00eentr-un spa\u021biu plin de stil \u0219i elegan\u021b\u0103.<\/p>\n","protected":false},"excerpt":{"rendered":"<p>Descoperi\u021bi elegan\u021ba \u0219i rafinamentul ghiveciului cilindric premium RIB NL, disponibil \u00eentr-o combina\u021bie sofisticat\u0103 de culori Black-gold. Fabricat dintr-un material compozit de \u00eenalt\u0103 calitate, acest ghiveci nu doar c\u0103 ofer\u0103 un sprijin excelent plantelor dumneavoastr\u0103, dar adaug\u0103 \u0219i un accent deosebit oric\u0103rei \u00eenc\u0103peri sau gr\u0103dini. Cu dimensiunile sale generoase de 62&#215;48 cm, este ideal pentru plante [&#8230;]<\/p>\n<p><a class=\"btn btn-secondary understrap-read-more-link\" href=\"https:\/\/gradinar.ro\/en\/produs\/masca-de-ghiveci-premium-cilindrica-rib-nl-din-material-compozit-dimensiuni-62x48cm-culoarea-black-gold\/\">Mai mult&#8230;<\/a><\/p>\n","protected":false},"featured_media":48048,"template":"","meta":[],"etheme_brands":[],"product_brand":[494],"product_cat":[286,302],"product_tag":[],"class_list":{"0":"post-48050","1":"product","2":"type-product","3":"status-publish","4":"has-post-thumbnail","6":"product_brand-capi-europe","7":"product_cat-ghivece-masti","8":"product_cat-masti","10":"first","11":"instock","12":"taxable","13":"shipping-taxable","14":"purchasable","15":"product-type-simple"},"_links":{"self":[{"href":"https:\/\/gradinar.ro\/en\/wp-json\/wp\/v2\/product\/48050","targetHints":{"allow":["GET"]}}],"collection":[{"href":"https:\/\/gradinar.ro\/en\/wp-json\/wp\/v2\/product"}],"about":[{"href":"https:\/\/gradinar.ro\/en\/wp-json\/wp\/v2\/types\/product"}],"wp:featuredmedia":[{"embeddable":true,"href":"https:\/\/gradinar.ro\/en\/wp-json\/wp\/v2\/media\/48048"}],"wp:attachment":[{"href":"https:\/\/gradinar.ro\/en\/wp-json\/wp\/v2\/media?parent=48050"}],"wp:term":[{"taxonomy":"brand","embeddable":true,"href":"https:\/\/gradinar.ro\/en\/wp-json\/wp\/v2\/etheme_brands?post=48050"},{"taxonomy":"product_brand","embeddable":true,"href":"https:\/\/gradinar.ro\/en\/wp-json\/wp\/v2\/product_brand?post=48050"},{"taxonomy":"product_cat","embeddable":true,"href":"https:\/\/gradinar.ro\/en\/wp-json\/wp\/v2\/product_cat?post=48050"},{"taxonomy":"product_tag","embeddable":true,"href":"https:\/\/gradinar.ro\/en\/wp-json\/wp\/v2\/product_tag?post=48050"}],"curies":[{"name":"wp","href":"https:\/\/api.w.org\/{rel}","templated":true}]}}