{"id":48087,"date":"2025-08-12T13:34:10","date_gmt":"2025-08-12T10:34:10","guid":{"rendered":"https:\/\/gradinar.ro\/produs\/planter-ball-groove-1312-textile-white\/"},"modified":"2025-08-12T17:28:11","modified_gmt":"2025-08-12T14:28:11","slug":"planter-ball-groove-1312-textile-white","status":"publish","type":"product","link":"https:\/\/gradinar.ro\/en\/produs\/planter-ball-groove-1312-textile-white\/","title":{"rendered":"Planter ball groove 13*12 textile white"},"content":{"rendered":"<p>Ghiveciul premium cu baza rotunjita Groove, realizat din material sintetic de \u00eenalt\u0103 calitate, este alegerea perfect\u0103 pentru iubitorii de plante care doresc s\u0103 aduc\u0103 un strop de elegan\u021b\u0103 \u00een spa\u021biile lor. Cu dimensiunile de 13&#215;12 cm \u0219i culoarea neagr\u0103 sofisticat\u0103, acest ghiveci se integreaz\u0103 armonios \u00een orice decor, fie c\u0103 este vorba despre un interior modern sau unul clasic. Datorit\u0103 materialului s\u0103u durabil, ghiveciul ofer\u0103 o rezisten\u021b\u0103 sporit\u0103 la condi\u021bii meteorologice variate, fiind ideal at\u00e2t pentru utilizarea \u00een interior, c\u00e2t \u0219i \u00een exterior. Alege\u021bi Groove pentru a transforma fiecare plante \u00een punctul de atrac\u021bie al amenaj\u0103rii dumneavoastr\u0103.<\/p>\n","protected":false},"excerpt":{"rendered":"<p>Ghiveciul premium cu baza rotunjita Groove, realizat din material sintetic de \u00eenalt\u0103 calitate, este alegerea perfect\u0103 pentru iubitorii de plante care doresc s\u0103 aduc\u0103 un strop de elegan\u021b\u0103 \u00een spa\u021biile lor. Cu dimensiunile de 13&#215;12 cm \u0219i culoarea neagr\u0103 sofisticat\u0103, acest ghiveci se integreaz\u0103 armonios \u00een orice decor, fie c\u0103 este vorba despre un interior [&#8230;]<\/p>\n<p><a class=\"btn btn-secondary understrap-read-more-link\" href=\"https:\/\/gradinar.ro\/en\/produs\/planter-ball-groove-1312-textile-white\/\">Mai mult&#8230;<\/a><\/p>\n","protected":false},"featured_media":48085,"template":"","meta":[],"etheme_brands":[],"product_brand":[494],"product_cat":[286,302],"product_tag":[],"class_list":{"0":"post-48087","1":"product","2":"type-product","3":"status-publish","4":"has-post-thumbnail","6":"product_brand-capi-europe","7":"product_cat-ghivece-masti","8":"product_cat-masti","10":"first","11":"instock","12":"taxable","13":"shipping-taxable","14":"purchasable","15":"product-type-simple"},"_links":{"self":[{"href":"https:\/\/gradinar.ro\/en\/wp-json\/wp\/v2\/product\/48087","targetHints":{"allow":["GET"]}}],"collection":[{"href":"https:\/\/gradinar.ro\/en\/wp-json\/wp\/v2\/product"}],"about":[{"href":"https:\/\/gradinar.ro\/en\/wp-json\/wp\/v2\/types\/product"}],"wp:featuredmedia":[{"embeddable":true,"href":"https:\/\/gradinar.ro\/en\/wp-json\/wp\/v2\/media\/48085"}],"wp:attachment":[{"href":"https:\/\/gradinar.ro\/en\/wp-json\/wp\/v2\/media?parent=48087"}],"wp:term":[{"taxonomy":"brand","embeddable":true,"href":"https:\/\/gradinar.ro\/en\/wp-json\/wp\/v2\/etheme_brands?post=48087"},{"taxonomy":"product_brand","embeddable":true,"href":"https:\/\/gradinar.ro\/en\/wp-json\/wp\/v2\/product_brand?post=48087"},{"taxonomy":"product_cat","embeddable":true,"href":"https:\/\/gradinar.ro\/en\/wp-json\/wp\/v2\/product_cat?post=48087"},{"taxonomy":"product_tag","embeddable":true,"href":"https:\/\/gradinar.ro\/en\/wp-json\/wp\/v2\/product_tag?post=48087"}],"curies":[{"name":"wp","href":"https:\/\/api.w.org\/{rel}","templated":true}]}}