{"id":48094,"date":"2025-08-12T13:34:15","date_gmt":"2025-08-12T10:34:15","guid":{"rendered":"https:\/\/gradinar.ro\/produs\/planter-ball-groove-16-515-textile-white\/"},"modified":"2025-08-12T17:28:14","modified_gmt":"2025-08-12T14:28:14","slug":"planter-ball-groove-16-515-textile-white","status":"publish","type":"product","link":"https:\/\/gradinar.ro\/en\/produs\/planter-ball-groove-16-515-textile-white\/","title":{"rendered":"Planter ball groove 16.5*15 textile white"},"content":{"rendered":"<p>Ghiveciul premium cu baza rotunjita Groove este o alegere excelent\u0103 pentru iubitorii de plante \u0219i design interior. Fabricat dintr-un material sintetic de calitate superioar\u0103, acest ghiveci se remarc\u0103 prin rezisten\u021ba \u0219i durabilitatea sa, adapt\u00e2ndu-se perfect \u00een orice mediu. Cu dimensiunile de 16,5x15cm \u0219i o elegant\u0103 culoare black, acest ghiveci nu doar c\u0103 ofer\u0103 un suport stabil plantelor dumneavoastr\u0103, dar \u0219i completeaz\u0103 estetic orice decor, fie c\u0103 este vorba de interiorul casei sau de amenajarea unui balcon. Designul s\u0103u modern, cu col\u021buri rotunjite, adaug\u0103 un aer sofisticat \u0219i contemporan, fiind ideal pentru orice tip de plant\u0103, de la flori delicate la plante verzi de interior. Alege\u021bi Ghiveciul premium Groove pentru a aduce un strop de natur\u0103 \u00een spa\u021biul dumneavoastr\u0103, combin\u00e2nd func\u021bionalitatea cu elegan\u021ba.<\/p>\n","protected":false},"excerpt":{"rendered":"<p>Ghiveciul premium cu baza rotunjita Groove este o alegere excelent\u0103 pentru iubitorii de plante \u0219i design interior. Fabricat dintr-un material sintetic de calitate superioar\u0103, acest ghiveci se remarc\u0103 prin rezisten\u021ba \u0219i durabilitatea sa, adapt\u00e2ndu-se perfect \u00een orice mediu. Cu dimensiunile de 16,5x15cm \u0219i o elegant\u0103 culoare black, acest ghiveci nu doar c\u0103 ofer\u0103 un suport [&#8230;]<\/p>\n<p><a class=\"btn btn-secondary understrap-read-more-link\" href=\"https:\/\/gradinar.ro\/en\/produs\/planter-ball-groove-16-515-textile-white\/\">Mai mult&#8230;<\/a><\/p>\n","protected":false},"featured_media":48092,"template":"","meta":[],"etheme_brands":[],"product_brand":[494],"product_cat":[286,302],"product_tag":[],"class_list":{"0":"post-48094","1":"product","2":"type-product","3":"status-publish","4":"has-post-thumbnail","6":"product_brand-capi-europe","7":"product_cat-ghivece-masti","8":"product_cat-masti","10":"first","11":"instock","12":"taxable","13":"shipping-taxable","14":"purchasable","15":"product-type-simple"},"_links":{"self":[{"href":"https:\/\/gradinar.ro\/en\/wp-json\/wp\/v2\/product\/48094","targetHints":{"allow":["GET"]}}],"collection":[{"href":"https:\/\/gradinar.ro\/en\/wp-json\/wp\/v2\/product"}],"about":[{"href":"https:\/\/gradinar.ro\/en\/wp-json\/wp\/v2\/types\/product"}],"wp:featuredmedia":[{"embeddable":true,"href":"https:\/\/gradinar.ro\/en\/wp-json\/wp\/v2\/media\/48092"}],"wp:attachment":[{"href":"https:\/\/gradinar.ro\/en\/wp-json\/wp\/v2\/media?parent=48094"}],"wp:term":[{"taxonomy":"brand","embeddable":true,"href":"https:\/\/gradinar.ro\/en\/wp-json\/wp\/v2\/etheme_brands?post=48094"},{"taxonomy":"product_brand","embeddable":true,"href":"https:\/\/gradinar.ro\/en\/wp-json\/wp\/v2\/product_brand?post=48094"},{"taxonomy":"product_cat","embeddable":true,"href":"https:\/\/gradinar.ro\/en\/wp-json\/wp\/v2\/product_cat?post=48094"},{"taxonomy":"product_tag","embeddable":true,"href":"https:\/\/gradinar.ro\/en\/wp-json\/wp\/v2\/product_tag?post=48094"}],"curies":[{"name":"wp","href":"https:\/\/api.w.org\/{rel}","templated":true}]}}