{"id":48101,"date":"2025-08-12T13:34:19","date_gmt":"2025-08-12T10:34:19","guid":{"rendered":"https:\/\/gradinar.ro\/produs\/planter-ball-groove-12-520-textile-black\/"},"modified":"2025-08-12T17:28:17","modified_gmt":"2025-08-12T14:28:17","slug":"planter-ball-groove-12-520-textile-black","status":"publish","type":"product","link":"https:\/\/gradinar.ro\/en\/produs\/planter-ball-groove-12-520-textile-black\/","title":{"rendered":"Planter ball groove 12.5*20 textile black"},"content":{"rendered":"<p>Descoperi\u021bi ghiveciul premium cu baza rotunjit\u0103 Groove, perfect pentru a ad\u0103uga un strop de elegan\u021b\u0103 spa\u021biului dumneavoastr\u0103. Fabricat din material sintetic de \u00eenalt\u0103 calitate, acest ghiveci este nu doar estetic, ci \u0219i extrem de durabil. Cu dimensiunile sale de 21,5x20cm, este ideal pentru o varietate de plante, de la flori decorative p\u00e2n\u0103 la ierburi aromatice. Culoarea neagr\u0103 minimalist\u0103 se integreaz\u0103 armonios \u00een orice d\u00e9cor, oferind un aspect modern \u0219i sofisticat. Alege\u021bi ghiveciul Groove pentru a v\u0103 exprima stilul personal \u0219i pentru a \u00eembun\u0103t\u0103\u021bi atmosfera din interiorul casei dumneavoastr\u0103.<\/p>\n","protected":false},"excerpt":{"rendered":"<p>Descoperi\u021bi ghiveciul premium cu baza rotunjit\u0103 Groove, perfect pentru a ad\u0103uga un strop de elegan\u021b\u0103 spa\u021biului dumneavoastr\u0103. Fabricat din material sintetic de \u00eenalt\u0103 calitate, acest ghiveci este nu doar estetic, ci \u0219i extrem de durabil. Cu dimensiunile sale de 21,5x20cm, este ideal pentru o varietate de plante, de la flori decorative p\u00e2n\u0103 la ierburi aromatice. [&#8230;]<\/p>\n<p><a class=\"btn btn-secondary understrap-read-more-link\" href=\"https:\/\/gradinar.ro\/en\/produs\/planter-ball-groove-12-520-textile-black\/\">Mai mult&#8230;<\/a><\/p>\n","protected":false},"featured_media":48099,"template":"","meta":[],"etheme_brands":[],"product_brand":[494],"product_cat":[286,302],"product_tag":[],"class_list":{"0":"post-48101","1":"product","2":"type-product","3":"status-publish","4":"has-post-thumbnail","6":"product_brand-capi-europe","7":"product_cat-ghivece-masti","8":"product_cat-masti","10":"first","11":"instock","12":"taxable","13":"shipping-taxable","14":"purchasable","15":"product-type-simple"},"_links":{"self":[{"href":"https:\/\/gradinar.ro\/en\/wp-json\/wp\/v2\/product\/48101","targetHints":{"allow":["GET"]}}],"collection":[{"href":"https:\/\/gradinar.ro\/en\/wp-json\/wp\/v2\/product"}],"about":[{"href":"https:\/\/gradinar.ro\/en\/wp-json\/wp\/v2\/types\/product"}],"wp:featuredmedia":[{"embeddable":true,"href":"https:\/\/gradinar.ro\/en\/wp-json\/wp\/v2\/media\/48099"}],"wp:attachment":[{"href":"https:\/\/gradinar.ro\/en\/wp-json\/wp\/v2\/media?parent=48101"}],"wp:term":[{"taxonomy":"brand","embeddable":true,"href":"https:\/\/gradinar.ro\/en\/wp-json\/wp\/v2\/etheme_brands?post=48101"},{"taxonomy":"product_brand","embeddable":true,"href":"https:\/\/gradinar.ro\/en\/wp-json\/wp\/v2\/product_brand?post=48101"},{"taxonomy":"product_cat","embeddable":true,"href":"https:\/\/gradinar.ro\/en\/wp-json\/wp\/v2\/product_cat?post=48101"},{"taxonomy":"product_tag","embeddable":true,"href":"https:\/\/gradinar.ro\/en\/wp-json\/wp\/v2\/product_tag?post=48101"}],"curies":[{"name":"wp","href":"https:\/\/api.w.org\/{rel}","templated":true}]}}