{"id":48107,"date":"2025-08-12T13:34:24","date_gmt":"2025-08-12T10:34:24","guid":{"rendered":"https:\/\/gradinar.ro\/produs\/planter-ball-groove-1312-sawdust-white\/"},"modified":"2025-08-12T17:28:23","modified_gmt":"2025-08-12T14:28:23","slug":"planter-ball-groove-1312-sawdust-white","status":"publish","type":"product","link":"https:\/\/gradinar.ro\/en\/produs\/planter-ball-groove-1312-sawdust-white\/","title":{"rendered":"Planter ball groove 13*12 sawdust white"},"content":{"rendered":"<p>Ghiveciul premium cu baza rotunjit\u0103 Groove, realizat din material sintetic de calitate superioar\u0103, aduce un plus de elegan\u021b\u0103 \u0219i func\u021bionalitate oric\u0103rui spa\u021biu. Cu dimensiunile de 13&#215;12 cm \u0219i culoarea alb\u0103, acest ghiveci se integreaz\u0103 perfect \u00een orice decor, oferind un aspect modern \u0219i rafinat. Datorit\u0103 materialului sintetic, este u\u0219or de \u00eentre\u021binut \u0219i rezistent la condi\u021bii meteo variate, fiind ideal pentru utilizarea at\u00e2t \u00een interior, c\u00e2t \u0219i \u00een exterior. Alege\u021bi Ghiveciul Groove pentru a eviden\u021bia frumuse\u021bea plantelor dumneavoastr\u0103 \u0219i pentru a completa stilul locuin\u021bei sau al gr\u0103dinii.<\/p>\n","protected":false},"excerpt":{"rendered":"<p>Ghiveciul premium cu baza rotunjit\u0103 Groove, realizat din material sintetic de calitate superioar\u0103, aduce un plus de elegan\u021b\u0103 \u0219i func\u021bionalitate oric\u0103rui spa\u021biu. Cu dimensiunile de 13&#215;12 cm \u0219i culoarea alb\u0103, acest ghiveci se integreaz\u0103 perfect \u00een orice decor, oferind un aspect modern \u0219i rafinat. Datorit\u0103 materialului sintetic, este u\u0219or de \u00eentre\u021binut \u0219i rezistent la condi\u021bii [&#8230;]<\/p>\n<p><a class=\"btn btn-secondary understrap-read-more-link\" href=\"https:\/\/gradinar.ro\/en\/produs\/planter-ball-groove-1312-sawdust-white\/\">Mai mult&#8230;<\/a><\/p>\n","protected":false},"featured_media":48105,"template":"","meta":[],"etheme_brands":[],"product_brand":[494],"product_cat":[286,302],"product_tag":[],"class_list":{"0":"post-48107","1":"product","2":"type-product","3":"status-publish","4":"has-post-thumbnail","6":"product_brand-capi-europe","7":"product_cat-ghivece-masti","8":"product_cat-masti","10":"first","11":"instock","12":"taxable","13":"shipping-taxable","14":"purchasable","15":"product-type-simple"},"_links":{"self":[{"href":"https:\/\/gradinar.ro\/en\/wp-json\/wp\/v2\/product\/48107","targetHints":{"allow":["GET"]}}],"collection":[{"href":"https:\/\/gradinar.ro\/en\/wp-json\/wp\/v2\/product"}],"about":[{"href":"https:\/\/gradinar.ro\/en\/wp-json\/wp\/v2\/types\/product"}],"wp:featuredmedia":[{"embeddable":true,"href":"https:\/\/gradinar.ro\/en\/wp-json\/wp\/v2\/media\/48105"}],"wp:attachment":[{"href":"https:\/\/gradinar.ro\/en\/wp-json\/wp\/v2\/media?parent=48107"}],"wp:term":[{"taxonomy":"brand","embeddable":true,"href":"https:\/\/gradinar.ro\/en\/wp-json\/wp\/v2\/etheme_brands?post=48107"},{"taxonomy":"product_brand","embeddable":true,"href":"https:\/\/gradinar.ro\/en\/wp-json\/wp\/v2\/product_brand?post=48107"},{"taxonomy":"product_cat","embeddable":true,"href":"https:\/\/gradinar.ro\/en\/wp-json\/wp\/v2\/product_cat?post=48107"},{"taxonomy":"product_tag","embeddable":true,"href":"https:\/\/gradinar.ro\/en\/wp-json\/wp\/v2\/product_tag?post=48107"}],"curies":[{"name":"wp","href":"https:\/\/api.w.org\/{rel}","templated":true}]}}