{"id":48112,"date":"2025-08-12T13:34:29","date_gmt":"2025-08-12T10:34:29","guid":{"rendered":"https:\/\/gradinar.ro\/produs\/planter-ball-groove-16-515-sawdust-white\/"},"modified":"2025-08-12T17:28:26","modified_gmt":"2025-08-12T14:28:26","slug":"planter-ball-groove-16-515-sawdust-white","status":"publish","type":"product","link":"https:\/\/gradinar.ro\/en\/produs\/planter-ball-groove-16-515-sawdust-white\/","title":{"rendered":"Planter ball groove 16.5*15 sawdust white"},"content":{"rendered":"<p>Descoperi\u021bi ghiveciul premium cu baza rotunjit\u0103 Groove, realizat din material sintetic de \u00eenalt\u0103 calitate, ideal pentru a ad\u0103uga un strop de elegan\u021b\u0103 oric\u0103rui spa\u021biu. Cu dimensiuni de 16,5 cm \u00een diametru \u0219i 15 cm \u00een \u00een\u0103l\u021bime, acest ghiveci se integreaz\u0103 perfect \u00een decorul casei dumneavoastr\u0103. Culoarea alb\u0103 elegant\u0103 ofer\u0103 un contrast subtil, pun\u00e2nd \u00een valoare plantele pe care le ve\u021bi alege. Designul s\u0103u modern nu doar c\u0103 este estetic pl\u0103cut, dar asigur\u0103 \u0219i durabilitate, fiind rezistent la condi\u021bii diverse. Alege\u021bi ghiveciul Groove \u0219i transforma\u021bi-v\u0103 locuin\u021ba \u00eentr-un refugiu verde.<\/p>\n","protected":false},"excerpt":{"rendered":"<p>Descoperi\u021bi ghiveciul premium cu baza rotunjit\u0103 Groove, realizat din material sintetic de \u00eenalt\u0103 calitate, ideal pentru a ad\u0103uga un strop de elegan\u021b\u0103 oric\u0103rui spa\u021biu. Cu dimensiuni de 16,5 cm \u00een diametru \u0219i 15 cm \u00een \u00een\u0103l\u021bime, acest ghiveci se integreaz\u0103 perfect \u00een decorul casei dumneavoastr\u0103. Culoarea alb\u0103 elegant\u0103 ofer\u0103 un contrast subtil, pun\u00e2nd \u00een valoare [&#8230;]<\/p>\n<p><a class=\"btn btn-secondary understrap-read-more-link\" href=\"https:\/\/gradinar.ro\/en\/produs\/planter-ball-groove-16-515-sawdust-white\/\">Mai mult&#8230;<\/a><\/p>\n","protected":false},"featured_media":48110,"template":"","meta":[],"etheme_brands":[],"product_brand":[494],"product_cat":[286,302],"product_tag":[],"class_list":{"0":"post-48112","1":"product","2":"type-product","3":"status-publish","4":"has-post-thumbnail","6":"product_brand-capi-europe","7":"product_cat-ghivece-masti","8":"product_cat-masti","10":"first","11":"instock","12":"taxable","13":"shipping-taxable","14":"purchasable","15":"product-type-simple"},"_links":{"self":[{"href":"https:\/\/gradinar.ro\/en\/wp-json\/wp\/v2\/product\/48112","targetHints":{"allow":["GET"]}}],"collection":[{"href":"https:\/\/gradinar.ro\/en\/wp-json\/wp\/v2\/product"}],"about":[{"href":"https:\/\/gradinar.ro\/en\/wp-json\/wp\/v2\/types\/product"}],"wp:featuredmedia":[{"embeddable":true,"href":"https:\/\/gradinar.ro\/en\/wp-json\/wp\/v2\/media\/48110"}],"wp:attachment":[{"href":"https:\/\/gradinar.ro\/en\/wp-json\/wp\/v2\/media?parent=48112"}],"wp:term":[{"taxonomy":"brand","embeddable":true,"href":"https:\/\/gradinar.ro\/en\/wp-json\/wp\/v2\/etheme_brands?post=48112"},{"taxonomy":"product_brand","embeddable":true,"href":"https:\/\/gradinar.ro\/en\/wp-json\/wp\/v2\/product_brand?post=48112"},{"taxonomy":"product_cat","embeddable":true,"href":"https:\/\/gradinar.ro\/en\/wp-json\/wp\/v2\/product_cat?post=48112"},{"taxonomy":"product_tag","embeddable":true,"href":"https:\/\/gradinar.ro\/en\/wp-json\/wp\/v2\/product_tag?post=48112"}],"curies":[{"name":"wp","href":"https:\/\/api.w.org\/{rel}","templated":true}]}}