{"id":48139,"date":"2025-08-12T13:34:51","date_gmt":"2025-08-12T10:34:51","guid":{"rendered":"https:\/\/gradinar.ro\/produs\/planter-ball-groove-21-520-artificial-grass-green\/"},"modified":"2025-08-12T17:28:38","modified_gmt":"2025-08-12T14:28:38","slug":"planter-ball-groove-21-520-artificial-grass-green","status":"publish","type":"product","link":"https:\/\/gradinar.ro\/en\/produs\/planter-ball-groove-21-520-artificial-grass-green\/","title":{"rendered":"Planter ball groove 21.5*20 artificial grass green"},"content":{"rendered":"<p>Ghiveciul premium cu baza rotunjit\u0103 Groove este alegerea perfect\u0103 pentru iubitorii de plante care doresc s\u0103 \u00eembun\u0103t\u0103\u021beasc\u0103 estetica spa\u021biului lor. Fabricat dintr-un material sintetic de \u00eenalt\u0103 calitate, acest ghiveci combin\u0103 durabilitatea cu un design elegant. Cu dimensiunile de 21,5&#215;20 cm, este ideal pentru o varietate de plante, aduc\u00e2nd un strop de natur\u0103 \u00een orice \u00eenc\u0103pere. Culoarea verde vibrant\u0103 ofer\u0103 o not\u0103 fresh \u0219i modern\u0103, potrivit\u0103 pentru orice decor interior sau exterior. Indiferent dac\u0103 \u00eel folose\u0219ti pentru a-\u021bi decora biroul, livingul sau terasa, acest ghiveci va ad\u0103uga un strop de rafinament \u0219i stil. Asigur\u0103-te c\u0103 plantele tale beneficiaz\u0103 de un mediu optim de cre\u0219tere cu acest ghiveci elegant \u0219i practic.<\/p>\n","protected":false},"excerpt":{"rendered":"<p>Ghiveciul premium cu baza rotunjit\u0103 Groove este alegerea perfect\u0103 pentru iubitorii de plante care doresc s\u0103 \u00eembun\u0103t\u0103\u021beasc\u0103 estetica spa\u021biului lor. Fabricat dintr-un material sintetic de \u00eenalt\u0103 calitate, acest ghiveci combin\u0103 durabilitatea cu un design elegant. Cu dimensiunile de 21,5&#215;20 cm, este ideal pentru o varietate de plante, aduc\u00e2nd un strop de natur\u0103 \u00een orice \u00eenc\u0103pere. [&#8230;]<\/p>\n<p><a class=\"btn btn-secondary understrap-read-more-link\" href=\"https:\/\/gradinar.ro\/en\/produs\/planter-ball-groove-21-520-artificial-grass-green\/\">Mai mult&#8230;<\/a><\/p>\n","protected":false},"featured_media":48137,"template":"","meta":[],"etheme_brands":[],"product_brand":[494],"product_cat":[286,302],"product_tag":[],"class_list":{"0":"post-48139","1":"product","2":"type-product","3":"status-publish","4":"has-post-thumbnail","6":"product_brand-capi-europe","7":"product_cat-ghivece-masti","8":"product_cat-masti","10":"first","11":"instock","12":"taxable","13":"shipping-taxable","14":"purchasable","15":"product-type-simple"},"_links":{"self":[{"href":"https:\/\/gradinar.ro\/en\/wp-json\/wp\/v2\/product\/48139","targetHints":{"allow":["GET"]}}],"collection":[{"href":"https:\/\/gradinar.ro\/en\/wp-json\/wp\/v2\/product"}],"about":[{"href":"https:\/\/gradinar.ro\/en\/wp-json\/wp\/v2\/types\/product"}],"wp:featuredmedia":[{"embeddable":true,"href":"https:\/\/gradinar.ro\/en\/wp-json\/wp\/v2\/media\/48137"}],"wp:attachment":[{"href":"https:\/\/gradinar.ro\/en\/wp-json\/wp\/v2\/media?parent=48139"}],"wp:term":[{"taxonomy":"brand","embeddable":true,"href":"https:\/\/gradinar.ro\/en\/wp-json\/wp\/v2\/etheme_brands?post=48139"},{"taxonomy":"product_brand","embeddable":true,"href":"https:\/\/gradinar.ro\/en\/wp-json\/wp\/v2\/product_brand?post=48139"},{"taxonomy":"product_cat","embeddable":true,"href":"https:\/\/gradinar.ro\/en\/wp-json\/wp\/v2\/product_cat?post=48139"},{"taxonomy":"product_tag","embeddable":true,"href":"https:\/\/gradinar.ro\/en\/wp-json\/wp\/v2\/product_tag?post=48139"}],"curies":[{"name":"wp","href":"https:\/\/api.w.org\/{rel}","templated":true}]}}