{"id":48146,"date":"2025-08-12T13:34:56","date_gmt":"2025-08-12T10:34:56","guid":{"rendered":"https:\/\/gradinar.ro\/produs\/planter-ball-groove-1312-metalic-copper\/"},"modified":"2025-08-12T17:28:41","modified_gmt":"2025-08-12T14:28:41","slug":"planter-ball-groove-1312-metalic-copper","status":"publish","type":"product","link":"https:\/\/gradinar.ro\/en\/produs\/planter-ball-groove-1312-metalic-copper\/","title":{"rendered":"Planter ball groove 13*12 metalic copper"},"content":{"rendered":"<p>Ghiveciul premium cu baza rotunjita Groove, realizat dintr-un material sintetic de inalt\u0103 calitate, este alegerea ideal\u0103 pentru iubitorii de plante care doresc s\u0103 aduc\u0103 un strop de elegan\u021b\u0103 \u00een decorul casei. Cu dimensiunile sale de 8x6cm, acest ghiveci este perfect pentru plante mici sau aranjamente florale delicate. Culoarea Metallic Copper adaug\u0103 un aspect modern \u0219i sofisticat, transform\u00e2nd fiecare plant\u0103 \u00eentr-un punct de atrac\u021bie. Designul rotunjit al bazei nu doar c\u0103 ofer\u0103 stabilitate, ci \u0219i un aspect estetic pl\u0103cut. Fiind un produs durabil \u0219i u\u0219or de \u00eentre\u021binut, acest ghiveci va \u00eenfrumuse\u021ba orice col\u021b al locuin\u021bei dvs. \u0219i va oferi un cadru perfect pentru natura din interior. Alege\u021bi calitatea \u0219i stilul cu ghiveciul Groove!<\/p>\n","protected":false},"excerpt":{"rendered":"<p>Ghiveciul premium cu baza rotunjita Groove, realizat dintr-un material sintetic de inalt\u0103 calitate, este alegerea ideal\u0103 pentru iubitorii de plante care doresc s\u0103 aduc\u0103 un strop de elegan\u021b\u0103 \u00een decorul casei. Cu dimensiunile sale de 8x6cm, acest ghiveci este perfect pentru plante mici sau aranjamente florale delicate. Culoarea Metallic Copper adaug\u0103 un aspect modern \u0219i [&#8230;]<\/p>\n<p><a class=\"btn btn-secondary understrap-read-more-link\" href=\"https:\/\/gradinar.ro\/en\/produs\/planter-ball-groove-1312-metalic-copper\/\">Mai mult&#8230;<\/a><\/p>\n","protected":false},"featured_media":48144,"template":"","meta":[],"etheme_brands":[],"product_brand":[494],"product_cat":[286,302],"product_tag":[],"class_list":{"0":"post-48146","1":"product","2":"type-product","3":"status-publish","4":"has-post-thumbnail","6":"product_brand-capi-europe","7":"product_cat-ghivece-masti","8":"product_cat-masti","10":"first","11":"instock","12":"taxable","13":"shipping-taxable","14":"purchasable","15":"product-type-simple"},"_links":{"self":[{"href":"https:\/\/gradinar.ro\/en\/wp-json\/wp\/v2\/product\/48146","targetHints":{"allow":["GET"]}}],"collection":[{"href":"https:\/\/gradinar.ro\/en\/wp-json\/wp\/v2\/product"}],"about":[{"href":"https:\/\/gradinar.ro\/en\/wp-json\/wp\/v2\/types\/product"}],"wp:featuredmedia":[{"embeddable":true,"href":"https:\/\/gradinar.ro\/en\/wp-json\/wp\/v2\/media\/48144"}],"wp:attachment":[{"href":"https:\/\/gradinar.ro\/en\/wp-json\/wp\/v2\/media?parent=48146"}],"wp:term":[{"taxonomy":"brand","embeddable":true,"href":"https:\/\/gradinar.ro\/en\/wp-json\/wp\/v2\/etheme_brands?post=48146"},{"taxonomy":"product_brand","embeddable":true,"href":"https:\/\/gradinar.ro\/en\/wp-json\/wp\/v2\/product_brand?post=48146"},{"taxonomy":"product_cat","embeddable":true,"href":"https:\/\/gradinar.ro\/en\/wp-json\/wp\/v2\/product_cat?post=48146"},{"taxonomy":"product_tag","embeddable":true,"href":"https:\/\/gradinar.ro\/en\/wp-json\/wp\/v2\/product_tag?post=48146"}],"curies":[{"name":"wp","href":"https:\/\/api.w.org\/{rel}","templated":true}]}}