{"id":48190,"date":"2025-08-12T13:35:31","date_gmt":"2025-08-12T10:35:31","guid":{"rendered":"https:\/\/gradinar.ro\/produs\/vase-ball-retro-1815-gold\/"},"modified":"2025-08-12T17:29:02","modified_gmt":"2025-08-12T14:29:02","slug":"vase-ball-retro-1815-gold","status":"publish","type":"product","link":"https:\/\/gradinar.ro\/en\/produs\/vase-ball-retro-1815-gold\/","title":{"rendered":"Vase ball retro 18*15 gold"},"content":{"rendered":"<p>Descoperi\u021bi elegan\u021ba atemporal\u0103 a ghiveciului sferic Retro, realizat din material sintetic de \u00eenalt\u0103 calitate. Cu dimensiuni de 18x15cm \u0219i o nuan\u021b\u0103 aurie sofisticat\u0103, acest ghiveci nu doar c\u0103 ofer\u0103 un spa\u021biu ideal pentru plantele dumneavoastr\u0103, dar adaug\u0103 \u0219i un accent decorativ rafinat oric\u0103rei \u00eenc\u0103peri. Designul s\u0103u retro se integreaz\u0103 perfect \u00een diverse stiluri de amenajare, de la clasic la modern. Ideal pentru a eviden\u021bia florile preferate sau plantele suculente, acest ghiveci este u\u0219or de \u00eentre\u021binut \u0219i rezistent la condi\u021bii variate. Alege\u021bi ghiveciul sferic Retro pentru a aduce un strop de elegan\u021b\u0103 \u00een casa dumneavoastr\u0103.<\/p>\n","protected":false},"excerpt":{"rendered":"<p>Descoperi\u021bi elegan\u021ba atemporal\u0103 a ghiveciului sferic Retro, realizat din material sintetic de \u00eenalt\u0103 calitate. Cu dimensiuni de 18x15cm \u0219i o nuan\u021b\u0103 aurie sofisticat\u0103, acest ghiveci nu doar c\u0103 ofer\u0103 un spa\u021biu ideal pentru plantele dumneavoastr\u0103, dar adaug\u0103 \u0219i un accent decorativ rafinat oric\u0103rei \u00eenc\u0103peri. Designul s\u0103u retro se integreaz\u0103 perfect \u00een diverse stiluri de amenajare, [&#8230;]<\/p>\n<p><a class=\"btn btn-secondary understrap-read-more-link\" href=\"https:\/\/gradinar.ro\/en\/produs\/vase-ball-retro-1815-gold\/\">Mai mult&#8230;<\/a><\/p>\n","protected":false},"featured_media":48188,"template":"","meta":[],"etheme_brands":[],"product_brand":[494],"product_cat":[286,302],"product_tag":[],"class_list":{"0":"post-48190","1":"product","2":"type-product","3":"status-publish","4":"has-post-thumbnail","6":"product_brand-capi-europe","7":"product_cat-ghivece-masti","8":"product_cat-masti","10":"first","11":"instock","12":"taxable","13":"shipping-taxable","14":"purchasable","15":"product-type-simple"},"_links":{"self":[{"href":"https:\/\/gradinar.ro\/en\/wp-json\/wp\/v2\/product\/48190","targetHints":{"allow":["GET"]}}],"collection":[{"href":"https:\/\/gradinar.ro\/en\/wp-json\/wp\/v2\/product"}],"about":[{"href":"https:\/\/gradinar.ro\/en\/wp-json\/wp\/v2\/types\/product"}],"wp:featuredmedia":[{"embeddable":true,"href":"https:\/\/gradinar.ro\/en\/wp-json\/wp\/v2\/media\/48188"}],"wp:attachment":[{"href":"https:\/\/gradinar.ro\/en\/wp-json\/wp\/v2\/media?parent=48190"}],"wp:term":[{"taxonomy":"brand","embeddable":true,"href":"https:\/\/gradinar.ro\/en\/wp-json\/wp\/v2\/etheme_brands?post=48190"},{"taxonomy":"product_brand","embeddable":true,"href":"https:\/\/gradinar.ro\/en\/wp-json\/wp\/v2\/product_brand?post=48190"},{"taxonomy":"product_cat","embeddable":true,"href":"https:\/\/gradinar.ro\/en\/wp-json\/wp\/v2\/product_cat?post=48190"},{"taxonomy":"product_tag","embeddable":true,"href":"https:\/\/gradinar.ro\/en\/wp-json\/wp\/v2\/product_tag?post=48190"}],"curies":[{"name":"wp","href":"https:\/\/api.w.org\/{rel}","templated":true}]}}