{"id":48197,"date":"2025-08-12T13:35:36","date_gmt":"2025-08-12T10:35:36","guid":{"rendered":"https:\/\/gradinar.ro\/produs\/vase-ball-retro-2218-gold\/"},"modified":"2025-08-12T17:29:06","modified_gmt":"2025-08-12T14:29:06","slug":"vase-ball-retro-2218-gold","status":"publish","type":"product","link":"https:\/\/gradinar.ro\/en\/produs\/vase-ball-retro-2218-gold\/","title":{"rendered":"Vase ball retro 22*18 gold"},"content":{"rendered":"<p>Masca de ghiveci cu forma sferica Retro aduce un strop de elegan\u021b\u0103 \u0219i originalitate \u00een decorul vostru. Realizat\u0103 din material sintetic de calitate, aceasta se remarc\u0103 prin dimensiunile sale de 18&#215;15 cm \u0219i culoarea sofisticat\u0103 Gold, fiind ideal\u0103 pentru a completa orice spa\u021biu, fie c\u0103 este vorba de interior sau exterior. Designul s\u0103u retro se integreaz\u0103 perfect \u00een orice stil de amenajare, oferind un aspect vintage \u0219i rafinat. Datorit\u0103 materialului rezistent, aceast\u0103 masc\u0103 de ghiveci nu doar c\u0103 este estetic pl\u0103cut\u0103, dar \u0219i durabil\u0103, asigur\u00e2ndu-se astfel c\u0103 plantele voastre beneficiaz\u0103 de un suport elegant \u0219i practic. Alege\u021bi aceast\u0103 masc\u0103 de ghiveci pentru a transforma fiecare col\u021b al casei voastre \u00eentr-un loc deosebit.<\/p>\n","protected":false},"excerpt":{"rendered":"<p>Masca de ghiveci cu forma sferica Retro aduce un strop de elegan\u021b\u0103 \u0219i originalitate \u00een decorul vostru. Realizat\u0103 din material sintetic de calitate, aceasta se remarc\u0103 prin dimensiunile sale de 18&#215;15 cm \u0219i culoarea sofisticat\u0103 Gold, fiind ideal\u0103 pentru a completa orice spa\u021biu, fie c\u0103 este vorba de interior sau exterior. Designul s\u0103u retro se [&#8230;]<\/p>\n<p><a class=\"btn btn-secondary understrap-read-more-link\" href=\"https:\/\/gradinar.ro\/en\/produs\/vase-ball-retro-2218-gold\/\">Mai mult&#8230;<\/a><\/p>\n","protected":false},"featured_media":48195,"template":"","meta":[],"etheme_brands":[],"product_brand":[494],"product_cat":[286,302],"product_tag":[],"class_list":{"0":"post-48197","1":"product","2":"type-product","3":"status-publish","4":"has-post-thumbnail","6":"product_brand-capi-europe","7":"product_cat-ghivece-masti","8":"product_cat-masti","10":"first","11":"instock","12":"taxable","13":"shipping-taxable","14":"purchasable","15":"product-type-simple"},"_links":{"self":[{"href":"https:\/\/gradinar.ro\/en\/wp-json\/wp\/v2\/product\/48197","targetHints":{"allow":["GET"]}}],"collection":[{"href":"https:\/\/gradinar.ro\/en\/wp-json\/wp\/v2\/product"}],"about":[{"href":"https:\/\/gradinar.ro\/en\/wp-json\/wp\/v2\/types\/product"}],"wp:featuredmedia":[{"embeddable":true,"href":"https:\/\/gradinar.ro\/en\/wp-json\/wp\/v2\/media\/48195"}],"wp:attachment":[{"href":"https:\/\/gradinar.ro\/en\/wp-json\/wp\/v2\/media?parent=48197"}],"wp:term":[{"taxonomy":"brand","embeddable":true,"href":"https:\/\/gradinar.ro\/en\/wp-json\/wp\/v2\/etheme_brands?post=48197"},{"taxonomy":"product_brand","embeddable":true,"href":"https:\/\/gradinar.ro\/en\/wp-json\/wp\/v2\/product_brand?post=48197"},{"taxonomy":"product_cat","embeddable":true,"href":"https:\/\/gradinar.ro\/en\/wp-json\/wp\/v2\/product_cat?post=48197"},{"taxonomy":"product_tag","embeddable":true,"href":"https:\/\/gradinar.ro\/en\/wp-json\/wp\/v2\/product_tag?post=48197"}],"curies":[{"name":"wp","href":"https:\/\/api.w.org\/{rel}","templated":true}]}}