{"id":48222,"date":"2025-08-12T13:35:55","date_gmt":"2025-08-12T10:35:55","guid":{"rendered":"https:\/\/gradinar.ro\/produs\/vase-ball-retro-2926-copper\/"},"modified":"2025-08-12T17:29:17","modified_gmt":"2025-08-12T14:29:17","slug":"vase-ball-retro-2926-copper","status":"publish","type":"product","link":"https:\/\/gradinar.ro\/en\/produs\/vase-ball-retro-2926-copper\/","title":{"rendered":"Vase ball retro 29*26 copper"},"content":{"rendered":"<p>\u00cemboga\u021bi-v\u0103 decorul cu aceast\u0103 elegant\u0103 masca de ghiveci cu form\u0103 sferic\u0103, realizat\u0103 din material sintetic de calitate superioar\u0103. Cu dimensiuni de 18&#215;15 cm, este perfect\u0103 pentru a ad\u0103uga un accent retro oric\u0103rui spa\u021biu. Culoarea copper ofer\u0103 o not\u0103 de sofisticare, fiind ideal\u0103 at\u00e2t pentru interioare moderne, c\u00e2t \u0219i pentru cele clasice. Aceast\u0103 masc\u0103 de ghiveci nu doar c\u0103 sus\u021bine plantele, ci \u0219i transform\u0103 ambientul cu designul s\u0103u atr\u0103g\u0103tor. Alege\u021bi aceast\u0103 pies\u0103 declara\u021bie pentru a eviden\u021bia frumuse\u021bea naturii \u00een locuin\u021ba dumneavoastr\u0103.<\/p>\n","protected":false},"excerpt":{"rendered":"<p>\u00cemboga\u021bi-v\u0103 decorul cu aceast\u0103 elegant\u0103 masca de ghiveci cu form\u0103 sferic\u0103, realizat\u0103 din material sintetic de calitate superioar\u0103. Cu dimensiuni de 18&#215;15 cm, este perfect\u0103 pentru a ad\u0103uga un accent retro oric\u0103rui spa\u021biu. Culoarea copper ofer\u0103 o not\u0103 de sofisticare, fiind ideal\u0103 at\u00e2t pentru interioare moderne, c\u00e2t \u0219i pentru cele clasice. Aceast\u0103 masc\u0103 de ghiveci [&#8230;]<\/p>\n<p><a class=\"btn btn-secondary understrap-read-more-link\" href=\"https:\/\/gradinar.ro\/en\/produs\/vase-ball-retro-2926-copper\/\">Mai mult&#8230;<\/a><\/p>\n","protected":false},"featured_media":48220,"template":"","meta":[],"etheme_brands":[],"product_brand":[494],"product_cat":[286,302],"product_tag":[],"class_list":{"0":"post-48222","1":"product","2":"type-product","3":"status-publish","4":"has-post-thumbnail","6":"product_brand-capi-europe","7":"product_cat-ghivece-masti","8":"product_cat-masti","10":"first","11":"instock","12":"taxable","13":"shipping-taxable","14":"purchasable","15":"product-type-simple"},"_links":{"self":[{"href":"https:\/\/gradinar.ro\/en\/wp-json\/wp\/v2\/product\/48222","targetHints":{"allow":["GET"]}}],"collection":[{"href":"https:\/\/gradinar.ro\/en\/wp-json\/wp\/v2\/product"}],"about":[{"href":"https:\/\/gradinar.ro\/en\/wp-json\/wp\/v2\/types\/product"}],"wp:featuredmedia":[{"embeddable":true,"href":"https:\/\/gradinar.ro\/en\/wp-json\/wp\/v2\/media\/48220"}],"wp:attachment":[{"href":"https:\/\/gradinar.ro\/en\/wp-json\/wp\/v2\/media?parent=48222"}],"wp:term":[{"taxonomy":"brand","embeddable":true,"href":"https:\/\/gradinar.ro\/en\/wp-json\/wp\/v2\/etheme_brands?post=48222"},{"taxonomy":"product_brand","embeddable":true,"href":"https:\/\/gradinar.ro\/en\/wp-json\/wp\/v2\/product_brand?post=48222"},{"taxonomy":"product_cat","embeddable":true,"href":"https:\/\/gradinar.ro\/en\/wp-json\/wp\/v2\/product_cat?post=48222"},{"taxonomy":"product_tag","embeddable":true,"href":"https:\/\/gradinar.ro\/en\/wp-json\/wp\/v2\/product_tag?post=48222"}],"curies":[{"name":"wp","href":"https:\/\/api.w.org\/{rel}","templated":true}]}}