{"id":48228,"date":"2025-08-12T13:36:02","date_gmt":"2025-08-12T10:36:02","guid":{"rendered":"https:\/\/gradinar.ro\/produs\/planter-ball-tereazzo-1715-gold\/"},"modified":"2025-08-12T17:29:20","modified_gmt":"2025-08-12T14:29:20","slug":"planter-ball-tereazzo-1715-gold","status":"publish","type":"product","link":"https:\/\/gradinar.ro\/en\/produs\/planter-ball-tereazzo-1715-gold\/","title":{"rendered":"Planter ball tereazzo 17*15 gold"},"content":{"rendered":"<p>Aceast\u0103 ghiveci premium cu baza rotunjit\u0103 este fabricat dintr-un material sintetic de \u00eenalt\u0103 calitate, ce garanteaz\u0103 durabilitate \u0219i rezisten\u021b\u0103 \u00een timp. Cu dimensiunile sale de 17&#215;15 cm, este perfect at\u00e2t pentru plantele de interior, c\u00e2t \u0219i pentru cele exterioare, aduc\u00e2nd un plus de rafinament oric\u0103rui spa\u021biu. Culoarea aurie adaug\u0103 un aspect elegant \u0219i sofisticat, devenind un element decorativ deosebit \u00een orice \u00eenc\u0103pere. Ideal pentru a v\u0103 \u00eenfrumuse\u021ba casa sau biroul, acest ghiveci combin\u0103 estetic\u0103 \u0219i func\u021bionalitate, oferindu-v\u0103 posibilitatea de a expune cu stil florile \u0219i plantele preferate. Alege\u021bi acest ghiveci premium pentru a transforma fiecare col\u021b al locuin\u021bei dumneavoastr\u0103 \u00eentr-un loc plin de via\u021b\u0103 \u0219i frumuse\u021be.<\/p>\n","protected":false},"excerpt":{"rendered":"<p>Aceast\u0103 ghiveci premium cu baza rotunjit\u0103 este fabricat dintr-un material sintetic de \u00eenalt\u0103 calitate, ce garanteaz\u0103 durabilitate \u0219i rezisten\u021b\u0103 \u00een timp. Cu dimensiunile sale de 17&#215;15 cm, este perfect at\u00e2t pentru plantele de interior, c\u00e2t \u0219i pentru cele exterioare, aduc\u00e2nd un plus de rafinament oric\u0103rui spa\u021biu. Culoarea aurie adaug\u0103 un aspect elegant \u0219i sofisticat, devenind [&#8230;]<\/p>\n<p><a class=\"btn btn-secondary understrap-read-more-link\" href=\"https:\/\/gradinar.ro\/en\/produs\/planter-ball-tereazzo-1715-gold\/\">Mai mult&#8230;<\/a><\/p>\n","protected":false},"featured_media":48226,"template":"","meta":[],"etheme_brands":[],"product_brand":[494],"product_cat":[286,302],"product_tag":[],"class_list":{"0":"post-48228","1":"product","2":"type-product","3":"status-publish","4":"has-post-thumbnail","6":"product_brand-capi-europe","7":"product_cat-ghivece-masti","8":"product_cat-masti","10":"first","11":"instock","12":"taxable","13":"shipping-taxable","14":"purchasable","15":"product-type-simple"},"_links":{"self":[{"href":"https:\/\/gradinar.ro\/en\/wp-json\/wp\/v2\/product\/48228","targetHints":{"allow":["GET"]}}],"collection":[{"href":"https:\/\/gradinar.ro\/en\/wp-json\/wp\/v2\/product"}],"about":[{"href":"https:\/\/gradinar.ro\/en\/wp-json\/wp\/v2\/types\/product"}],"wp:featuredmedia":[{"embeddable":true,"href":"https:\/\/gradinar.ro\/en\/wp-json\/wp\/v2\/media\/48226"}],"wp:attachment":[{"href":"https:\/\/gradinar.ro\/en\/wp-json\/wp\/v2\/media?parent=48228"}],"wp:term":[{"taxonomy":"brand","embeddable":true,"href":"https:\/\/gradinar.ro\/en\/wp-json\/wp\/v2\/etheme_brands?post=48228"},{"taxonomy":"product_brand","embeddable":true,"href":"https:\/\/gradinar.ro\/en\/wp-json\/wp\/v2\/product_brand?post=48228"},{"taxonomy":"product_cat","embeddable":true,"href":"https:\/\/gradinar.ro\/en\/wp-json\/wp\/v2\/product_cat?post=48228"},{"taxonomy":"product_tag","embeddable":true,"href":"https:\/\/gradinar.ro\/en\/wp-json\/wp\/v2\/product_tag?post=48228"}],"curies":[{"name":"wp","href":"https:\/\/api.w.org\/{rel}","templated":true}]}}