{"id":48250,"date":"2025-08-12T13:36:17","date_gmt":"2025-08-12T10:36:17","guid":{"rendered":"https:\/\/gradinar.ro\/produs\/dr-soil-plant-booster-biostimulator-al-imunitatii-plantelor-solutie-gata-de-utilizare-cu-pulverizator-de-1-litru\/"},"modified":"2025-08-12T17:29:33","modified_gmt":"2025-08-12T14:29:33","slug":"dr-soil-plant-booster-biostimulator-al-imunitatii-plantelor-solutie-gata-de-utilizare-cu-pulverizator-de-1-litru","status":"publish","type":"product","link":"https:\/\/gradinar.ro\/en\/produs\/dr-soil-plant-booster-biostimulator-al-imunitatii-plantelor-solutie-gata-de-utilizare-cu-pulverizator-de-1-litru\/","title":{"rendered":"Dr.Soil PLANT BOOSTER, biostimulator al imunitatii plantelor, solutie gata de utilizare cu pulverizator de 1 litru"},"content":{"rendered":"<p>Tratamentul prin pulverizare cu Dr.Soil PLANT BOOSTER \u2013 Biostimulator pentru \u00eent\u0103rirea imunit\u0103\u021bii plantelor gata-de-utilizare contribuie la refacerea \u0219i \u00eent\u0103rirea imunit\u0103\u021bii \u00een cazul plantelor care au trecut prin perioade de stres (lipsa ud\u0103rii, atac cu d\u0103un\u0103tori, lovituri mecanice etc.). \u00centreaga structur\u0103 vegetal\u0103 devine astfel mai rezistent\u0103 la factori externi de orice natur\u0103, adaptarea la medii noi se face mai u\u0219or (transplant\u0103ri \u00een substraturi sau vase noi, schimbarea pozi\u021biei \u00een locuin\u021b\u0103 etc) iar capacitatea plantei de a se hr\u0103ni este semnificativ \u00eembun\u0103t\u0103\u021bit\u0103. <\/p>\n<p>Compozi\u021bie:<br \/>\naminoacizi vegetali ob\u021binu\u021bi prin hidroliz\u0103 enzimatic\u0103, acizi fulvici, acizi humici<br \/>\nToate ingredientele folosite sunt materii prime de origine vegetal\u0103 \u0219i animal\u0103, componente bacteriene \u0219i microorganisme.<\/p>\n<p>Aminoacizii vegetali ob\u021binu\u021bi prin hidroliz\u0103 enzimatic\u0103 au multiple beneficii \u00een gr\u0103din\u0103rit datorit\u0103 compozi\u021biei lor complexe \u0219i a biodisponibilit\u0103\u021bii sporite. Ace\u0219ti compu\u0219i sunt u\u0219or absorbi\u021bi \u0219i utiliza\u021bi de c\u0103tre plante, furniz\u00e2ndu-le macro \u0219i micronutrien\u021bii necesari pentru a-\u0219i sus\u021bine metabolismul \u0219i pentru a cre\u0219te s\u0103n\u0103tos. Aminoacizii vegetali pot spori rezisten\u021ba plantelor la stresul biotic \u0219i abiotic, cum ar fi seceta, temperaturile extreme, salinitatea \u0219i infest\u0103rile cu d\u0103un\u0103tori. Ace\u0219tia pot stimula produc\u021bia de antioxidan\u021bi \u0219i alte substan\u021be protectoare, care ajut\u0103 plantele s\u0103 fac\u0103 fa\u021b\u0103 mai bine condi\u021biilor nefavorabile. C\u00e2nd plantele sunt supuse la episoade de stres sau sufer\u0103 leziuni, aportul suplimentar de aminoacizi vegetali poate contribui la regenerarea lor prin stimularea metabolismului celular sau la \u00eembun\u0103t\u0103\u021birea absorb\u021biei de nutrien\u021bi, respectiv hr\u0103nirea plantelor. \u00cen general, aminoacizii vegetali ob\u021binu\u021bi prin hidroliz\u0103 enzimatic\u0103 pot fi un supliment valoros pentru \u00eembun\u0103t\u0103\u021birea randamentului \u0219i s\u0103n\u0103t\u0103\u021bii plantelor \u00een gr\u0103din\u0103rit. Utilizarea lor \u00een mod corespunz\u0103tor poate aduce multiple beneficii \u0219i poate contribui la ob\u021binerea unei recolte s\u0103n\u0103toase \u0219i abundente.<\/p>\n<p>Despre acizii fulvici se poate spune c\u0103 ajut\u0103 la cre\u0219terea eficien\u021bei utiliz\u0103rii nutrien\u021bilor, minimiz\u00e2nd pierderile iar acizii humici stimuleaz\u0103 cre\u0219terea \u0219i dezvoltarea plantelor prin promovarea diviziunii celulare, elongarea \u021besuturilor \u0219i sinteza proteinelor. Ace\u0219tia pot ajuta la cre\u0219terea vigorului plantelor \u0219i la accelerarea proceselor fiziologice implicate \u00een cre\u0219tere \u0219i dezvoltare.<\/p>\n<p>Instruc\u021biuni de utilizare:<br \/>\nCum se folose\u0219te Dr.Soil PLANT BOOSTER, biostimulator al imunitatii plantelor?<\/p>\n<p>\u00cen cazul plantelor de camer\u0103, pulveriza\u021bi din abunden\u021b\u0103 frunzele \u0219i tulpinile plantelor. Periodic, pulveriza\u021bi \u0219i direct pe sol, \u00een jurul tulpinii.<br \/>\n\u00cen cazul plantelor de gr\u0103din\u0103 sau \u00een ghiveci de la exterior, se administreaz\u0103 foliar, prin pulverizare, direct pe frunze, pe toat\u0103 perioada prim\u0103verii \u0219i a toamnei, de 2 ori pe s\u0103pt\u0103m\u00e2n\u0103 (ex: Luni \u0219i Vineri). Pe perioada verii \u0219i a iernii procesul se repet\u0103, \u00eens\u0103 pulverizarea se face \u0219i la baza plantei, \u00een jurul tulpinii, direct pe sol. <\/p>\n<p>Evita\u021bi pulverizarea bobocilor sau a florilor.<br \/>\nAgita\u021bi bine \u00eenainte de utilizare.<\/p>\n<p>Recomand\u0103ri de aplicare:<br \/>\nIdeal pentru toate tipurile de plante de ghiveci \u0219i flori la ghiveci sau \u00een gr\u0103din\u0103, pe tot parcursul ciclului vegetal. pH \u2013 5,5. Densitate: 1 kg\/m\u00b3.<br \/>\nRecomand\u0103m folosirea periodic\u0103 a Dr.Soil PLANT BOOSTER pe toat\u0103 durata anului. Solu\u021bia nu atac\u0103 \u00een nici un fel celulele vegetale \u2013 din acest motiv nu exist\u0103 supradozare.<\/p>\n","protected":false},"excerpt":{"rendered":"<p>&#8211;\tSolu\u021bie gata-de-utilizare<br \/>\n&#8211;\t\u00cent\u0103re\u0219te imunitatea plantelor<br \/>\n&#8211;\tContribuie la refacerea structurii vegetale dup\u0103 episoade de \u0219oc<br \/>\n&#8211;\tCompatibil cu toate timpurile de plante de ghiveci sau din gr\u0103din\u0103<br \/>\n&#8211;\tSe poate folosi tot timpul anului [&#8230;]<\/p>\n<p><a class=\"btn btn-secondary understrap-read-more-link\" href=\"https:\/\/gradinar.ro\/en\/produs\/dr-soil-plant-booster-biostimulator-al-imunitatii-plantelor-solutie-gata-de-utilizare-cu-pulverizator-de-1-litru\/\">Mai mult&#8230;<\/a><\/p>\n","protected":false},"featured_media":48229,"template":"","meta":[],"etheme_brands":[],"product_brand":[478],"product_cat":[285,301],"product_tag":[],"class_list":{"0":"post-48250","1":"product","2":"type-product","3":"status-publish","4":"has-post-thumbnail","6":"product_brand-dr-soil","7":"product_cat-fertilizatori","8":"product_cat-bio","10":"first","11":"instock","12":"taxable","13":"shipping-taxable","14":"purchasable","15":"product-type-simple"},"_links":{"self":[{"href":"https:\/\/gradinar.ro\/en\/wp-json\/wp\/v2\/product\/48250","targetHints":{"allow":["GET"]}}],"collection":[{"href":"https:\/\/gradinar.ro\/en\/wp-json\/wp\/v2\/product"}],"about":[{"href":"https:\/\/gradinar.ro\/en\/wp-json\/wp\/v2\/types\/product"}],"wp:featuredmedia":[{"embeddable":true,"href":"https:\/\/gradinar.ro\/en\/wp-json\/wp\/v2\/media\/48229"}],"wp:attachment":[{"href":"https:\/\/gradinar.ro\/en\/wp-json\/wp\/v2\/media?parent=48250"}],"wp:term":[{"taxonomy":"brand","embeddable":true,"href":"https:\/\/gradinar.ro\/en\/wp-json\/wp\/v2\/etheme_brands?post=48250"},{"taxonomy":"product_brand","embeddable":true,"href":"https:\/\/gradinar.ro\/en\/wp-json\/wp\/v2\/product_brand?post=48250"},{"taxonomy":"product_cat","embeddable":true,"href":"https:\/\/gradinar.ro\/en\/wp-json\/wp\/v2\/product_cat?post=48250"},{"taxonomy":"product_tag","embeddable":true,"href":"https:\/\/gradinar.ro\/en\/wp-json\/wp\/v2\/product_tag?post=48250"}],"curies":[{"name":"wp","href":"https:\/\/api.w.org\/{rel}","templated":true}]}}