{"id":48266,"date":"2025-08-12T13:36:37","date_gmt":"2025-08-12T10:36:37","guid":{"rendered":"https:\/\/gradinar.ro\/produs\/dr-soil-leaf-booster-biostimulator-pentru-regenerarea-frunzelor-verzi-solutie-gata-de-utilizare-cu-pulverizator-de-1-litru\/"},"modified":"2025-09-29T12:55:04","modified_gmt":"2025-09-29T09:55:04","slug":"dr-soil-leaf-booster-biostimulator-pentru-regenerarea-frunzelor-verzi-solutie-gata-de-utilizare-cu-pulverizator-de-1-litru","status":"publish","type":"product","link":"https:\/\/gradinar.ro\/en\/produs\/dr-soil-leaf-booster-biostimulator-pentru-regenerarea-frunzelor-verzi-solutie-gata-de-utilizare-cu-pulverizator-de-1-litru\/","title":{"rendered":"Dr.Soil LEAF BOOSTER, biostimulator pentru regenerarea frunzelor verzi, solu\u021bie gata de utilizare cu pulverizator de 1 litru"},"content":{"rendered":"<p>Tratamentul prin pulverizare cu Dr.Soil LEAF BOOSTER \u2013 Biostimulator pentru regenerarea frunzelor gata-de-utilizare contribuie la dezvoltarea \u0219i regenerarea frunzelor trecute prin perioade de stres (lipsa ud\u0103rii, atac cu d\u0103un\u0103tori, lovituri mecanice etc.), influen\u021b\u00e2nd dezvoltarea de noi frunze sau regenerarea celular\u0103, precum \u0219i intensificarea culorii frunzei (culori vivide, aspect s\u0103n\u0103tos). <\/p>\n<p>Compozi\u021bie: aminoacizi vegetali, acizi fulvici, acizi humici, macro \u0219i microelemente.<br \/>\nToate ingredientele folosite sunt materii prime de origine vegetal\u0103 \u0219i animal\u0103, componente bacteriene \u0219i microorganisme.<\/p>\n<p>Aminoacizii vegetali \u00eembun\u0103t\u0103\u021besc absorb\u021bia \u0219i utilizarea nutrien\u021bilor de c\u0103tre plante. Ace\u0219tia sporesc rezisten\u021ba plantelor la stresul biotic \u0219i abiotic \u0219i stimuleaz\u0103 produc\u021bia de antioxidan\u021bi \u0219i alte substan\u021be protectoare, care ajut\u0103 plantele s\u0103 fac\u0103 fa\u021b\u0103 mai bine la condi\u021biile de stres (temperaturile extreme, seceta, salinitatea sau atacurile d\u0103un\u0103torilor).<\/p>\n<p>Despre acizii fulvici se poate spune c\u0103 ajut\u0103 la cre\u0219terea eficien\u021bei utiliz\u0103rii nutrien\u021bilor, minimiz\u00e2nd pierderile iar acizii humici stimuleaz\u0103 cre\u0219terea \u0219i dezvoltarea plantelor prin promovarea diviziunii celulare, elongarea \u021besuturilor \u0219i sinteza proteinelor. Ace\u0219tia pot ajuta la cre\u0219terea vigorului plantelor \u0219i la accelerarea proceselor fiziologice implicate \u00een cre\u0219tere \u0219i dezvoltare.<\/p>\n<p>Complexul de ingrediente din formularea Dr.Soil LEAF BOOSTER \u2013 Biostimulator pentru regenerarea frunzelor stimuleaz\u0103 regenerarea \u0219i dezvoltarea coroanei de frunze a plantelor, influen\u021b\u00e2nd aspectul general \u0219i coloritul acestora.<\/p>\n<p>Instruc\u021biuni de utilizare:<br \/>\n\u00cen cazul plantelor de camer\u0103, pulveriza\u021bi din abunden\u021b\u0103 frunzele \u0219i tulpinile plantelor. Periodic, pulveriza\u021bi \u0219i direct pe sol, \u00een jurul tulpinii.<br \/>\n\u00cen cazul plantelor de gr\u0103din\u0103 sau \u00een ghiveci de la exterior sau a legumelor \u0219i plantelor aromatice, se administreaz\u0103 foliar, prin pulverizare, direct pe frunze, pe toat\u0103 perioada prim\u0103verii \u0219i a toamnei, de 2 ori pe s\u0103pt\u0103m\u00e2n\u0103 (ex: Luni \u0219i Vineri). Pe perioada verii \u0219i a iernii procesul se repet\u0103, \u00eens\u0103 pulverizarea se face \u0219i la baza plantei, \u00een jurul tulpinii, direct pe sol. <\/p>\n<p>Evita\u021bi pulverizarea bobocilor, a florilor sau a rodului.<br \/>\nAgita\u021bi bine \u00eenainte de utilizare.<\/p>\n<p>Recomand\u0103ri de aplicare:<br \/>\nIdeal pentru toate tipurile de culturi, pe tot parcursul ciclului vegetal \u2013 legume, plante aromatice, plante de camer\u0103 \u0219i flori cultivate la ghiveci sau \u00een gr\u0103din\u0103. pH \u2013 5,5. Densitate: 1,2 kg\/m\u00b3. <\/p>\n<p>Recomand\u0103m folosirea periodic\u0103 a Dr.Soil LEAF BOOSTER pe toat\u0103 durata anului. Solu\u021bia nu atac\u0103 \u00een nici un fel celulele vegetale \u2013 din acest motiv nu exist\u0103 supradozare.<\/p>\n","protected":false},"excerpt":{"rendered":"<p>&#8211;\tSolu\u021bie natural\u0103, sustenabil\u0103 \u0219i ecologic\u0103<br \/>\n&#8211;\tGata-de-utilizare<br \/>\n&#8211;\tRegenereaz\u0103 frunzele supuse la stres sau lovituri mecanice<br \/>\n&#8211;\tIntensific\u0103 culoarea frunzelor<br \/>\n&#8211;\tRed\u0103 aspectul plantelor [&#8230;]<\/p>\n<p><a class=\"btn btn-secondary understrap-read-more-link\" href=\"https:\/\/gradinar.ro\/en\/produs\/dr-soil-leaf-booster-biostimulator-pentru-regenerarea-frunzelor-verzi-solutie-gata-de-utilizare-cu-pulverizator-de-1-litru\/\">Mai mult&#8230;<\/a><\/p>\n","protected":false},"featured_media":48254,"template":"","meta":[],"etheme_brands":[],"product_brand":[478],"product_cat":[285,301],"product_tag":[],"class_list":{"0":"post-48266","1":"product","2":"type-product","3":"status-publish","4":"has-post-thumbnail","6":"product_brand-dr-soil","7":"product_cat-fertilizatori","8":"product_cat-bio","10":"first","11":"instock","12":"taxable","13":"shipping-taxable","14":"purchasable","15":"product-type-simple"},"_links":{"self":[{"href":"https:\/\/gradinar.ro\/en\/wp-json\/wp\/v2\/product\/48266","targetHints":{"allow":["GET"]}}],"collection":[{"href":"https:\/\/gradinar.ro\/en\/wp-json\/wp\/v2\/product"}],"about":[{"href":"https:\/\/gradinar.ro\/en\/wp-json\/wp\/v2\/types\/product"}],"wp:featuredmedia":[{"embeddable":true,"href":"https:\/\/gradinar.ro\/en\/wp-json\/wp\/v2\/media\/48254"}],"wp:attachment":[{"href":"https:\/\/gradinar.ro\/en\/wp-json\/wp\/v2\/media?parent=48266"}],"wp:term":[{"taxonomy":"brand","embeddable":true,"href":"https:\/\/gradinar.ro\/en\/wp-json\/wp\/v2\/etheme_brands?post=48266"},{"taxonomy":"product_brand","embeddable":true,"href":"https:\/\/gradinar.ro\/en\/wp-json\/wp\/v2\/product_brand?post=48266"},{"taxonomy":"product_cat","embeddable":true,"href":"https:\/\/gradinar.ro\/en\/wp-json\/wp\/v2\/product_cat?post=48266"},{"taxonomy":"product_tag","embeddable":true,"href":"https:\/\/gradinar.ro\/en\/wp-json\/wp\/v2\/product_tag?post=48266"}],"curies":[{"name":"wp","href":"https:\/\/api.w.org\/{rel}","templated":true}]}}