{"id":48292,"date":"2025-08-12T13:37:16","date_gmt":"2025-08-12T10:37:16","guid":{"rendered":"https:\/\/gradinar.ro\/produs\/dr-soil-bug-buster-biostimulator-cu-rol-insecticid-solutie-gata-de-utilizare-cu-pulverizator-de-1-litru\/"},"modified":"2026-01-22T22:06:24","modified_gmt":"2026-01-22T20:06:24","slug":"dr-soil-bug-buster-biostimulator-cu-rol-insecticid-solutie-gata-de-utilizare-cu-pulverizator-de-1-litru","status":"publish","type":"product","link":"https:\/\/gradinar.ro\/en\/produs\/dr-soil-bug-buster-biostimulator-cu-rol-insecticid-solutie-gata-de-utilizare-cu-pulverizator-de-1-litru\/","title":{"rendered":"Dr.Soil BUG BUSTER, biostimulator cu rol insecticid, solutie gata de utilizare cu pulverizator de 1 litru"},"content":{"rendered":"<p>\u00cen cazul \u00een care observa\u021bi c\u0103 plantele dumneavoastr\u0103 prezint\u0103 o infestare cu insecte precum afidele, p\u0103duchii l\u00e2no\u0219i, acarienii sau musculi\u021be, este recomandat tratamentul prin pulverizare cu Dr.Soil BUG BUSTER \u2013 biostimulator cu rol insecticid gata-de-utilizare, care creeaz\u0103 la suprafa\u021ba frunzei o pelicul\u0103 format\u0103 din uleiuri vegetale \u0219i minerale, glicerin\u0103, bacterii \u0219i microorganisme benefice care \u021bin la distan\u021b\u0103 insectele \u0219i le inhib\u0103 capacitatea de hr\u0103nire, respectiv multiplicarea.<\/p>\n<p>Compozi\u021bie: ulei de neem, mix de uleiuri vegetale si minerale, glicerin\u0103, Trichoderma Hamatum, Trichoderma Harzianum, Trichoderma Koningii, Trichoderma Longibrachiatum, Trichoderma Reesei, Bacillus Subtilis, Bacillus Amyloliquefaciens, Bacillus Licheniformis, Bacillus Thuringiensis<br \/>\nToate ingredientele folosite sunt materii prime de origine vegetal\u0103 \u0219i animal\u0103, componente bacteriene \u0219i microorganisme.<\/p>\n<p>Beneficiile uleiului de neem: Uleiul de neem este un pesticid de origine natural\u0103, care se descompune rapid \u0219i care poate \u00eembun\u0103t\u0103\u021bi rezisten\u021ba plantelor la stresul biotic \u0219i abiotic. Aplicarea sa poate spori sistemul imunitar al plantelor, f\u0103c\u00e2ndu-le mai rezistente la boli \u0219i d\u0103un\u0103tori. Aplicat \u00een mod regulat, poate descuraja apari\u021bia \u0219i infestarea plantelor cu d\u0103un\u0103tori, cum ar fi afidele, g\u00e2ndacii, p\u0103duchii lanosi, p\u0103duchii de frunze, acarienii \u0219i al\u021bii. Substan\u021bele active din uleiul de neem ac\u021bioneaz\u0103 prin interferen\u021ba cu procesele de hr\u0103nire, cre\u0219tere \u0219i reproducere a acestor d\u0103un\u0103tori.<\/p>\n<p>Bacteriile benefice precum Trichoderma (Hamatum, Harzianum, Koningii \u0219.a) sau Bacillus (Thuringiensis, Subtillis \u0219.a) au un rol esen\u021bial \u00een gr\u0103din\u0103rit \u0219i \u00een men\u021binerea s\u0103n\u0103t\u0103\u021bii plantelor. Acestea pot fi utilizate \u00een controlul biologic al d\u0103un\u0103torilor \u0219i bolilor plantelor, acestea produc\u00e2nd substan\u021be antimicrobiene care inhib\u0103 dezvoltarea \u0219i multiplicarea agen\u021bilor patogeni \u0219i pot concura cu ace\u0219tia pentru resurse \u0219i dominan\u021b\u0103. De exemplu, Bacillus Thuringiensis (Bt) este o bacterie benefic\u0103 care se g\u0103se\u0219te natural \u00een solurile fertile \u0219i care produce toxine letale pentru multe tipuri de larve de insecte. C\u00e2nd d\u0103un\u0103torii consum\u0103 toxinele rezultate de la Bacillus Thuringiensis, acestea se activeaz\u0103 \u00een mediul alcalin al intestinului insectelor, provoc\u00e2nd leziuni care duc la oprirea hr\u0103nirii \u0219i, \u00een cele din urm\u0103, la \u00eendep\u0103rtarea insectei. Aceasta \u00eenseamn\u0103 o protec\u021bie eficace pentru plantele dumneavoastr\u0103, f\u0103r\u0103 a afecta insectele benefice, cum ar fi polenizatorii. Speciile de Trichoderma func\u021bioneaz\u0103 prin colonizarea rapid\u0103 a r\u0103d\u0103cinilor plantelor \u0219i crearea unei bariere \u00eempotriva patogenilor. Ace\u0219ti spori benefici elibereaz\u0103 enzime care descompun pere\u021bii celulari ai agen\u021bilor patogeni, limit\u00e2nd astfel capacitatea lor de a infecta planta. \u00cen plus, Trichoderma stimuleaz\u0103 sistemul imunitar al plantei, ajut\u00e2nd-o s\u0103 se apere mai bine \u00eempotriva unor atacuri viitoare.<\/p>\n<p>Utilizarea practicilor agricole care promoveaz\u0103 prezen\u021ba \u0219i activitatea acestor bacterii benefice poate \u00eembun\u0103t\u0103\u021bi randamentul culturilor, pot reduce necesitatea utiliz\u0103rii de inputuri chimice \u0219i pot contribui la durabilitatea \u0219i rezilien\u021ba ecosistemelor. <\/p>\n<p>Instruc\u021biuni de utilizare:<\/p>\n<p>\u00cen cazul plantelor de camer\u0103, pulveriza\u021bi din abunden\u021b\u0103 frunzele \u0219i tulpinile plantelor. Periodic, pulveriza\u021bi \u0219i direct pe sol, \u00een jurul tulpinii.<br \/>\n\u00cen cazul plantelor de gr\u0103din\u0103 sau \u00een ghiveci de la exterior sau a legumelor \u0219i plantelor aromatice, se administreaz\u0103 foliar, prin pulverizare, direct pe frunze, pe toat\u0103 perioada prim\u0103verii \u0219i a toamnei, de 2 ori pe s\u0103pt\u0103m\u00e2n\u0103 (ex: Luni \u0219i Vineri). Pe perioada verii \u0219i a iernii procesul se repet\u0103, \u00eens\u0103 pulverizarea se face \u0219i la baza plantei, \u00een jurul tulpinii, direct pe sol. <\/p>\n<p>Evita\u021bi pulverizarea bobocilor, a florilor sau a rodului.<br \/>\nAgita\u021bi bine \u00eenainte de utilizare.<\/p>\n<p>Recomand\u0103ri de aplicare:<\/p>\n<p>Recomand\u0103m folosirea periodic\u0103 a Dr.Soil BUG BUSTER, mai ales \u00een perioada sezonului cald c\u00e2nd este favorabil\u0103 apari\u021bia \u0219i multiplicarea insectelor. Solu\u021bia nu atac\u0103 \u00een nici un fel celulele vegetale \u2013 din acest motiv nu exist\u0103 supradozare. <\/p>\n<p>Ideal pentru toate tipurile de culturi, pe tot parcursul ciclului vegetal \u2013 legume, fructe \u0219i flori cultivate la ghiveci sau \u00een gr\u0103din\u0103 \u00een tratarea infest\u0103rilor cu afide, p\u0103duchi, acarieni, musculi\u021be, g\u00e2ndaci etc. pH &#8211; 7. Densitate: 1,7 kg\/m\u00b3.<\/p>\n","protected":false},"excerpt":{"rendered":"<p>&#8211; \tCombate eficient d\u0103un\u0103torii de pe plante, f\u0103r\u0103 chimicale<br \/>\n&#8211; \t\u00cempiedic\u0103 instalarea larvelor pe \u021besutul vegetal<br \/>\n&#8211;\tSolu\u021bie natural\u0103, sustenabil\u0103 \u0219i ecologic\u0103<br \/>\n&#8211;\tSpectru larg de utilizare<br \/>\n&#8211;\tGata-de-utilizare [&#8230;]<\/p>\n<p><a class=\"btn btn-secondary understrap-read-more-link\" href=\"https:\/\/gradinar.ro\/en\/produs\/dr-soil-bug-buster-biostimulator-cu-rol-insecticid-solutie-gata-de-utilizare-cu-pulverizator-de-1-litru\/\">Mai mult&#8230;<\/a><\/p>\n","protected":false},"featured_media":48280,"template":"","meta":[],"etheme_brands":[],"product_brand":[478],"product_cat":[285,301],"product_tag":[],"class_list":{"0":"post-48292","1":"product","2":"type-product","3":"status-publish","4":"has-post-thumbnail","6":"product_brand-dr-soil","7":"product_cat-fertilizatori","8":"product_cat-bio","10":"first","11":"instock","12":"taxable","13":"shipping-taxable","14":"purchasable","15":"product-type-simple"},"_links":{"self":[{"href":"https:\/\/gradinar.ro\/en\/wp-json\/wp\/v2\/product\/48292","targetHints":{"allow":["GET"]}}],"collection":[{"href":"https:\/\/gradinar.ro\/en\/wp-json\/wp\/v2\/product"}],"about":[{"href":"https:\/\/gradinar.ro\/en\/wp-json\/wp\/v2\/types\/product"}],"wp:featuredmedia":[{"embeddable":true,"href":"https:\/\/gradinar.ro\/en\/wp-json\/wp\/v2\/media\/48280"}],"wp:attachment":[{"href":"https:\/\/gradinar.ro\/en\/wp-json\/wp\/v2\/media?parent=48292"}],"wp:term":[{"taxonomy":"brand","embeddable":true,"href":"https:\/\/gradinar.ro\/en\/wp-json\/wp\/v2\/etheme_brands?post=48292"},{"taxonomy":"product_brand","embeddable":true,"href":"https:\/\/gradinar.ro\/en\/wp-json\/wp\/v2\/product_brand?post=48292"},{"taxonomy":"product_cat","embeddable":true,"href":"https:\/\/gradinar.ro\/en\/wp-json\/wp\/v2\/product_cat?post=48292"},{"taxonomy":"product_tag","embeddable":true,"href":"https:\/\/gradinar.ro\/en\/wp-json\/wp\/v2\/product_tag?post=48292"}],"curies":[{"name":"wp","href":"https:\/\/api.w.org\/{rel}","templated":true}]}}