{"id":48305,"date":"2025-08-12T13:37:36","date_gmt":"2025-08-12T10:37:36","guid":{"rendered":"https:\/\/gradinar.ro\/produs\/dr-soil-fungi-buster-biostimulator-cu-rol-fungicid-solutie-gata-de-utilizare-cu-pulverizator-de-1-litru\/"},"modified":"2026-01-21T13:45:22","modified_gmt":"2026-01-21T11:45:22","slug":"dr-soil-fungi-buster-biostimulator-cu-rol-fungicid-solutie-gata-de-utilizare-cu-pulverizator-de-1-litru","status":"publish","type":"product","link":"https:\/\/gradinar.ro\/en\/produs\/dr-soil-fungi-buster-biostimulator-cu-rol-fungicid-solutie-gata-de-utilizare-cu-pulverizator-de-1-litru\/","title":{"rendered":"Dr.Soil FUNGI BUSTER, biostimulator cu rol fungicid, solutie gata de utilizare cu pulverizator de 1 litru"},"content":{"rendered":"<p>Tratamentul prin pulverizare cu Dr.Soil FUNGI BUSTER \u2013 Biostimulator cu rol fungic gata-de-utilizare creaz\u0103 la suprafa\u021ba frunzei o pelicul\u0103 format\u0103 din uleiuri vegetale \u0219i minerale, glicerin\u0103, bacterii \u0219i microorganisme benefice care \u021bin la distan\u021b\u0103 fungii \u0219i factorii patogeni \u0219i le \u00eempiedic\u0103 multiplicarea. Recomand\u0103m folosirea periodic\u0103 a FUNGI BUSTER, mai ales \u00een perioada sezonului cald c\u00e2nd este favorabil\u0103 apari\u021bia bolilor fungice.<\/p>\n<p>Compozi\u021bie: mix de uleiuri vegetale si minerale, glicerin\u0103, Trichoderma Hamatum, Trichoderma Harzianum, Trichoderma Koningii, Trichoderma Longibrachiatum, Trichoderma Reesei, Bacillus Subtilis, Bacillus Amyloliquefaciens, Bacillus Licheniformis, Bacillus Brevis, Bacillus Coagulans, Bacillus Halodenitrificans, Bacillus Firmus, Bacillus Laterosporus, Bacillus Megaterium, Bacillus Mycoides, Bacillus Pasteuri, Bacillus Polymyxa, Endomycorrhizae, Azospirillium Lipoferum<br \/>\nToate ingredientele folosite sunt materii prime de origine vegetal\u0103 \u0219i animal\u0103, componente bacteriene \u0219i microorganisme.<\/p>\n<p>Bacteriile din genul Trichoderma sunt cunoscute pentru rolul lor benefic \u00een combaterea bolilor fungice la plante. Trichoderma se dezvolt\u0103 rapid \u00een sol \u0219i colonizeaz\u0103 suprafe\u021bele verzi ale plantelor. Prin ocuparea spa\u021biului \u0219i a resurselor disponibile, aceste bacterii concureaz\u0103 eficient cu ciupercile patogene pentru hran\u0103 \u0219i spa\u021biu, reduc\u00e2nd astfel popula\u021biile patogenilor de pe \u00eentreaga structur\u0103 vegetal\u0103. Trichoderma secret\u0103 o varietate de substan\u021be metabolice secundare, cum ar fi antibioticele, enzimele \u0219i compu\u0219ii volatili, care inhib\u0103 direct cre\u0219terea \u0219i dezvoltarea patogenilor. Aceste substan\u021be antagoniste pot distruge structura celular\u0103 a ciupercilor patogene sau pot suprima produc\u021bia de spori, reduc\u00e2nd astfel capacitatea patogenilor de a provoca boli.<\/p>\n<p>Uleiurile vegetale \u0219i minerale sporesc eficacitatea tratamentelor \u00eempotriva d\u0103un\u0103torilor \u0219i a bolilor, ac\u021bion\u00e2nd ca un agent de aderen\u021b\u0103 \u0219i de acoperire, ajut\u00e2nd la fixarea \u0219i r\u0103sp\u00e2ndirea eficient\u0103 a Trichodermei pe suprafa\u021ba plantelor \u0219i a solului. <\/p>\n<p>Glicerina \u00eembun\u0103t\u0103\u021be\u0219te aderen\u021ba biostimulatorului la suprafa\u021ba plantelor \u0219i a altor \u021binte, reduc\u00e2nd riscul de sp\u0103lare sau de scurgere a produsului. Acest lucru poate cre\u0219te eficacitatea substan\u021bei \u0219i poate reduce cantitatea necesar\u0103 pentru tratament. \u00cen acela\u0219i timp, glicerina reduce rata de evaporare a solu\u021biei, permi\u021b\u00e2nd un timp mai lung de ac\u021biune \u0219i o mai mare absorb\u021bie de c\u0103tre \u021bintele tratate. Acest lucru poate fi util \u00een condi\u021bii de temperatur\u0103 ridicat\u0103 sau \u00een timpul tratamentelor efectuate \u00een orele calde ale zilei. <\/p>\n<p>Instruc\u021biuni de utilizare:<br \/>\n\u00cen cazul plantelor de camer\u0103, pulveriza\u021bi din abunden\u021b\u0103 frunzele \u0219i tulpinile plantelor. Periodic, pulveriza\u021bi \u0219i direct pe sol, \u00een jurul tulpinii.<br \/>\n\u00cen cazul plantelor de gr\u0103din\u0103 sau \u00een ghiveci de la exterior sau a legumelor \u0219i plantelor aromatice, se administreaz\u0103 foliar, prin pulverizare, direct pe frunze, pe toat\u0103 perioada prim\u0103verii \u0219i a toamnei, de 2 ori pe s\u0103pt\u0103m\u00e2n\u0103 (ex: Luni \u0219i Vineri). Pe perioada verii \u0219i a iernii procesul se repet\u0103, \u00eens\u0103 pulverizarea se face \u0219i la baza plantei, \u00een jurul tulpinii, direct pe sol. <\/p>\n<p>Evita\u021bi pulverizarea bobocilor, a florilor sau a rodului.<br \/>\nAgita\u021bi bine \u00eenainte de utilizare.<\/p>\n<p>Recomand\u0103ri de aplicare:<br \/>\nRecomand\u0103m folosirea periodic\u0103 a FUNGI BUSTER, mai ales \u00een perioada sezonului cald c\u00e2nd este favorabil\u0103 apari\u021bia bolilor fungice. Solu\u021bia nu atac\u0103 \u00een nici un fel celulele vegetale \u2013 din acest motiv nu exist\u0103 supradozare.  <\/p>\n<p>Ideal pentru toate tipurile de culturi, pe tot parcursul ciclului vegetal \u2013 plante de camer\u0103, legume, fructe, flori cultivate la ghiveci sau \u00een gr\u0103din\u0103 sau vi\u021b\u0103 de vie \u00een tratarea putregaiului, a virozelor, a p\u0103t\u0103rii, ruginelor, a f\u0103in\u0103rilor sau a manei. pH \u2013 6. Densitate: 1,4 kg\/m\u00b3.<\/p>\n","protected":false},"excerpt":{"rendered":"<p>&#8211;\tCombate eficient bolile fungice \u0219i al\u021bi agen\u021bi patogeni, f\u0103r\u0103 chimicale<br \/>\n&#8211;\t\u00eempiedic\u0103 \u00eenstalarea agen\u021bilor patogeni pe \u021besutul vegetal<br \/>\n&#8211;\tSolu\u021bie natural\u0103, sustenabil\u0103 \u0219i ecologic\u0103<br \/>\n&#8211;\tSpectru larg de utilizare<br \/>\n&#8211;\tGata-de-utilizare [&#8230;]<\/p>\n<p><a class=\"btn btn-secondary understrap-read-more-link\" href=\"https:\/\/gradinar.ro\/en\/produs\/dr-soil-fungi-buster-biostimulator-cu-rol-fungicid-solutie-gata-de-utilizare-cu-pulverizator-de-1-litru\/\">Mai mult&#8230;<\/a><\/p>\n","protected":false},"featured_media":48293,"template":"","meta":[],"etheme_brands":[],"product_brand":[478],"product_cat":[285,301],"product_tag":[],"class_list":{"0":"post-48305","1":"product","2":"type-product","3":"status-publish","4":"has-post-thumbnail","6":"product_brand-dr-soil","7":"product_cat-fertilizatori","8":"product_cat-bio","10":"first","11":"instock","12":"taxable","13":"shipping-taxable","14":"purchasable","15":"product-type-simple"},"_links":{"self":[{"href":"https:\/\/gradinar.ro\/en\/wp-json\/wp\/v2\/product\/48305","targetHints":{"allow":["GET"]}}],"collection":[{"href":"https:\/\/gradinar.ro\/en\/wp-json\/wp\/v2\/product"}],"about":[{"href":"https:\/\/gradinar.ro\/en\/wp-json\/wp\/v2\/types\/product"}],"wp:featuredmedia":[{"embeddable":true,"href":"https:\/\/gradinar.ro\/en\/wp-json\/wp\/v2\/media\/48293"}],"wp:attachment":[{"href":"https:\/\/gradinar.ro\/en\/wp-json\/wp\/v2\/media?parent=48305"}],"wp:term":[{"taxonomy":"brand","embeddable":true,"href":"https:\/\/gradinar.ro\/en\/wp-json\/wp\/v2\/etheme_brands?post=48305"},{"taxonomy":"product_brand","embeddable":true,"href":"https:\/\/gradinar.ro\/en\/wp-json\/wp\/v2\/product_brand?post=48305"},{"taxonomy":"product_cat","embeddable":true,"href":"https:\/\/gradinar.ro\/en\/wp-json\/wp\/v2\/product_cat?post=48305"},{"taxonomy":"product_tag","embeddable":true,"href":"https:\/\/gradinar.ro\/en\/wp-json\/wp\/v2\/product_tag?post=48305"}],"curies":[{"name":"wp","href":"https:\/\/api.w.org\/{rel}","templated":true}]}}