{"id":48356,"date":"2025-08-12T14:22:22","date_gmt":"2025-08-12T11:22:22","guid":{"rendered":"https:\/\/gradinar.ro\/produs\/set-6-coliere-de-palisare-xl-343mm-diametru-min-max-de-prindere-20-55mm-culoare-verde\/"},"modified":"2025-08-12T17:29:58","modified_gmt":"2025-08-12T14:29:58","slug":"set-6-coliere-de-palisare-xl-343mm-diametru-min-max-de-prindere-20-55mm-culoare-verde","status":"publish","type":"product","link":"https:\/\/gradinar.ro\/en\/produs\/set-6-coliere-de-palisare-xl-343mm-diametru-min-max-de-prindere-20-55mm-culoare-verde\/","title":{"rendered":"Set 6 Coliere de palisare, XL (343mm) diametru min\/max de prindere 20\/55mm, culoare verde"},"content":{"rendered":"<p>    <title>Corrected HTML<\/title><\/p>\n<p>        p {<br \/>\n            line-height: 18.4px;<br \/>\n            font-size: medium;<br \/>\n            color: rgb(0, 0, 0);<br \/>\n            text-align: justify;<br \/>\n        }<br \/>\n        ul {<br \/>\n            list-style-type: disc;<br \/>\n            padding-left: 18px;<br \/>\n        }<br \/>\n        ul li {<br \/>\n            color: rgb(78, 86, 95);<br \/>\n            font-size: 13pt;<br \/>\n            margin-bottom: 8px; \/* Add some space between list items *\/<br \/>\n        } <\/p>\n<p style=\"font-size: 13pt;font-family: 'Helvetica Neue'\">\n        Coliere sau leg\u0103turi reutilizabile pentru legarea plantelor. Permit fixarea trunchiului, a tulpinii sau a crengilor pe suporturile plantei. \u00cenchidere \u0219i deschidere u\u0219oar\u0103 care permite reutilizarea acestora la nesf\u00e2r\u0219it. Rezistente la raze UV \u0219i temperaturi extreme. Pentru utilizare \u00een horticultur\u0103, legumicultur\u0103, pomicultur\u0103 \u0219i \u00een gospod\u0103rie. Produse 100% sustenabile.    <\/p>\n<p style=\"font-size: 13pt;font-family: 'Helvetica Neue'\">\n<ul>\n<li>Fabricate din polietilen\u0103 reciclat\u0103 foarte rezistent\u0103<\/li>\n<li>\u00cenchidere \u0219i deschidere u\u0219oar\u0103 care permite reutilizarea la nesf\u00e2r\u0219it<\/li>\n<li>Utilizare at\u00e2t la exterior c\u00e2t \u0219i la interior<\/li>\n<li>Rezistente la raze UV<\/li>\n<li>Rezistente la temperaturi extreme<\/li>\n<li>Rezistente la contactul cu acizi, alcaloizi sau combustibili<\/li>\n<li>Tehnologie patentat\u0103<\/li>\n<\/ul>\n<p style=\"font-size: 13pt;font-family: 'Helvetica Neue'\">\n<p style=\"font-size: 13pt;font-family: 'Helvetica Neue'\">\n        Recomand\u0103ri de utilizare    <\/p>\n<ul>\n<li>\u00cen horticultur\u0103, pentru legarea florilor \u0219i a plantelor ornamentale pe toat\u0103 perioada de cre\u0219tere, permi\u021b\u00e2nd o dezvoltare armonioas\u0103 \u0219i uniform\u0103 a plantei. Ideale pentru utilizarea \u00een sere de flori \u0219i pepiniere.<\/li>\n<li>\u00cen legumicultur\u0103, pentru legarea r\u0103sadurilor de legume precum tomatele, castrave\u021bii, ardei, fasole, favoriz\u00e2nd dezvoltarea fructului. Ideale pentru utilizarea \u00een sere sau gr\u0103dini de legume.<\/li>\n<li>\u00cen pomicultur\u0103, pentru legarea arbu\u0219tilor \u0219i a pomilor pe toat\u0103 perioada de cre\u0219tere. Ideale pentru utilizarea \u00een livezi sau pepiniere.<\/li>\n<li>\u00cen gospod\u0103rie, cu utiliz\u0103ri multiple, pentru legarea de cabluri, furtunuri, prelate \u0219.a.<\/li>\n<\/ul>\n<p style=\"font-size: 13pt;font-family: 'Helvetica Neue'\">\n        <img loading=\"lazy\" decoding=\"async\" width=\"282\" height=\"153\" src=\"https:\/\/ro.gartenmen.eu\/wp-content\/uploads\/2024\/07\/poza_descriere_Coliere_palisare.jpg\" alt=\"A close-up of a diagram\">\n    <\/p>\n","protected":false},"excerpt":{"rendered":"<p>Corrected HTML p { line-height: 18.4px; font-size: medium; color: rgb(0, 0, 0); text-align: justify; } ul { list-style-type: disc; padding-left: 18px; } ul li { color: rgb(78, 86, 95); font-size: 13pt; margin-bottom: 8px; \/* Add some space between list items *\/ } Coliere sau leg\u0103turi reutilizabile pentru legarea plantelor. Permit fixarea trunchiului, a tulpinii sau [&#8230;]<\/p>\n<p><a class=\"btn btn-secondary understrap-read-more-link\" href=\"https:\/\/gradinar.ro\/en\/produs\/set-6-coliere-de-palisare-xl-343mm-diametru-min-max-de-prindere-20-55mm-culoare-verde\/\">Mai mult&#8230;<\/a><\/p>\n","protected":false},"featured_media":48340,"template":"","meta":[],"etheme_brands":[],"product_brand":[481],"product_cat":[363],"product_tag":[],"class_list":{"0":"post-48356","1":"product","2":"type-product","3":"status-publish","4":"has-post-thumbnail","6":"product_brand-marys-garden-supplies","7":"product_cat-accesorii","9":"first","10":"instock","11":"taxable","12":"shipping-taxable","13":"purchasable","14":"product-type-simple"},"_links":{"self":[{"href":"https:\/\/gradinar.ro\/en\/wp-json\/wp\/v2\/product\/48356","targetHints":{"allow":["GET"]}}],"collection":[{"href":"https:\/\/gradinar.ro\/en\/wp-json\/wp\/v2\/product"}],"about":[{"href":"https:\/\/gradinar.ro\/en\/wp-json\/wp\/v2\/types\/product"}],"wp:featuredmedia":[{"embeddable":true,"href":"https:\/\/gradinar.ro\/en\/wp-json\/wp\/v2\/media\/48340"}],"wp:attachment":[{"href":"https:\/\/gradinar.ro\/en\/wp-json\/wp\/v2\/media?parent=48356"}],"wp:term":[{"taxonomy":"brand","embeddable":true,"href":"https:\/\/gradinar.ro\/en\/wp-json\/wp\/v2\/etheme_brands?post=48356"},{"taxonomy":"product_brand","embeddable":true,"href":"https:\/\/gradinar.ro\/en\/wp-json\/wp\/v2\/product_brand?post=48356"},{"taxonomy":"product_cat","embeddable":true,"href":"https:\/\/gradinar.ro\/en\/wp-json\/wp\/v2\/product_cat?post=48356"},{"taxonomy":"product_tag","embeddable":true,"href":"https:\/\/gradinar.ro\/en\/wp-json\/wp\/v2\/product_tag?post=48356"}],"curies":[{"name":"wp","href":"https:\/\/api.w.org\/{rel}","templated":true}]}}