{"id":49053,"date":"2025-08-12T16:27:34","date_gmt":"2025-08-12T13:27:34","guid":{"rendered":"https:\/\/gradinar.ro\/produs\/jardiniera-mare-venezia-80cm-culoarea-verde-inchis\/"},"modified":"2025-08-12T17:34:06","modified_gmt":"2025-08-12T14:34:06","slug":"jardiniera-mare-venezia-80cm-culoarea-verde-inchis","status":"publish","type":"product","link":"https:\/\/gradinar.ro\/en\/produs\/jardiniera-mare-venezia-80cm-culoarea-verde-inchis\/","title":{"rendered":"Jardiniera mare Venezia 80cm, culoarea verde inchis"},"content":{"rendered":"<p>Gama Venezia este influen\u021bat\u0103 de spiritul romantic al ora\u0219ului italian, \u00eembibat de balcoane \u0219i ferestre pline de flori \u0219i bucurie. Cu un design tradi\u021bional, aceast\u0103 gam\u0103 ofer\u0103 o colec\u021bie larg\u0103 de dimensiuni \u0219i modele pentru a satisface orice cerere cu caracteristici specifice, de la ghivece la ghivece \u0219i ghivece suspendate. \u00cenr\u0103d\u0103cinat\u0103 \u00een dragostea pentru plant\u0103, Venezia se concentreaz\u0103 pe asigurarea celor mai bune condi\u021bii pentru cre\u0219terea acesteia, oferind diferite op\u021biuni potrivite pentru interior sau exterior, cu propriet\u0103\u021bi de rezisten\u021b\u0103 la \u00eenghe\u021b, produse din material reciclat \u0219i 100% reciclabile.<\/p>\n","protected":false},"excerpt":{"rendered":"<p>Potrivite pentru interior sau exterior.<br \/>\nAre propriet\u0103\u021bi de rezisten\u021b\u0103 la \u00eenghe\u021b.<br \/>\nSunt produse din material reciclat \u0219i 100% reciclabile.<br \/>\nCu orificii de scurgere. [&#8230;]<\/p>\n<p><a class=\"btn btn-secondary understrap-read-more-link\" href=\"https:\/\/gradinar.ro\/en\/produs\/jardiniera-mare-venezia-80cm-culoarea-verde-inchis\/\">Mai mult&#8230;<\/a><\/p>\n","protected":false},"featured_media":49039,"template":"","meta":[],"etheme_brands":[],"product_brand":[495],"product_cat":[286,308],"product_tag":[],"class_list":{"0":"post-49053","1":"product","2":"type-product","3":"status-publish","4":"has-post-thumbnail","6":"product_brand-artevasi","7":"product_cat-ghivece-masti","8":"product_cat-jardiniere","10":"first","11":"instock","12":"taxable","13":"shipping-taxable","14":"purchasable","15":"product-type-simple"},"_links":{"self":[{"href":"https:\/\/gradinar.ro\/en\/wp-json\/wp\/v2\/product\/49053","targetHints":{"allow":["GET"]}}],"collection":[{"href":"https:\/\/gradinar.ro\/en\/wp-json\/wp\/v2\/product"}],"about":[{"href":"https:\/\/gradinar.ro\/en\/wp-json\/wp\/v2\/types\/product"}],"wp:featuredmedia":[{"embeddable":true,"href":"https:\/\/gradinar.ro\/en\/wp-json\/wp\/v2\/media\/49039"}],"wp:attachment":[{"href":"https:\/\/gradinar.ro\/en\/wp-json\/wp\/v2\/media?parent=49053"}],"wp:term":[{"taxonomy":"brand","embeddable":true,"href":"https:\/\/gradinar.ro\/en\/wp-json\/wp\/v2\/etheme_brands?post=49053"},{"taxonomy":"product_brand","embeddable":true,"href":"https:\/\/gradinar.ro\/en\/wp-json\/wp\/v2\/product_brand?post=49053"},{"taxonomy":"product_cat","embeddable":true,"href":"https:\/\/gradinar.ro\/en\/wp-json\/wp\/v2\/product_cat?post=49053"},{"taxonomy":"product_tag","embeddable":true,"href":"https:\/\/gradinar.ro\/en\/wp-json\/wp\/v2\/product_tag?post=49053"}],"curies":[{"name":"wp","href":"https:\/\/api.w.org\/{rel}","templated":true}]}}