{"id":49519,"date":"2025-08-12T16:41:30","date_gmt":"2025-08-12T13:41:30","guid":{"rendered":"https:\/\/gradinar.ro\/produs\/jardiniera-din-teracota-siza-53cm-culoarea-natural\/"},"modified":"2025-08-12T17:35:22","modified_gmt":"2025-08-12T14:35:22","slug":"jardiniera-din-teracota-siza-53cm-culoarea-natural","status":"publish","type":"product","link":"https:\/\/gradinar.ro\/en\/produs\/jardiniera-din-teracota-siza-53cm-culoarea-natural\/","title":{"rendered":"Jardiniera din teracota Siza 53cm, culoarea natural"},"content":{"rendered":"<p>Inspirat\u0103 de cel mai premiat arhitect portughez, \u00c1lvaro Siza Vieira, aceast\u0103 jardiniera robust\u0103 pentru plante aduce via\u021b\u0103 \u00een orice mediu decorativ. \u00cembin\u00e2nd materialul tradi\u021bional cu designul s\u0103u contemporan, aceasta este o op\u021biune care marcheaz\u0103 versatilitatea \u0219i competitivitatea afacerii dumneavoastr\u0103. Disponibil\u0103 \u00een diferite dimensiuni \u0219i cu trei op\u021biuni de culoare \u00een tonuri de p\u0103m\u00e2nt, gama Siza este produs\u0103 cu resurse naturale \u00een fabrica noastr\u0103 de teracot\u0103 din Portugalia. Potrivit\u0103 pentru utilizare \u00een interior (cu o farfurie) \u0219i \u00een exterior, aceasta este o solu\u021bie ecologic\u0103, respirabil\u0103, cu o gaur\u0103 de drenaj.<\/p>\n","protected":false},"excerpt":{"rendered":"<p>Potrivite atat pentru interior cat si pentru exterior.<br \/>\nAre propriet\u0103\u021bi de rezisten\u021b\u0103 la \u00eenghe\u021b.<br \/>\nSunt produse din materiale naturale.<br \/>\nCu orificii de scurgere. [&#8230;]<\/p>\n<p><a class=\"btn btn-secondary understrap-read-more-link\" href=\"https:\/\/gradinar.ro\/en\/produs\/jardiniera-din-teracota-siza-53cm-culoarea-natural\/\">Mai mult&#8230;<\/a><\/p>\n","protected":false},"featured_media":49504,"template":"","meta":[],"etheme_brands":[],"product_brand":[495],"product_cat":[286,308],"product_tag":[],"class_list":{"0":"post-49519","1":"product","2":"type-product","3":"status-publish","4":"has-post-thumbnail","6":"product_brand-artevasi","7":"product_cat-ghivece-masti","8":"product_cat-jardiniere","10":"first","11":"instock","12":"taxable","13":"shipping-taxable","14":"purchasable","15":"product-type-simple"},"_links":{"self":[{"href":"https:\/\/gradinar.ro\/en\/wp-json\/wp\/v2\/product\/49519","targetHints":{"allow":["GET"]}}],"collection":[{"href":"https:\/\/gradinar.ro\/en\/wp-json\/wp\/v2\/product"}],"about":[{"href":"https:\/\/gradinar.ro\/en\/wp-json\/wp\/v2\/types\/product"}],"wp:featuredmedia":[{"embeddable":true,"href":"https:\/\/gradinar.ro\/en\/wp-json\/wp\/v2\/media\/49504"}],"wp:attachment":[{"href":"https:\/\/gradinar.ro\/en\/wp-json\/wp\/v2\/media?parent=49519"}],"wp:term":[{"taxonomy":"brand","embeddable":true,"href":"https:\/\/gradinar.ro\/en\/wp-json\/wp\/v2\/etheme_brands?post=49519"},{"taxonomy":"product_brand","embeddable":true,"href":"https:\/\/gradinar.ro\/en\/wp-json\/wp\/v2\/product_brand?post=49519"},{"taxonomy":"product_cat","embeddable":true,"href":"https:\/\/gradinar.ro\/en\/wp-json\/wp\/v2\/product_cat?post=49519"},{"taxonomy":"product_tag","embeddable":true,"href":"https:\/\/gradinar.ro\/en\/wp-json\/wp\/v2\/product_tag?post=49519"}],"curies":[{"name":"wp","href":"https:\/\/api.w.org\/{rel}","templated":true}]}}