{"id":49601,"date":"2025-08-12T16:43:10","date_gmt":"2025-08-12T13:43:10","guid":{"rendered":"https:\/\/gradinar.ro\/produs\/farfurie-pentru-jardiniera-venezia-50cm-culoarea-terra\/"},"modified":"2025-08-12T17:35:41","modified_gmt":"2025-08-12T14:35:41","slug":"farfurie-pentru-jardiniera-venezia-50cm-culoarea-terra","status":"publish","type":"product","link":"https:\/\/gradinar.ro\/en\/produs\/farfurie-pentru-jardiniera-venezia-50cm-culoarea-terra\/","title":{"rendered":"Farfurie pentru jardiniera Venezia 50cm, culoarea terra"},"content":{"rendered":"<p>Gama noastr\u0103 de farfurii este completarea perfect\u0103 pentru utilizare \u00een interior sau \u00een exterior, cu propriet\u0103\u021bi rezistente la \u00eenghe\u021b \u0219i fabricate din material reciclat. Farfurie rectangulara pentru jardiniera Venezia. Din plastic de foarte buna calitate, care se poate intretine usor cu o laveta umeda. Are rol de colectare a apei in exces provenite prin udare sau interperii. De asemenea, protejeaza suprafetele pe care sunt asezate jardinierele impotriva umiditatii.<\/p>\n","protected":false},"excerpt":{"rendered":"<p>Farfurie de form\u0103 dreptunghiular\u0103<br \/>\nConceput\u0103 pentru a sus\u021bine scurgerea apei<br \/>\nDiferite culori \u0219i dimensiuni.<br \/>\nRezisten\u021b\u0103 la \u00eenghe\u021b.<br \/>\nFabricat din material reciclat. [&#8230;]<\/p>\n<p><a class=\"btn btn-secondary understrap-read-more-link\" href=\"https:\/\/gradinar.ro\/en\/produs\/farfurie-pentru-jardiniera-venezia-50cm-culoarea-terra\/\">Mai mult&#8230;<\/a><\/p>\n","protected":false},"featured_media":49585,"template":"","meta":[],"etheme_brands":[],"product_brand":[495],"product_cat":[400,286],"product_tag":[],"class_list":{"0":"post-49601","1":"product","2":"type-product","3":"status-publish","4":"has-post-thumbnail","6":"product_brand-artevasi","7":"product_cat-farfurii-pentru-jardiniere","8":"product_cat-ghivece-masti","10":"first","11":"instock","12":"taxable","13":"shipping-taxable","14":"purchasable","15":"product-type-simple"},"_links":{"self":[{"href":"https:\/\/gradinar.ro\/en\/wp-json\/wp\/v2\/product\/49601","targetHints":{"allow":["GET"]}}],"collection":[{"href":"https:\/\/gradinar.ro\/en\/wp-json\/wp\/v2\/product"}],"about":[{"href":"https:\/\/gradinar.ro\/en\/wp-json\/wp\/v2\/types\/product"}],"wp:featuredmedia":[{"embeddable":true,"href":"https:\/\/gradinar.ro\/en\/wp-json\/wp\/v2\/media\/49585"}],"wp:attachment":[{"href":"https:\/\/gradinar.ro\/en\/wp-json\/wp\/v2\/media?parent=49601"}],"wp:term":[{"taxonomy":"brand","embeddable":true,"href":"https:\/\/gradinar.ro\/en\/wp-json\/wp\/v2\/etheme_brands?post=49601"},{"taxonomy":"product_brand","embeddable":true,"href":"https:\/\/gradinar.ro\/en\/wp-json\/wp\/v2\/product_brand?post=49601"},{"taxonomy":"product_cat","embeddable":true,"href":"https:\/\/gradinar.ro\/en\/wp-json\/wp\/v2\/product_cat?post=49601"},{"taxonomy":"product_tag","embeddable":true,"href":"https:\/\/gradinar.ro\/en\/wp-json\/wp\/v2\/product_tag?post=49601"}],"curies":[{"name":"wp","href":"https:\/\/api.w.org\/{rel}","templated":true}]}}