{"id":50236,"date":"2025-08-12T17:05:21","date_gmt":"2025-08-12T14:05:21","guid":{"rendered":"https:\/\/gradinar.ro\/produs\/green-basics-growpot-square-allin1-30cm-culoare-living-black\/"},"modified":"2025-09-02T17:04:27","modified_gmt":"2025-09-02T14:04:27","slug":"green-basics-growpot-square-allin1-30cm-culoare-living-black","status":"publish","type":"product","link":"https:\/\/gradinar.ro\/en\/produs\/green-basics-growpot-square-allin1-30cm-culoare-living-black\/","title":{"rendered":"green basics growpot square allin1 30cm, culoare living black"},"content":{"rendered":"<p style=\"margin-bottom: 1rem;font-family: BrandonGrotesque, Arial, sans-serif;font-size: 17px;letter-spacing: 0.4px\">Dori\u021bi s\u0103 \u00eencerca\u021bi s\u0103 v\u0103 cultiva\u021bi propriile fructe, legume \u0219i ierburi acas\u0103? Pute\u021bi \u00eencepe chiar acum cu growpotul p\u0103trat green basics growpot all-in-1. Acest ghiveci de cultivare p\u0103trat este exact ceea ce trebuie, oriunde dori\u021bi s\u0103 \u00eencepe\u021bi s\u0103 cultiva\u021bi. Apa este esen\u021bial\u0103 pentru o cre\u0219tere s\u0103n\u0103toas\u0103 a plantelor, a\u0219a c\u0103 acest vas de cultivare are un rezervor de ap\u0103 integrat. De asemenea, plantele mici trebuie s\u0103 fie bine protejate pe m\u0103sur\u0103 ce cresc. De aceea, acest ghiveci de cultivare este prev\u0103zut cu o cas\u0103 de cultur\u0103 integrat\u0103. Acesta este un produs de calitate superioar\u0103 de care v\u0103 pute\u021bi bucura mul\u021bi ani de acum \u00eencolo. Acest ghiveci de flori a fost realizat cu dragoste pentru natur\u0103: fabricat din plastic 100% reciclat, produs cu ajutorul energiei eoliene \u0219i 100% reciclabil.<\/p>\n<p style=\"margin-bottom: 1rem;font-family: BrandonGrotesque, Arial, sans-serif;font-size: 17px;letter-spacing: 0.4px\">Cultivarea propriei tale culturi<strong style=\"margin-top: 1rem\">a devenit u\u0219oar\u0103<\/strong><br \/>Cultivarea propriilor tale fructe, legume \u0219i ierburi este at\u00e2t de u\u0219oar\u0103 cu acest ghiveci. Rezervorul de ap\u0103 integrat preia sarcina de a se asigura c\u0103 plantele dvs. au \u00eentotdeauna suficient\u0103 ap\u0103.<\/p>\n<p style=\"margin-bottom: 1rem;font-family: BrandonGrotesque, Arial, sans-serif;font-size: 17px;letter-spacing: 0.4px\"><strong style=\"margin-top: 1rem\">Include<\/strong> o cas\u0103 de cultur\u0103<br \/>Acest growpot vine, de asemenea, cu o cas\u0103 de cultur\u0103 asortat\u0103, astfel \u00eenc\u00e2t semin\u021bele \u0219i plantele dvs. vor prospera, protejate de p\u0103s\u0103ri, ploaie \u0219i lumina direct\u0103 a soarelui. Un panou de ventila\u021bie glisant ajut\u0103 la reglarea temperaturii \u0219i a aportului de aer, \u00eencuraj\u00e2nd plantele dvs. s\u0103 creasc\u0103 mai repede.<\/p>\n<p style=\"margin-bottom: 1rem;font-family: BrandonGrotesque, Arial, sans-serif;font-size: 17px;letter-spacing: 0.4px\"><strong style=\"margin-top: 1rem\">Mai mult spa\u021biu, mai mult\u0103 verdea\u021b\u0103<\/strong><br \/>Toate aceste caracteristici practice se reunesc \u00een acest ghiveci de cultur\u0103 p\u0103trat, frumos \u0219i practic, care are mai mult spa\u021biu pentru sol \u0219i ap\u0103 dec\u00e2t ghiveciul rotund standard. Acest ghiveci de cultivare este disponibil \u00een mai multe dimensiuni pe care le pute\u021bi combina pentru a crea o gr\u0103din\u0103 de legume complet\u0103!<\/p>\n","protected":false},"excerpt":{"rendered":"<p>&lt;ul&gt;&lt;li&gt;&lt;span style=&#8221;caret-color: rgb(134, 142, 150); color: rgb(134, 142, 150); font-family: BrandonGrotesque, Arial, sans-serif; font-size: 17px; letter-spacing: 0.4px;&#8221;&gt;Fabricat din plastic 100% reciclat, realizat cu energie eolian\u0103, 100% reciclabil&lt;\/span&gt;&lt;br&gt;&lt;\/li&gt;&lt;li&gt;&lt;span style=&#8221;caret-color: rgb(134, 142, 150); color: rgb(134, 142, 150); font-family: BrandonGrotesque, Arial, sans-serif; font-size: 17px; letter-spacing: 0.4px;&#8221;&gt;Inclusiv capacul cutiei de cultivare; stimuleaz\u0103 cre\u0219terea \u0219i protejeaz\u0103 planta.&lt;\/span&gt;&lt;br&gt;&lt;\/li&gt;&lt;li&gt;&lt;span style=&#8221;caret-color: rgb(134, 142, 150); color: rgb(134, 142, 150); font-family: BrandonGrotesque, Arial, sans-serif; font-size: 17px; letter-spacing: 0.4px;&#8221;&gt;\u00cengrijire u\u0219oar\u0103 datorit\u0103 rezervorului de ap\u0103 \u00eencorporat.&lt;\/span&gt;&lt;br&gt;&lt;\/li&gt;&lt;\/ul&gt;&lt;p&gt;&lt;a href=&#8221;https:\/\/www.elho.com\/en\/products\/green-basics-growpot-square-allin1\/green-basics-growpot-square-allin1-35cm-leaf-green\/?lswitch=en-GB#productinfo&#8221; class=&#8221;productdetails__anchorlink&#8221; style=&#8221;box-shadow: none; outline: 0px; transition: var(&#8211;transition-default); line-height: 35px; background-image: linear-gradient(var(&#8211;green),var(&#8211;green)); background-position: 100% 100%; background-repeat: no-repeat; background-size: 100% 1px; caret-color: rgb(134, 142, 150); font-family: BrandonGrotesque, Arial, sans-serif; font-size: 17px; letter-spacing: 0.4px; background-color: rgb(255, 255, 255);&#8221;&gt;&lt;\/a&gt;&lt;br class=&#8221;Apple-interchange-newline&#8221; style=&#8221;caret-color: rgb(0, 0, 0); color: rgb(0, 0, 0);&#8221;&gt;&lt;\/p&gt; [&#8230;]<\/p>\n<p><a class=\"btn btn-secondary understrap-read-more-link\" href=\"https:\/\/gradinar.ro\/en\/produs\/green-basics-growpot-square-allin1-30cm-culoare-living-black\/\">Mai mult&#8230;<\/a><\/p>\n","protected":false},"featured_media":54197,"template":"","meta":[],"etheme_brands":[],"product_brand":[483],"product_cat":[304,286],"product_tag":[],"class_list":{"0":"post-50236","1":"product","2":"type-product","3":"status-publish","4":"has-post-thumbnail","6":"product_brand-elho","7":"product_cat-ghivece-productie","8":"product_cat-ghivece-masti","10":"first","11":"instock","12":"taxable","13":"shipping-taxable","14":"purchasable","15":"product-type-simple"},"_links":{"self":[{"href":"https:\/\/gradinar.ro\/en\/wp-json\/wp\/v2\/product\/50236","targetHints":{"allow":["GET"]}}],"collection":[{"href":"https:\/\/gradinar.ro\/en\/wp-json\/wp\/v2\/product"}],"about":[{"href":"https:\/\/gradinar.ro\/en\/wp-json\/wp\/v2\/types\/product"}],"wp:featuredmedia":[{"embeddable":true,"href":"https:\/\/gradinar.ro\/en\/wp-json\/wp\/v2\/media\/54197"}],"wp:attachment":[{"href":"https:\/\/gradinar.ro\/en\/wp-json\/wp\/v2\/media?parent=50236"}],"wp:term":[{"taxonomy":"brand","embeddable":true,"href":"https:\/\/gradinar.ro\/en\/wp-json\/wp\/v2\/etheme_brands?post=50236"},{"taxonomy":"product_brand","embeddable":true,"href":"https:\/\/gradinar.ro\/en\/wp-json\/wp\/v2\/product_brand?post=50236"},{"taxonomy":"product_cat","embeddable":true,"href":"https:\/\/gradinar.ro\/en\/wp-json\/wp\/v2\/product_cat?post=50236"},{"taxonomy":"product_tag","embeddable":true,"href":"https:\/\/gradinar.ro\/en\/wp-json\/wp\/v2\/product_tag?post=50236"}],"curies":[{"name":"wp","href":"https:\/\/api.w.org\/{rel}","templated":true}]}}