{"id":50438,"date":"2025-08-12T17:09:49","date_gmt":"2025-08-12T14:09:49","guid":{"rendered":"https:\/\/gradinar.ro\/produs\/green-basics-grow-tray-allin1-l-leaf-green\/"},"modified":"2025-09-02T19:03:34","modified_gmt":"2025-09-02T16:03:34","slug":"green-basics-grow-tray-allin1-l-leaf-green","status":"publish","type":"product","link":"https:\/\/gradinar.ro\/en\/produs\/green-basics-grow-tray-allin1-l-leaf-green\/","title":{"rendered":"green basics grow tray allin1 l leaf green"},"content":{"rendered":"<p style=\"margin-bottom: 1rem;font-family: BrandonGrotesque, Arial, sans-serif;font-size: 17px;letter-spacing: 0.4px\">Dori\u021bi s\u0103 \u00eencerca\u021bi s\u0103 v\u0103 cultiva\u021bi propriile fructe, legume \u0219i ierburi acas\u0103? Pute\u021bi \u00eencepe chiar acum cu tava de cultivare green basics all-in-1. Aceast\u0103 tav\u0103 de cultivare dreptunghiular\u0103, bine echipat\u0103, este exact ceea ce v\u0103 trebuie, oriunde dori\u021bi s\u0103 \u00eencepe\u021bi s\u0103 cultiva\u021bi. Apa este esen\u021bial\u0103 pentru o cre\u0219tere s\u0103n\u0103toas\u0103 a plantelor, iar aceast\u0103 tav\u0103 de cultivare are un rezervor de ap\u0103 integrat. De asemenea, plantele mici trebuie s\u0103 fie bine protejate pe m\u0103sur\u0103 ce cresc, a\u0219a c\u0103 aceast\u0103 tav\u0103 vine cu o cas\u0103 de cultur\u0103 integrat\u0103. Acesta este un produs de calitate superioar\u0103 de care v\u0103 pute\u021bi bucura mul\u021bi ani de acum \u00eencolo. Acest ghiveci de flori a fost realizat cu dragoste pentru natur\u0103: fabricat din plastic 100% reciclat, produs cu ajutorul energiei eoliene \u0219i 100% reciclabil.<\/p>\n<p style=\"margin-bottom: 1rem;font-family: BrandonGrotesque, Arial, sans-serif;font-size: 17px;letter-spacing: 0.4px\">Cultivarea propriei tale culturi<strong style=\"margin-top: 1rem\">a devenit u\u0219oar\u0103<\/strong><br \/>Cultivarea propriilor tale fructe, legume \u0219i ierburi este at\u00e2t de u\u0219oar\u0103 cu acest ghiveci. Rezervorul de ap\u0103 integrat preia sarcina de a se asigura c\u0103 plantele dvs. au \u00eentotdeauna suficient\u0103 ap\u0103.<\/p>\n<p style=\"margin-bottom: 1rem;font-family: BrandonGrotesque, Arial, sans-serif;font-size: 17px;letter-spacing: 0.4px\"><strong style=\"margin-top: 1rem\">Include un propagator<\/strong><br \/>Aceast\u0103 tav\u0103 de cultivare este \u00eenso\u021bit\u0103 \u0219i de o cas\u0103 de cultivare asortat\u0103, astfel \u00eenc\u00e2t semin\u021bele \u0219i plantele dvs. s\u0103 poat\u0103 prospera, protejate de p\u0103s\u0103ri, ploaie \u0219i lumina direct\u0103 a soarelui. Un panou de ventila\u021bie glisant ajut\u0103 la reglarea temperaturii \u0219i a aportului de aer pentru a crea condi\u021bii optime de cre\u0219tere, astfel \u00eenc\u00e2t plantele s\u0103 creasc\u0103 mai repede.<\/p>\n<p style=\"margin-bottom: 1rem;font-family: BrandonGrotesque, Arial, sans-serif;font-size: 17px;letter-spacing: 0.4px\"><strong style=\"margin-top: 1rem\">Amesteca\u021bi \u0219i potrivi\u021bi<\/strong><br \/>Toate aceste caracteristici practice sunt reunite \u00een aceast\u0103 cutie de cultivare dreptunghiular\u0103 frumoas\u0103 \u0219i practic\u0103. Tava de cultivare vine \u00een mai multe dimensiuni pe care le pute\u021bi combina pentru a crea o gr\u0103din\u0103 de legume complet\u0103!<\/p>\n","protected":false},"excerpt":{"rendered":"<p>Dori\u021bi s\u0103 \u00eencerca\u021bi s\u0103 v\u0103 cultiva\u021bi propriile fructe, legume \u0219i ierburi acas\u0103? Pute\u021bi \u00eencepe chiar acum cu tava de cultivare green basics all-in-1. Aceast\u0103 tav\u0103 de cultivare dreptunghiular\u0103, bine echipat\u0103, este exact ceea ce v\u0103 trebuie, oriunde dori\u021bi s\u0103 \u00eencepe\u021bi s\u0103 cultiva\u021bi. Apa este esen\u021bial\u0103 pentru o cre\u0219tere s\u0103n\u0103toas\u0103 a plantelor, iar aceast\u0103 tav\u0103 de [&#8230;]<\/p>\n<p><a class=\"btn btn-secondary understrap-read-more-link\" href=\"https:\/\/gradinar.ro\/en\/produs\/green-basics-grow-tray-allin1-l-leaf-green\/\">Mai mult&#8230;<\/a><\/p>\n","protected":false},"featured_media":56731,"template":"","meta":[],"etheme_brands":[],"product_brand":[483],"product_cat":[505],"product_tag":[],"class_list":{"0":"post-50438","1":"product","2":"type-product","3":"status-publish","4":"has-post-thumbnail","6":"product_brand-elho","7":"product_cat-idei-cadouri","9":"first","10":"instock","11":"taxable","12":"shipping-taxable","13":"purchasable","14":"product-type-simple"},"_links":{"self":[{"href":"https:\/\/gradinar.ro\/en\/wp-json\/wp\/v2\/product\/50438","targetHints":{"allow":["GET"]}}],"collection":[{"href":"https:\/\/gradinar.ro\/en\/wp-json\/wp\/v2\/product"}],"about":[{"href":"https:\/\/gradinar.ro\/en\/wp-json\/wp\/v2\/types\/product"}],"wp:featuredmedia":[{"embeddable":true,"href":"https:\/\/gradinar.ro\/en\/wp-json\/wp\/v2\/media\/56731"}],"wp:attachment":[{"href":"https:\/\/gradinar.ro\/en\/wp-json\/wp\/v2\/media?parent=50438"}],"wp:term":[{"taxonomy":"brand","embeddable":true,"href":"https:\/\/gradinar.ro\/en\/wp-json\/wp\/v2\/etheme_brands?post=50438"},{"taxonomy":"product_brand","embeddable":true,"href":"https:\/\/gradinar.ro\/en\/wp-json\/wp\/v2\/product_brand?post=50438"},{"taxonomy":"product_cat","embeddable":true,"href":"https:\/\/gradinar.ro\/en\/wp-json\/wp\/v2\/product_cat?post=50438"},{"taxonomy":"product_tag","embeddable":true,"href":"https:\/\/gradinar.ro\/en\/wp-json\/wp\/v2\/product_tag?post=50438"}],"curies":[{"name":"wp","href":"https:\/\/api.w.org\/{rel}","templated":true}]}}